{"id":23488,"date":"2026-03-31T09:33:30","date_gmt":"2026-03-31T07:33:30","guid":{"rendered":"https:\/\/flanca.si\/?post_type=product&#038;p=23488"},"modified":"2026-03-31T09:36:12","modified_gmt":"2026-03-31T07:36:12","slug":"japanischer-widerhaken-dunkelgrun-ilex-crenata-kopija","status":"publish","type":"product","link":"https:\/\/flanca.si\/de\/produkt\/japanischer-widerhaken-dunkelgrun-ilex-crenata-kopija\/","title":{"rendered":"Japanischer Widerhaken &#8222;Dunkelgr\u00fcn&#8220; (Ilex crenata) (Kopija)"},"content":{"rendered":"<p><strong>Ilex crenata &#8218;Dark Green&#8216;<\/strong> ist ein immergr\u00fcner Strauch, der f\u00fcr sein elegantes Aussehen und seine Vielseitigkeit gesch\u00e4tzt wird. Die Pflanze hat winzige, dunkelgr\u00fcne Bl\u00e4tter, die den Bl\u00e4ttern einer Pfanne \u00e4hneln, was sie zu einer beliebten Alternative f\u00fcr die Bildung von formellen Hecken und dekorativen Gartenelementen macht. Die Pflanze w\u00e4chst dicht und kompakt und erreicht eine H\u00f6he von bis zu 2 Metern, kann aber problemlos in einer niedrigeren H\u00f6he gehalten werden. Sie w\u00e4chst am besten an sonnigen oder halbschattigen Standorten, in gut durchl\u00e4ssigen, leicht sauren B\u00f6den. Es ist best\u00e4ndig gegen niedrige Temperaturen und pflegeleicht. Gie\u00dfen ist vor allem in Trockenperioden notwendig, aber f\u00fcr ein besseres Wachstum wird empfohlen, im Fr\u00fchjahr D\u00fcnger hinzuzuf\u00fcgen. Schneiden Sie im sp\u00e4ten Fr\u00fchjahr oder Sommer, um eine kompakte Form zu erhalten. Die Pflanze vertr\u00e4gt regelm\u00e4\u00dfige Haarschnitte und Formgebung gut. <strong>Ilex crenata &#8218;Dark Green&#8216;<\/strong> ist ideal f\u00fcr Hecken, Rabatten oder Topfpflanzungen. Seine Krankheitsresistenz und sein attraktives Aussehen machen ihn zu einer beliebten Wahl f\u00fcr formale G\u00e4rten oder moderne Au\u00dfenbereiche.  <\/p>\n","protected":false},"excerpt":{"rendered":"<ul>\n<li><em>Ilex crenata &#8218;Dark Green&#8216;<\/em><\/li>\n<li>Eine immergr\u00fcne Staude mit winzigen Bl\u00e4ttern, die einem Scheffel \u00e4hneln<\/li>\n<li>erreicht eine H\u00f6he von 2m, ist aber durch Beschneiden in einer niedrigeren H\u00f6he leicht zu pflegen<\/li>\n<li>Unempfindliche mehrj\u00e4hrige Pflanze, die gegen niedrige Temperaturen resistent ist<\/li>\n<li>Um eine kompakte Form zu erhalten, wird die Pflanze im sp\u00e4ten Fr\u00fchjahr oder Sommer beschnitten<\/li>\n<\/ul>\n<h4><strong>Verpackt 1 S\u00e4mling auf einmal!<\/strong><\/h4>\n","protected":false},"featured_media":12861,"template":"","meta":{"site-sidebar-layout":"default","site-content-layout":"default","ast-site-content-layout":"default","site-content-style":"default","site-sidebar-style":"default","ast-global-header-display":"","ast-banner-title-visibility":"","ast-main-header-display":"","ast-hfb-above-header-display":"","ast-hfb-below-header-display":"","ast-hfb-mobile-header-display":"","site-post-title":"","ast-breadcrumbs-content":"","ast-featured-img":"","footer-sml-layout":"","ast-disable-related-posts":"","theme-transparent-header-meta":"default","adv-header-id-meta":"","stick-header-meta":"default","header-above-stick-meta":"","header-main-stick-meta":"","header-below-stick-meta":"","astra-migrate-meta-layouts":"set","ast-page-background-enabled":"default","ast-page-background-meta":{"desktop":{"background-color":"","background-image":"","background-repeat":"repeat","background-position":"center center","background-size":"auto","background-attachment":"scroll","background-type":"","background-media":"","overlay-type":"","overlay-color":"","overlay-opacity":"","overlay-gradient":""},"tablet":{"background-color":"","background-image":"","background-repeat":"repeat","background-position":"center center","background-size":"auto","background-attachment":"scroll","background-type":"","background-media":"","overlay-type":"","overlay-color":"","overlay-opacity":"","overlay-gradient":""},"mobile":{"background-color":"","background-image":"","background-repeat":"repeat","background-position":"center center","background-size":"auto","background-attachment":"scroll","background-type":"","background-media":"","overlay-type":"","overlay-color":"","overlay-opacity":"","overlay-gradient":""}},"ast-content-background-meta":{"desktop":{"background-color":"var(--ast-global-color-5)","background-image":"","background-repeat":"repeat","background-position":"center center","background-size":"auto","background-attachment":"scroll","background-type":"","background-media":"","overlay-type":"","overlay-color":"","overlay-opacity":"","overlay-gradient":""},"tablet":{"background-color":"var(--ast-global-color-5)","background-image":"","background-repeat":"repeat","background-position":"center center","background-size":"auto","background-attachment":"scroll","background-type":"","background-media":"","overlay-type":"","overlay-color":"","overlay-opacity":"","overlay-gradient":""},"mobile":{"background-color":"var(--ast-global-color-5)","background-image":"","background-repeat":"repeat","background-position":"center center","background-size":"auto","background-attachment":"scroll","background-type":"","background-media":"","overlay-type":"","overlay-color":"","overlay-opacity":"","overlay-gradient":""}}},"product_brand":[],"product_cat":[960],"product_tag":[957,1074,1096,1516,874],"class_list":{"0":"post-23488","1":"product","2":"type-product","3":"status-publish","4":"has-post-thumbnail","6":"product_cat-straucher-und-baume","7":"product_tag-blumenbeete","8":"product_tag-dekorative-balken","9":"product_tag-hecken","10":"product_tag-ilex-de","11":"product_tag-immergrune-staude","12":"desktop-align-left","13":"tablet-align-left","14":"mobile-align-left","15":"ast-product-gallery-layout-horizontal","16":"ast-product-gallery-with-no-image","17":"ast-product-tabs-layout-horizontal","18":"ast-qv-on-image","20":"first","21":"instock","22":"taxable","23":"shipping-taxable","24":"purchasable","25":"product-type-simple"},"aioseo_notices":[],"_links":{"self":[{"href":"https:\/\/flanca.si\/de\/wp-json\/wp\/v2\/product\/23488","targetHints":{"allow":["GET"]}}],"collection":[{"href":"https:\/\/flanca.si\/de\/wp-json\/wp\/v2\/product"}],"about":[{"href":"https:\/\/flanca.si\/de\/wp-json\/wp\/v2\/types\/product"}],"wp:featuredmedia":[{"embeddable":true,"href":"https:\/\/flanca.si\/de\/wp-json\/wp\/v2\/media\/12861"}],"wp:attachment":[{"href":"https:\/\/flanca.si\/de\/wp-json\/wp\/v2\/media?parent=23488"}],"wp:term":[{"taxonomy":"product_brand","embeddable":true,"href":"https:\/\/flanca.si\/de\/wp-json\/wp\/v2\/product_brand?post=23488"},{"taxonomy":"product_cat","embeddable":true,"href":"https:\/\/flanca.si\/de\/wp-json\/wp\/v2\/product_cat?post=23488"},{"taxonomy":"product_tag","embeddable":true,"href":"https:\/\/flanca.si\/de\/wp-json\/wp\/v2\/product_tag?post=23488"}],"curies":[{"name":"wp","href":"https:\/\/api.w.org\/{rel}","templated":true}]}}