{"id":23463,"date":"2026-03-30T16:51:23","date_gmt":"2026-03-30T14:51:23","guid":{"rendered":"https:\/\/flanca.si\/?post_type=product&#038;p=23463"},"modified":"2026-03-30T17:00:50","modified_gmt":"2026-03-30T15:00:50","slug":"photinia-perfecta-kopija-2","status":"publish","type":"product","link":"https:\/\/flanca.si\/de\/produkt\/photinia-perfecta-kopija-2\/","title":{"rendered":"Photinia &#8218;Perfecta&#8216; (Kopija)"},"content":{"rendered":"<p>Photinia ist ein immergr\u00fcner Laubstrauch, der sich durch feuerrote Bl\u00e4tter auszeichnet, die sich mit der Zeit gr\u00fcn f\u00e4rben. Im April entwickelt die Pflanze winzige wei\u00dfe Bl\u00fcten, und im Herbst und Winter entwickeln sich daraus rote Fr\u00fcchte (ungenie\u00dfbar). Sie wird bis zu 5m hoch. Wir pflanzen 2-3 Setzlinge pro laufendem Meter, je nach gew\u00fcnschter Dichte. Die Pflanze w\u00e4chst besser auf sauren, neutralen B\u00f6den, sie vertr\u00e4gt auch alkalische B\u00f6den. Es eignet sich eher f\u00fcr Gebiete mit einem etwas milderen Winter. F\u00fcr optimale Bedingungen ist eine Fr\u00fchjahrsd\u00fcngung erforderlich. Die Pflanze eignet sich auch f\u00fcr Hecken. Um sie zu verdicken, muss sie regelm\u00e4\u00dfig beschnitten werden. Der Schnitt der Pflanzen erfolgt im Sommer (vor dem Winter). Die Sorte &#8218;Perfecta&#8216; \u00e4hnelt der Sorte &#8218;Red Robin&#8216; mit einigen Verbesserungen. Bei der Sorte Perfekta sind die \u00c4ste kr\u00e4ftiger. Die H\u00f6he des oberirdischen Teils des S\u00e4mlings: 15 &#8211; 20 cm   <\/p>\n<p>&nbsp;<\/p>\n","protected":false},"excerpt":{"rendered":"<ul>\n<li>Photinia fraseri &#8218;Perfecta&#8216;<\/li>\n<li>\u00e4hnliche Sorte wie &#8218;Red Robin&#8216;<\/li>\n<li>Immergr\u00fcner Strauch<\/li>\n<li>auch n\u00fctzlich f\u00fcr Hecken<\/li>\n<li>junge Bl\u00e4tter von r\u00f6tlicher Farbe<\/li>\n<li>H\u00f6he der S\u00e4mlinge: 15 &#8211; 20 cm<\/li>\n<\/ul>\n<h4><strong>Verpackt 1 S\u00e4mling auf einmal!<\/strong><\/h4>\n","protected":false},"featured_media":23468,"template":"","meta":{"site-sidebar-layout":"default","site-content-layout":"default","ast-site-content-layout":"default","site-content-style":"default","site-sidebar-style":"default","ast-global-header-display":"","ast-banner-title-visibility":"","ast-main-header-display":"","ast-hfb-above-header-display":"","ast-hfb-below-header-display":"","ast-hfb-mobile-header-display":"","site-post-title":"","ast-breadcrumbs-content":"","ast-featured-img":"","footer-sml-layout":"","ast-disable-related-posts":"","theme-transparent-header-meta":"default","adv-header-id-meta":"","stick-header-meta":"default","header-above-stick-meta":"","header-main-stick-meta":"","header-below-stick-meta":"","astra-migrate-meta-layouts":"set","ast-page-background-enabled":"default","ast-page-background-meta":{"desktop":{"background-color":"","background-image":"","background-repeat":"repeat","background-position":"center center","background-size":"auto","background-attachment":"scroll","background-type":"","background-media":"","overlay-type":"","overlay-color":"","overlay-opacity":"","overlay-gradient":""},"tablet":{"background-color":"","background-image":"","background-repeat":"repeat","background-position":"center center","background-size":"auto","background-attachment":"scroll","background-type":"","background-media":"","overlay-type":"","overlay-color":"","overlay-opacity":"","overlay-gradient":""},"mobile":{"background-color":"","background-image":"","background-repeat":"repeat","background-position":"center center","background-size":"auto","background-attachment":"scroll","background-type":"","background-media":"","overlay-type":"","overlay-color":"","overlay-opacity":"","overlay-gradient":""}},"ast-content-background-meta":{"desktop":{"background-color":"var(--ast-global-color-5)","background-image":"","background-repeat":"repeat","background-position":"center center","background-size":"auto","background-attachment":"scroll","background-type":"","background-media":"","overlay-type":"","overlay-color":"","overlay-opacity":"","overlay-gradient":""},"tablet":{"background-color":"var(--ast-global-color-5)","background-image":"","background-repeat":"repeat","background-position":"center center","background-size":"auto","background-attachment":"scroll","background-type":"","background-media":"","overlay-type":"","overlay-color":"","overlay-opacity":"","overlay-gradient":""},"mobile":{"background-color":"var(--ast-global-color-5)","background-image":"","background-repeat":"repeat","background-position":"center center","background-size":"auto","background-attachment":"scroll","background-type":"","background-media":"","overlay-type":"","overlay-color":"","overlay-opacity":"","overlay-gradient":""}}},"product_brand":[],"product_cat":[960],"product_tag":[951,874,950],"class_list":{"0":"post-23463","1":"product","2":"type-product","3":"status-publish","4":"has-post-thumbnail","6":"product_cat-straucher-und-baume","7":"product_tag-hecke","8":"product_tag-immergrune-staude","9":"product_tag-strauch","10":"desktop-align-left","11":"tablet-align-left","12":"mobile-align-left","13":"ast-product-gallery-layout-horizontal","14":"ast-product-tabs-layout-horizontal","15":"ast-qv-on-image","17":"first","18":"instock","19":"taxable","20":"shipping-taxable","21":"purchasable","22":"product-type-simple"},"aioseo_notices":[],"_links":{"self":[{"href":"https:\/\/flanca.si\/de\/wp-json\/wp\/v2\/product\/23463","targetHints":{"allow":["GET"]}}],"collection":[{"href":"https:\/\/flanca.si\/de\/wp-json\/wp\/v2\/product"}],"about":[{"href":"https:\/\/flanca.si\/de\/wp-json\/wp\/v2\/types\/product"}],"wp:featuredmedia":[{"embeddable":true,"href":"https:\/\/flanca.si\/de\/wp-json\/wp\/v2\/media\/23468"}],"wp:attachment":[{"href":"https:\/\/flanca.si\/de\/wp-json\/wp\/v2\/media?parent=23463"}],"wp:term":[{"taxonomy":"product_brand","embeddable":true,"href":"https:\/\/flanca.si\/de\/wp-json\/wp\/v2\/product_brand?post=23463"},{"taxonomy":"product_cat","embeddable":true,"href":"https:\/\/flanca.si\/de\/wp-json\/wp\/v2\/product_cat?post=23463"},{"taxonomy":"product_tag","embeddable":true,"href":"https:\/\/flanca.si\/de\/wp-json\/wp\/v2\/product_tag?post=23463"}],"curies":[{"name":"wp","href":"https:\/\/api.w.org\/{rel}","templated":true}]}}