{"id":23453,"date":"2026-03-30T16:10:20","date_gmt":"2026-03-30T14:10:20","guid":{"rendered":"https:\/\/flanca.si\/?post_type=product&#038;p=23453"},"modified":"2026-03-30T16:50:19","modified_gmt":"2026-03-30T14:50:19","slug":"winterhart-kriechend-emerald-gaiety-kopija","status":"publish","type":"product","link":"https:\/\/flanca.si\/de\/produkt\/winterhart-kriechend-emerald-gaiety-kopija\/","title":{"rendered":"Winterhart, kriechend, Emerald Gaiety (Kopija)"},"content":{"rendered":"<p>Die kriechende, winterharte Emerald Gaiety (Euonymus fortunei) ist eine immergr\u00fcne Kletterpflanze, die sich auch als Deckpflanze eignet. Wenn man sie frei wachsen l\u00e4sst, w\u00e4chst sie an der St\u00fctze bis zu 2 m hoch. Dunkelgr\u00fcne, 3 cm breite Bl\u00e4tter haben wei\u00dfe asymmetrische R\u00e4nder, im Herbst f\u00e4rben sie sich br\u00e4unlich-rot mit rosa Rand. Sie bl\u00fcht in sonnigen, halbschattigen und sogar schattigen Bereichen. Pro Quadrat werden ca. 7-10 Setzlinge gepflanzt. Die H\u00f6he des oberirdischen Teils des S\u00e4mlings: 25 cm   <\/p>\n","protected":false},"excerpt":{"rendered":"<ul>\n<li><em>Euonymus fortunei  <\/em><\/li>\n<li>Immergr\u00fcn<\/li>\n<li>Kletterpflanze oder Bodendeckerpflanze<\/li>\n<li>Attraktive gr\u00fcne Bl\u00e4tter mit wei\u00dfen Flecken<\/li>\n<li>Geeignet f\u00fcr alle Arten von B\u00f6den<\/li>\n<li>H\u00f6he des S\u00e4mlings: 25 cm<\/li>\n<\/ul>\n<h3><strong>Verpackt 1 S\u00e4mling auf einmal!<\/strong><\/h3>\n","protected":false},"featured_media":23461,"template":"","meta":{"site-sidebar-layout":"default","site-content-layout":"default","ast-site-content-layout":"default","site-content-style":"default","site-sidebar-style":"default","ast-global-header-display":"","ast-banner-title-visibility":"","ast-main-header-display":"","ast-hfb-above-header-display":"","ast-hfb-below-header-display":"","ast-hfb-mobile-header-display":"","site-post-title":"","ast-breadcrumbs-content":"","ast-featured-img":"","footer-sml-layout":"","ast-disable-related-posts":"","theme-transparent-header-meta":"default","adv-header-id-meta":"","stick-header-meta":"default","header-above-stick-meta":"","header-main-stick-meta":"","header-below-stick-meta":"","astra-migrate-meta-layouts":"set","ast-page-background-enabled":"default","ast-page-background-meta":{"desktop":{"background-color":"","background-image":"","background-repeat":"repeat","background-position":"center center","background-size":"auto","background-attachment":"scroll","background-type":"","background-media":"","overlay-type":"","overlay-color":"","overlay-opacity":"","overlay-gradient":""},"tablet":{"background-color":"","background-image":"","background-repeat":"repeat","background-position":"center center","background-size":"auto","background-attachment":"scroll","background-type":"","background-media":"","overlay-type":"","overlay-color":"","overlay-opacity":"","overlay-gradient":""},"mobile":{"background-color":"","background-image":"","background-repeat":"repeat","background-position":"center center","background-size":"auto","background-attachment":"scroll","background-type":"","background-media":"","overlay-type":"","overlay-color":"","overlay-opacity":"","overlay-gradient":""}},"ast-content-background-meta":{"desktop":{"background-color":"var(--ast-global-color-5)","background-image":"","background-repeat":"repeat","background-position":"center center","background-size":"auto","background-attachment":"scroll","background-type":"","background-media":"","overlay-type":"","overlay-color":"","overlay-opacity":"","overlay-gradient":""},"tablet":{"background-color":"var(--ast-global-color-5)","background-image":"","background-repeat":"repeat","background-position":"center center","background-size":"auto","background-attachment":"scroll","background-type":"","background-media":"","overlay-type":"","overlay-color":"","overlay-opacity":"","overlay-gradient":""},"mobile":{"background-color":"var(--ast-global-color-5)","background-image":"","background-repeat":"repeat","background-position":"center center","background-size":"auto","background-attachment":"scroll","background-type":"","background-media":"","overlay-type":"","overlay-color":"","overlay-opacity":"","overlay-gradient":""}}},"product_brand":[],"product_cat":[960],"product_tag":[985,874,1167],"class_list":{"0":"post-23453","1":"product","2":"type-product","3":"status-publish","4":"has-post-thumbnail","6":"product_cat-straucher-und-baume","7":"product_tag-busche","8":"product_tag-immergrune-staude","9":"product_tag-tnaflix","10":"desktop-align-left","11":"tablet-align-left","12":"mobile-align-left","13":"ast-product-gallery-layout-horizontal","14":"ast-product-tabs-layout-horizontal","15":"ast-qv-on-image","17":"first","18":"instock","19":"taxable","20":"shipping-taxable","21":"purchasable","22":"product-type-simple"},"aioseo_notices":[],"_links":{"self":[{"href":"https:\/\/flanca.si\/de\/wp-json\/wp\/v2\/product\/23453","targetHints":{"allow":["GET"]}}],"collection":[{"href":"https:\/\/flanca.si\/de\/wp-json\/wp\/v2\/product"}],"about":[{"href":"https:\/\/flanca.si\/de\/wp-json\/wp\/v2\/types\/product"}],"wp:featuredmedia":[{"embeddable":true,"href":"https:\/\/flanca.si\/de\/wp-json\/wp\/v2\/media\/23461"}],"wp:attachment":[{"href":"https:\/\/flanca.si\/de\/wp-json\/wp\/v2\/media?parent=23453"}],"wp:term":[{"taxonomy":"product_brand","embeddable":true,"href":"https:\/\/flanca.si\/de\/wp-json\/wp\/v2\/product_brand?post=23453"},{"taxonomy":"product_cat","embeddable":true,"href":"https:\/\/flanca.si\/de\/wp-json\/wp\/v2\/product_cat?post=23453"},{"taxonomy":"product_tag","embeddable":true,"href":"https:\/\/flanca.si\/de\/wp-json\/wp\/v2\/product_tag?post=23453"}],"curies":[{"name":"wp","href":"https:\/\/api.w.org\/{rel}","templated":true}]}}