{"id":23388,"date":"2026-03-26T19:45:12","date_gmt":"2026-03-26T18:45:12","guid":{"rendered":"https:\/\/flanca.si\/?post_type=product&#038;p=23388"},"modified":"2026-03-26T19:59:29","modified_gmt":"2026-03-26T18:59:29","slug":"pennisetum-hameln-kopija-kopija","status":"publish","type":"product","link":"https:\/\/flanca.si\/de\/produkt\/pennisetum-hameln-kopija-kopija\/","title":{"rendered":"Pennisetum &#8218;Hameln&#8216; (Kopija) (Kopija)"},"content":{"rendered":"<p>Die Bl\u00fcten sind wei\u00df-rosa und \u00e4hneln Rispen. Die Blumen eignen sich sowohl f\u00fcr frische als auch f\u00fcr getrocknete Blumenarrangements. Die Bl\u00e4tter sind gr\u00fcn gef\u00e4rbt und f\u00e4rben sich im Herbst goldgelb. Sie wird bis zu 60cm hoch. Das Federkraut bevorzugt einen sonnigen bis halbschattigen Standort und einen normalerweise feuchten und drainierenden Standort. Sie eignet sich f\u00fcr die Bepflanzung in Gartenbeeten, Tr\u00f6gen oder als Solit\u00e4rpflanze. Auf<sup>m 2<\/sup> pflanzen Sie 3 bis 5 Pflanzen.  <\/p>\n","protected":false},"excerpt":{"rendered":"<ul>\n<li><em>Pennisetum alopecuroides &#8218;Hameln&#8216;<\/em><\/li>\n<li>Die Bl\u00e4tter sind gr\u00fcn gef\u00e4rbt und f\u00e4rben sich im Herbst goldgelb<\/li>\n<li>Die Bl\u00fcten sind rosa gef\u00e4rbt und \u00e4hneln Rispen<\/li>\n<li>H\u00f6he bis 60 cm<\/li>\n<\/ul>\n<h4><strong>Verpackt 1 S\u00e4mling auf einmal!<\/strong><\/h4>\n","protected":false},"featured_media":23393,"template":"","meta":{"site-sidebar-layout":"default","site-content-layout":"default","ast-site-content-layout":"default","site-content-style":"default","site-sidebar-style":"default","ast-global-header-display":"","ast-banner-title-visibility":"","ast-main-header-display":"","ast-hfb-above-header-display":"","ast-hfb-below-header-display":"","ast-hfb-mobile-header-display":"","site-post-title":"","ast-breadcrumbs-content":"","ast-featured-img":"","footer-sml-layout":"","ast-disable-related-posts":"","theme-transparent-header-meta":"default","adv-header-id-meta":"","stick-header-meta":"default","header-above-stick-meta":"","header-main-stick-meta":"","header-below-stick-meta":"","astra-migrate-meta-layouts":"set","ast-page-background-enabled":"default","ast-page-background-meta":{"desktop":{"background-color":"","background-image":"","background-repeat":"repeat","background-position":"center center","background-size":"auto","background-attachment":"scroll","background-type":"","background-media":"","overlay-type":"","overlay-color":"","overlay-opacity":"","overlay-gradient":""},"tablet":{"background-color":"","background-image":"","background-repeat":"repeat","background-position":"center center","background-size":"auto","background-attachment":"scroll","background-type":"","background-media":"","overlay-type":"","overlay-color":"","overlay-opacity":"","overlay-gradient":""},"mobile":{"background-color":"","background-image":"","background-repeat":"repeat","background-position":"center center","background-size":"auto","background-attachment":"scroll","background-type":"","background-media":"","overlay-type":"","overlay-color":"","overlay-opacity":"","overlay-gradient":""}},"ast-content-background-meta":{"desktop":{"background-color":"var(--ast-global-color-5)","background-image":"","background-repeat":"repeat","background-position":"center center","background-size":"auto","background-attachment":"scroll","background-type":"","background-media":"","overlay-type":"","overlay-color":"","overlay-opacity":"","overlay-gradient":""},"tablet":{"background-color":"var(--ast-global-color-5)","background-image":"","background-repeat":"repeat","background-position":"center center","background-size":"auto","background-attachment":"scroll","background-type":"","background-media":"","overlay-type":"","overlay-color":"","overlay-opacity":"","overlay-gradient":""},"mobile":{"background-color":"var(--ast-global-color-5)","background-image":"","background-repeat":"repeat","background-position":"center center","background-size":"auto","background-attachment":"scroll","background-type":"","background-media":"","overlay-type":"","overlay-color":"","overlay-opacity":"","overlay-gradient":""}}},"product_brand":[],"product_cat":[1078],"product_tag":[1089,1077,963],"class_list":{"0":"post-23388","1":"product","2":"type-product","3":"status-publish","4":"has-post-thumbnail","6":"product_cat-ziergraser","7":"product_tag-gras","8":"product_tag-ziergras","9":"product_tag-zierpflanze","10":"desktop-align-left","11":"tablet-align-left","12":"mobile-align-left","13":"ast-product-gallery-layout-horizontal","14":"ast-product-gallery-with-no-image","15":"ast-product-tabs-layout-horizontal","16":"ast-qv-on-image","18":"first","19":"instock","20":"taxable","21":"shipping-taxable","22":"purchasable","23":"product-type-simple"},"aioseo_notices":[],"_links":{"self":[{"href":"https:\/\/flanca.si\/de\/wp-json\/wp\/v2\/product\/23388","targetHints":{"allow":["GET"]}}],"collection":[{"href":"https:\/\/flanca.si\/de\/wp-json\/wp\/v2\/product"}],"about":[{"href":"https:\/\/flanca.si\/de\/wp-json\/wp\/v2\/types\/product"}],"wp:featuredmedia":[{"embeddable":true,"href":"https:\/\/flanca.si\/de\/wp-json\/wp\/v2\/media\/23393"}],"wp:attachment":[{"href":"https:\/\/flanca.si\/de\/wp-json\/wp\/v2\/media?parent=23388"}],"wp:term":[{"taxonomy":"product_brand","embeddable":true,"href":"https:\/\/flanca.si\/de\/wp-json\/wp\/v2\/product_brand?post=23388"},{"taxonomy":"product_cat","embeddable":true,"href":"https:\/\/flanca.si\/de\/wp-json\/wp\/v2\/product_cat?post=23388"},{"taxonomy":"product_tag","embeddable":true,"href":"https:\/\/flanca.si\/de\/wp-json\/wp\/v2\/product_tag?post=23388"}],"curies":[{"name":"wp","href":"https:\/\/api.w.org\/{rel}","templated":true}]}}