{"id":23347,"date":"2026-03-25T19:44:28","date_gmt":"2026-03-25T18:44:28","guid":{"rendered":"https:\/\/flanca.si\/?post_type=product&#038;p=23347"},"modified":"2026-03-25T19:56:52","modified_gmt":"2026-03-25T18:56:52","slug":"japanischer-ahorn-flauschiger-orange-dream-kopija-kopija-2","status":"publish","type":"product","link":"https:\/\/flanca.si\/de\/produkt\/japanischer-ahorn-flauschiger-orange-dream-kopija-kopija-2\/","title":{"rendered":"Japanischer Ahorn, flauschiger &#8218;Orange Dream&#8216; (Kopija) (Kopija)"},"content":{"rendered":"<p>Die Sorte Orange Dream ist eine langsam wachsende Ahornsorte, die bis zu 2,5 m hoch wird. Im Fr\u00fchling wird das Laub in Orange- und Gelbt\u00f6nen gef\u00e4rbt, sp\u00e4ter wird es zu einem sch\u00f6nen hellgr\u00fcnen Farbton und im Herbst wird es wieder gef\u00e4rbt. Es ist ein unpr\u00e4tenti\u00f6ser Baum, der im Halbschatten wundersch\u00f6n w\u00e4chst. Er ist ideal f\u00fcr kleine G\u00e4rten, Atrien, als Solit\u00e4r oder in der Gruppe mit anderen Ahornb\u00e4umen. Die H\u00f6he des oberirdischen Teils des S\u00e4mlings: 30 &#8211; 4o cm  <\/p>\n","protected":false},"excerpt":{"rendered":"<ul>\n<li><em>  Acer palmatum &#8218;Orange Dream&#8216;<\/em><\/li>\n<li>Langsam wachsender Japanischer Ahorn<\/li>\n<li>Im Fr\u00fchling f\u00e4rbt sich das Laub in Oranget\u00f6nen<\/li>\n<li>ideal f\u00fcr kleine G\u00e4rten und Atrien<\/li>\n<li>H\u00f6he des S\u00e4mlings: 30 &#8211; 40 cm<\/li>\n<\/ul>\n<h3><strong>Verpackt 1 S\u00e4mling auf einmal!<\/strong><\/h3>\n","protected":false},"featured_media":23351,"template":"","meta":{"site-sidebar-layout":"default","site-content-layout":"default","ast-site-content-layout":"default","site-content-style":"default","site-sidebar-style":"default","ast-global-header-display":"","ast-banner-title-visibility":"","ast-main-header-display":"","ast-hfb-above-header-display":"","ast-hfb-below-header-display":"","ast-hfb-mobile-header-display":"","site-post-title":"","ast-breadcrumbs-content":"","ast-featured-img":"","footer-sml-layout":"","ast-disable-related-posts":"","theme-transparent-header-meta":"default","adv-header-id-meta":"","stick-header-meta":"default","header-above-stick-meta":"","header-main-stick-meta":"","header-below-stick-meta":"","astra-migrate-meta-layouts":"set","ast-page-background-enabled":"default","ast-page-background-meta":{"desktop":{"background-color":"","background-image":"","background-repeat":"repeat","background-position":"center center","background-size":"auto","background-attachment":"scroll","background-type":"","background-media":"","overlay-type":"","overlay-color":"","overlay-opacity":"","overlay-gradient":""},"tablet":{"background-color":"","background-image":"","background-repeat":"repeat","background-position":"center center","background-size":"auto","background-attachment":"scroll","background-type":"","background-media":"","overlay-type":"","overlay-color":"","overlay-opacity":"","overlay-gradient":""},"mobile":{"background-color":"","background-image":"","background-repeat":"repeat","background-position":"center center","background-size":"auto","background-attachment":"scroll","background-type":"","background-media":"","overlay-type":"","overlay-color":"","overlay-opacity":"","overlay-gradient":""}},"ast-content-background-meta":{"desktop":{"background-color":"var(--ast-global-color-5)","background-image":"","background-repeat":"repeat","background-position":"center center","background-size":"auto","background-attachment":"scroll","background-type":"","background-media":"","overlay-type":"","overlay-color":"","overlay-opacity":"","overlay-gradient":""},"tablet":{"background-color":"var(--ast-global-color-5)","background-image":"","background-repeat":"repeat","background-position":"center center","background-size":"auto","background-attachment":"scroll","background-type":"","background-media":"","overlay-type":"","overlay-color":"","overlay-opacity":"","overlay-gradient":""},"mobile":{"background-color":"var(--ast-global-color-5)","background-image":"","background-repeat":"repeat","background-position":"center center","background-size":"auto","background-attachment":"scroll","background-type":"","background-media":"","overlay-type":"","overlay-color":"","overlay-opacity":"","overlay-gradient":""}}},"product_brand":[],"product_cat":[960],"product_tag":[1106,1104,1001],"class_list":{"0":"post-23347","1":"product","2":"type-product","3":"status-publish","4":"has-post-thumbnail","6":"product_cat-straucher-und-baume","7":"product_tag-ahorn","8":"product_tag-dekorative-balken-de","9":"product_tag-zierbaume","10":"desktop-align-left","11":"tablet-align-left","12":"mobile-align-left","13":"ast-product-gallery-layout-horizontal","14":"ast-product-tabs-layout-horizontal","15":"ast-qv-on-image","17":"first","18":"instock","19":"taxable","20":"shipping-taxable","21":"purchasable","22":"product-type-simple"},"aioseo_notices":[],"_links":{"self":[{"href":"https:\/\/flanca.si\/de\/wp-json\/wp\/v2\/product\/23347","targetHints":{"allow":["GET"]}}],"collection":[{"href":"https:\/\/flanca.si\/de\/wp-json\/wp\/v2\/product"}],"about":[{"href":"https:\/\/flanca.si\/de\/wp-json\/wp\/v2\/types\/product"}],"wp:featuredmedia":[{"embeddable":true,"href":"https:\/\/flanca.si\/de\/wp-json\/wp\/v2\/media\/23351"}],"wp:attachment":[{"href":"https:\/\/flanca.si\/de\/wp-json\/wp\/v2\/media?parent=23347"}],"wp:term":[{"taxonomy":"product_brand","embeddable":true,"href":"https:\/\/flanca.si\/de\/wp-json\/wp\/v2\/product_brand?post=23347"},{"taxonomy":"product_cat","embeddable":true,"href":"https:\/\/flanca.si\/de\/wp-json\/wp\/v2\/product_cat?post=23347"},{"taxonomy":"product_tag","embeddable":true,"href":"https:\/\/flanca.si\/de\/wp-json\/wp\/v2\/product_tag?post=23347"}],"curies":[{"name":"wp","href":"https:\/\/api.w.org\/{rel}","templated":true}]}}