{"id":23237,"date":"2026-03-18T06:24:15","date_gmt":"2026-03-18T05:24:15","guid":{"rendered":"https:\/\/flanca.si\/?post_type=product&#038;p=23237"},"modified":"2026-03-18T06:28:51","modified_gmt":"2026-03-18T05:28:51","slug":"kirschbirne-greatberry-aroma-kopija-kopija","status":"publish","type":"product","link":"https:\/\/flanca.si\/de\/produkt\/kirschbirne-greatberry-aroma-kopija-kopija\/","title":{"rendered":"Kirschbirne &#8218;Greatberry Aroma&#8216; (Kopija) (Kopija)"},"content":{"rendered":"<p><strong>Die Eichh\u00f6rnchenbirne<\/strong> (<em>Amelanchier spp.)<\/em> ist ein vielseitiger Strauch oder kleiner Baum, der wegen seines dekorativen Wertes und seiner essbaren Fr\u00fcchte gesch\u00e4tzt wird. Die Pflanze wird je nach Sorte 3 bis 6 Meter hoch und hat eine elegante, verzweigte Krone. Im Fr\u00fchling bietet sie eine F\u00fclle von wei\u00dfen, sternf\u00f6rmigen Bl\u00fcten, die Best\u00e4uber anziehen, und im Sommer tr\u00e4gt sie kleine blauschwarze Beeren, die s\u00fc\u00df im Geschmack und reich an Vitaminen sind. Im Herbst leuchtet das Laub in warmen Rot-, Orange- und Gelbt\u00f6nen. Die Eibischbirne ist unpr\u00e4tenti\u00f6s zu pflegen. Sie gedeiht an sonnigen bis halbschattigen Standorten in gut durchl\u00e4ssigen B\u00f6den. Es ist resistent gegen K\u00e4lte und Krankheiten. Gie\u00dfen ist nur bei l\u00e4ngeren Trockenperioden notwendig. Der R\u00fcckschnitt erfolgt im zeitigen Fr\u00fchjahr oder nach der Ernte der Fr\u00fcchte, um die Form zu erhalten und alte oder besch\u00e4digte \u00c4ste zu entfernen. Sie wird aufgrund ihres attraktiven Aussehens zu allen Jahreszeiten als Zierpflanze in G\u00e4rten und Parks verwendet. Die Beeren eignen sich zum Verzehr frisch oder zur Verarbeitung zu Marmeladen und S\u00e4ften. Die Eibirne eignet sich auch hervorragend, um V\u00f6gel und Best\u00e4uber in den Garten zu locken.   <\/p>\n<p><span style=\"font-size: 16px;\">Die Sorte Greatberry Aroma geh\u00f6rt zu den sp\u00e4ten Sorten der Eibischbirne, und die Fr\u00fcchte sind ber\u00fchmt f\u00fcr ihren au\u00dfergew\u00f6hnlichen Geschmack. Die Bl\u00e4tter f\u00e4rben sich im Herbst wundersch\u00f6n goldgelb. <\/span><\/p>\n<p>Die H\u00f6he des oberirdischen Teils des S\u00e4mlings: 20 cm<\/p>\n<p>&nbsp;<\/p>\n","protected":false},"excerpt":{"rendered":"<ul>\n<li><em>Amelanchier alnifolia<\/em><\/li>\n<li>sch\u00f6ner fr\u00fchlingsbl\u00fchender Strauch oder kleinerer Baum<\/li>\n<li>essbare Fr\u00fcchte, extrem aromatisch<\/li>\n<li>Attraktives goldgelbes Laub im Herbst<\/li>\n<li>H\u00f6he des S\u00e4mlings: 20 cm<\/li>\n<\/ul>\n<h4><strong>Verpackt 1 S\u00e4mling auf einmal!<\/strong><\/h4>\n","protected":false},"featured_media":23241,"template":"","meta":{"site-sidebar-layout":"default","site-content-layout":"default","ast-site-content-layout":"default","site-content-style":"default","site-sidebar-style":"default","ast-global-header-display":"","ast-banner-title-visibility":"","ast-main-header-display":"","ast-hfb-above-header-display":"","ast-hfb-below-header-display":"","ast-hfb-mobile-header-display":"","site-post-title":"","ast-breadcrumbs-content":"","ast-featured-img":"","footer-sml-layout":"","ast-disable-related-posts":"","theme-transparent-header-meta":"default","adv-header-id-meta":"","stick-header-meta":"default","header-above-stick-meta":"","header-main-stick-meta":"","header-below-stick-meta":"","astra-migrate-meta-layouts":"set","ast-page-background-enabled":"default","ast-page-background-meta":{"desktop":{"background-color":"","background-image":"","background-repeat":"repeat","background-position":"center center","background-size":"auto","background-attachment":"scroll","background-type":"","background-media":"","overlay-type":"","overlay-color":"","overlay-opacity":"","overlay-gradient":""},"tablet":{"background-color":"","background-image":"","background-repeat":"repeat","background-position":"center center","background-size":"auto","background-attachment":"scroll","background-type":"","background-media":"","overlay-type":"","overlay-color":"","overlay-opacity":"","overlay-gradient":""},"mobile":{"background-color":"","background-image":"","background-repeat":"repeat","background-position":"center center","background-size":"auto","background-attachment":"scroll","background-type":"","background-media":"","overlay-type":"","overlay-color":"","overlay-opacity":"","overlay-gradient":""}},"ast-content-background-meta":{"desktop":{"background-color":"var(--ast-global-color-5)","background-image":"","background-repeat":"repeat","background-position":"center center","background-size":"auto","background-attachment":"scroll","background-type":"","background-media":"","overlay-type":"","overlay-color":"","overlay-opacity":"","overlay-gradient":""},"tablet":{"background-color":"var(--ast-global-color-5)","background-image":"","background-repeat":"repeat","background-position":"center center","background-size":"auto","background-attachment":"scroll","background-type":"","background-media":"","overlay-type":"","overlay-color":"","overlay-opacity":"","overlay-gradient":""},"mobile":{"background-color":"var(--ast-global-color-5)","background-image":"","background-repeat":"repeat","background-position":"center center","background-size":"auto","background-attachment":"scroll","background-type":"","background-media":"","overlay-type":"","overlay-color":"","overlay-opacity":"","overlay-gradient":""}}},"product_brand":[],"product_cat":[913],"product_tag":[1029,1027,969],"class_list":{"0":"post-23237","1":"product","2":"type-product","3":"status-publish","4":"has-post-thumbnail","6":"product_cat-erdbeeren","7":"product_tag-ausgezeichneter-geschmack","8":"product_tag-essbare-fruchte","9":"product_tag-laubbaum","10":"desktop-align-left","11":"tablet-align-left","12":"mobile-align-left","13":"ast-product-gallery-layout-horizontal","14":"ast-product-gallery-with-no-image","15":"ast-product-tabs-layout-horizontal","16":"ast-qv-on-image","18":"first","19":"instock","20":"featured","21":"taxable","22":"shipping-taxable","23":"purchasable","24":"product-type-simple"},"aioseo_notices":[],"_links":{"self":[{"href":"https:\/\/flanca.si\/de\/wp-json\/wp\/v2\/product\/23237","targetHints":{"allow":["GET"]}}],"collection":[{"href":"https:\/\/flanca.si\/de\/wp-json\/wp\/v2\/product"}],"about":[{"href":"https:\/\/flanca.si\/de\/wp-json\/wp\/v2\/types\/product"}],"wp:featuredmedia":[{"embeddable":true,"href":"https:\/\/flanca.si\/de\/wp-json\/wp\/v2\/media\/23241"}],"wp:attachment":[{"href":"https:\/\/flanca.si\/de\/wp-json\/wp\/v2\/media?parent=23237"}],"wp:term":[{"taxonomy":"product_brand","embeddable":true,"href":"https:\/\/flanca.si\/de\/wp-json\/wp\/v2\/product_brand?post=23237"},{"taxonomy":"product_cat","embeddable":true,"href":"https:\/\/flanca.si\/de\/wp-json\/wp\/v2\/product_cat?post=23237"},{"taxonomy":"product_tag","embeddable":true,"href":"https:\/\/flanca.si\/de\/wp-json\/wp\/v2\/product_tag?post=23237"}],"curies":[{"name":"wp","href":"https:\/\/api.w.org\/{rel}","templated":true}]}}