{"id":23032,"date":"2026-03-08T06:58:57","date_gmt":"2026-03-08T05:58:57","guid":{"rendered":"https:\/\/flanca.si\/?post_type=product&#038;p=23032"},"modified":"2026-03-08T07:04:36","modified_gmt":"2026-03-08T06:04:36","slug":"erdbeere-elsanta-kopija","status":"publish","type":"product","link":"https:\/\/flanca.si\/de\/produkt\/erdbeere-elsanta-kopija\/","title":{"rendered":"Erdbeere &#8218;Elsanta&#8216; (Kopija)"},"content":{"rendered":"<p>Die Sorte Elsanta ist eine einfr\u00fcchtige mittelfr\u00fche Sorte, die Winterfrost vertr\u00e4gt. Erdbeere, die f\u00fcr den Anbau in Gebieten mit kontinentalem Klima geeignet ist. Erdbeere Elsanta ist eine beliebte Sorte bei G\u00e4rtnern und Liebhabern frischer Erdbeeren aufgrund ihrer au\u00dfergew\u00f6hnlichen S\u00fc\u00dfe, Saftigkeit und langen Fruchtzeit. Mit ihren gro\u00dfen, roten und gl\u00e4nzenden Fr\u00fcchten beeindruckt sie sowohl im Aussehen als auch im Geschmack. Dar\u00fcber hinaus ist die Elsanta-Erdbeere einfach anzubauen und zu pflegen, was sie zu einer idealen Wahl f\u00fcr alle macht, die hausgemachte frische Erdbeeren m\u00f6chten. Die Fr\u00fcchte werden vom Monat Juni bis zum Monat Juli geerntet. Die Pflanzen sind mehrj\u00e4hrig und werden im Fr\u00fchjahr oder in der zweiten Augusth\u00e4lfte gepflanzt. <\/p>\n","protected":false},"excerpt":{"rendered":"<ul>\n<li>einst fruchtige Erdbeere<\/li>\n<li>widerstandsf\u00e4hig gegen Winterk\u00e4lte<\/li>\n<li>mittlere fr\u00fche Sorte<\/li>\n<li>gro\u00dfe, feste, aromatische Fr\u00fcchte<\/li>\n<li>Die k\u00f6stlichste Vielfalt<\/li>\n<\/ul>\n<h4><strong>Verpackt 1 S\u00e4mling auf einmal!<\/strong><\/h4>\n","protected":false},"featured_media":23036,"template":"","meta":{"site-sidebar-layout":"default","site-content-layout":"default","ast-site-content-layout":"default","site-content-style":"default","site-sidebar-style":"default","ast-global-header-display":"","ast-banner-title-visibility":"","ast-main-header-display":"","ast-hfb-above-header-display":"","ast-hfb-below-header-display":"","ast-hfb-mobile-header-display":"","site-post-title":"","ast-breadcrumbs-content":"","ast-featured-img":"","footer-sml-layout":"","ast-disable-related-posts":"","theme-transparent-header-meta":"default","adv-header-id-meta":"","stick-header-meta":"default","header-above-stick-meta":"","header-main-stick-meta":"","header-below-stick-meta":"","astra-migrate-meta-layouts":"set","ast-page-background-enabled":"default","ast-page-background-meta":{"desktop":{"background-color":"","background-image":"","background-repeat":"repeat","background-position":"center center","background-size":"auto","background-attachment":"scroll","background-type":"","background-media":"","overlay-type":"","overlay-color":"","overlay-opacity":"","overlay-gradient":""},"tablet":{"background-color":"","background-image":"","background-repeat":"repeat","background-position":"center center","background-size":"auto","background-attachment":"scroll","background-type":"","background-media":"","overlay-type":"","overlay-color":"","overlay-opacity":"","overlay-gradient":""},"mobile":{"background-color":"","background-image":"","background-repeat":"repeat","background-position":"center center","background-size":"auto","background-attachment":"scroll","background-type":"","background-media":"","overlay-type":"","overlay-color":"","overlay-opacity":"","overlay-gradient":""}},"ast-content-background-meta":{"desktop":{"background-color":"var(--ast-global-color-5)","background-image":"","background-repeat":"repeat","background-position":"center center","background-size":"auto","background-attachment":"scroll","background-type":"","background-media":"","overlay-type":"","overlay-color":"","overlay-opacity":"","overlay-gradient":""},"tablet":{"background-color":"var(--ast-global-color-5)","background-image":"","background-repeat":"repeat","background-position":"center center","background-size":"auto","background-attachment":"scroll","background-type":"","background-media":"","overlay-type":"","overlay-color":"","overlay-opacity":"","overlay-gradient":""},"mobile":{"background-color":"var(--ast-global-color-5)","background-image":"","background-repeat":"repeat","background-position":"center center","background-size":"auto","background-attachment":"scroll","background-type":"","background-media":"","overlay-type":"","overlay-color":"","overlay-opacity":"","overlay-gradient":""}}},"product_brand":[],"product_cat":[913],"product_tag":[1386,914,916,893],"class_list":{"0":"post-23032","1":"product","2":"type-product","3":"status-publish","4":"has-post-thumbnail","6":"product_cat-erdbeeren","7":"product_tag-einmalig","8":"product_tag-erdbeere","9":"product_tag-obst","10":"product_tag-sommer","11":"desktop-align-left","12":"tablet-align-left","13":"mobile-align-left","14":"ast-product-gallery-layout-horizontal","15":"ast-product-tabs-layout-horizontal","16":"ast-qv-on-image","18":"first","19":"instock","20":"sale","21":"taxable","22":"shipping-taxable","23":"purchasable","24":"product-type-simple"},"aioseo_notices":[],"_links":{"self":[{"href":"https:\/\/flanca.si\/de\/wp-json\/wp\/v2\/product\/23032","targetHints":{"allow":["GET"]}}],"collection":[{"href":"https:\/\/flanca.si\/de\/wp-json\/wp\/v2\/product"}],"about":[{"href":"https:\/\/flanca.si\/de\/wp-json\/wp\/v2\/types\/product"}],"wp:featuredmedia":[{"embeddable":true,"href":"https:\/\/flanca.si\/de\/wp-json\/wp\/v2\/media\/23036"}],"wp:attachment":[{"href":"https:\/\/flanca.si\/de\/wp-json\/wp\/v2\/media?parent=23032"}],"wp:term":[{"taxonomy":"product_brand","embeddable":true,"href":"https:\/\/flanca.si\/de\/wp-json\/wp\/v2\/product_brand?post=23032"},{"taxonomy":"product_cat","embeddable":true,"href":"https:\/\/flanca.si\/de\/wp-json\/wp\/v2\/product_cat?post=23032"},{"taxonomy":"product_tag","embeddable":true,"href":"https:\/\/flanca.si\/de\/wp-json\/wp\/v2\/product_tag?post=23032"}],"curies":[{"name":"wp","href":"https:\/\/api.w.org\/{rel}","templated":true}]}}