{"id":22534,"date":"2026-02-01T17:13:41","date_gmt":"2026-02-01T16:13:41","guid":{"rendered":"https:\/\/flanca.si\/?post_type=product&#038;p=22534"},"modified":"2026-03-04T19:29:19","modified_gmt":"2026-03-04T18:29:19","slug":"silberner-weihnachtsbaum-kopija-kopija-2","status":"publish","type":"product","link":"https:\/\/flanca.si\/de\/produkt\/silberner-weihnachtsbaum-kopija-kopija-2\/","title":{"rendered":"Silberner Weihnachtsbaum (Kopija) (Kopija)"},"content":{"rendered":"<p><strong>Abies procera &#8218;Glauca&#8216;<\/strong>, auch Wei\u00df- oder Grautanne genannt, ist eine hohe Nadelbaumart, die sich durch ihr spektakul\u00e4res blau-silbernes Aussehen auszeichnet. Diese Sorte hat dichte, aufrechte \u00c4ste, die mit charakteristischen bl\u00e4ulichen Nadeln bedeckt sind, die in verschiedenen Blaut\u00f6nen leuchten, was dem Baum ein einzigartiges und elegantes Aussehen verleiht. Aufgrund seiner imposanten Form ist er eine beliebte Wahl in Landschaftsbepflanzungen und als Zierbaum in gr\u00f6\u00dferen G\u00e4rten und Parks. Der Baum kann eine H\u00f6he von 10 bis 15 Metern erreichen, w\u00e4chst aber langsam, was eine langfristige Entwicklung ohne h\u00e4ufiges Beschneiden erm\u00f6glicht. <strong>Abies procera &#8218;Glauca&#8216;<\/strong> gedeiht am besten auf k\u00fchleren, feuchten, gut durchl\u00e4ssigen B\u00f6den sowie an sonnigen oder halbschattigen Standorten. Sie vertr\u00e4gt weder Trockenheit noch verschmutzte Luft, daher wird empfohlen, sie in feuchteren Gebieten zu pflanzen, in denen die Wachstumsbedingungen g\u00fcnstig sind. F\u00fcr ein optimales Wachstum empfiehlt sich bei Nadelb\u00e4umen eine regelm\u00e4\u00dfige D\u00fcngung im Fr\u00fchjahr mit D\u00fcnger. Ein R\u00fcckschnitt ist nicht notwendig, es sei denn, Sie m\u00f6chten einen Baum formen oder besch\u00e4digte oder abgestorbene \u00c4ste entfernen. <strong>Abies procera &#8218;Glauca&#8216;<\/strong> ist eine gro\u00dfartige Erg\u00e4nzung f\u00fcr hohe Hecken, Sichtschutzgitter oder als Mittelpunkt in gr\u00f6\u00dferen G\u00e4rten. Sie bildet einen Kontrast zu anderen Nadelb\u00e4umen wie <a href=\"https:\/\/flanca.si\/izdelek\/pinus-mugo-planinski-bor-ali-rusje\/\">Pinus <\/a>oder Juniperus, aber auch zu Str\u00e4uchern wie Rhododendron und Azalee.       <\/p>\n","protected":false},"excerpt":{"rendered":"<ul>\n<li><em>Abies procera &#8218;Glauca&#8216;<\/em><\/li>\n<li>Ein eleganter, immergr\u00fcner Nadelbaum, der sich durch seine silbrig-blaue Farbe auszeichnet<\/li>\n<li>eine langsam wachsende Pflanze, die eine H\u00f6he von bis zu 15m erreicht<\/li>\n<li>Sie w\u00e4chst am besten auf k\u00fchleren, feuchten, gut durchl\u00e4ssigen B\u00f6den und an sonnigen oder halbschattigen Standorten<\/li>\n<li>Ein R\u00fcckschnitt ist nur erforderlich, wenn Sie eine bestimmte Form w\u00fcnschen<\/li>\n<li>Empfohlene regelm\u00e4\u00dfige D\u00fcngung im Fr\u00fchjahr mit D\u00fcnger f\u00fcr Nadelb\u00e4ume<\/li>\n<\/ul>\n<h6>Verpackt 1 S\u00e4mling auf einmal!<\/h6>\n","protected":false},"featured_media":22538,"template":"","meta":{"site-sidebar-layout":"default","site-content-layout":"","ast-site-content-layout":"default","site-content-style":"default","site-sidebar-style":"default","ast-global-header-display":"","ast-banner-title-visibility":"","ast-main-header-display":"","ast-hfb-above-header-display":"","ast-hfb-below-header-display":"","ast-hfb-mobile-header-display":"","site-post-title":"","ast-breadcrumbs-content":"","ast-featured-img":"","footer-sml-layout":"","ast-disable-related-posts":"","theme-transparent-header-meta":"default","adv-header-id-meta":"","stick-header-meta":"default","header-above-stick-meta":"","header-main-stick-meta":"","header-below-stick-meta":"","astra-migrate-meta-layouts":"set","ast-page-background-enabled":"default","ast-page-background-meta":{"desktop":{"background-color":"","background-image":"","background-repeat":"repeat","background-position":"center center","background-size":"auto","background-attachment":"scroll","background-type":"","background-media":"","overlay-type":"","overlay-color":"","overlay-opacity":"","overlay-gradient":""},"tablet":{"background-color":"","background-image":"","background-repeat":"repeat","background-position":"center center","background-size":"auto","background-attachment":"scroll","background-type":"","background-media":"","overlay-type":"","overlay-color":"","overlay-opacity":"","overlay-gradient":""},"mobile":{"background-color":"","background-image":"","background-repeat":"repeat","background-position":"center center","background-size":"auto","background-attachment":"scroll","background-type":"","background-media":"","overlay-type":"","overlay-color":"","overlay-opacity":"","overlay-gradient":""}},"ast-content-background-meta":{"desktop":{"background-color":"var(--ast-global-color-5)","background-image":"","background-repeat":"repeat","background-position":"center center","background-size":"auto","background-attachment":"scroll","background-type":"","background-media":"","overlay-type":"","overlay-color":"","overlay-opacity":"","overlay-gradient":""},"tablet":{"background-color":"var(--ast-global-color-5)","background-image":"","background-repeat":"repeat","background-position":"center center","background-size":"auto","background-attachment":"scroll","background-type":"","background-media":"","overlay-type":"","overlay-color":"","overlay-opacity":"","overlay-gradient":""},"mobile":{"background-color":"var(--ast-global-color-5)","background-image":"","background-repeat":"repeat","background-position":"center center","background-size":"auto","background-attachment":"scroll","background-type":"","background-media":"","overlay-type":"","overlay-color":"","overlay-opacity":"","overlay-gradient":""}}},"product_brand":[],"product_cat":[960],"product_tag":[2308,2326],"class_list":{"0":"post-22534","1":"product","2":"type-product","3":"status-publish","4":"has-post-thumbnail","6":"product_cat-straucher-und-baume","7":"product_tag-koniferen","8":"product_tag-steingarten-de","9":"desktop-align-left","10":"tablet-align-left","11":"mobile-align-left","12":"ast-product-gallery-layout-horizontal","13":"ast-product-tabs-layout-horizontal","14":"ast-qv-on-image","16":"first","17":"instock","18":"taxable","19":"shipping-taxable","20":"purchasable","21":"product-type-simple"},"aioseo_notices":[],"_links":{"self":[{"href":"https:\/\/flanca.si\/de\/wp-json\/wp\/v2\/product\/22534","targetHints":{"allow":["GET"]}}],"collection":[{"href":"https:\/\/flanca.si\/de\/wp-json\/wp\/v2\/product"}],"about":[{"href":"https:\/\/flanca.si\/de\/wp-json\/wp\/v2\/types\/product"}],"wp:featuredmedia":[{"embeddable":true,"href":"https:\/\/flanca.si\/de\/wp-json\/wp\/v2\/media\/22538"}],"wp:attachment":[{"href":"https:\/\/flanca.si\/de\/wp-json\/wp\/v2\/media?parent=22534"}],"wp:term":[{"taxonomy":"product_brand","embeddable":true,"href":"https:\/\/flanca.si\/de\/wp-json\/wp\/v2\/product_brand?post=22534"},{"taxonomy":"product_cat","embeddable":true,"href":"https:\/\/flanca.si\/de\/wp-json\/wp\/v2\/product_cat?post=22534"},{"taxonomy":"product_tag","embeddable":true,"href":"https:\/\/flanca.si\/de\/wp-json\/wp\/v2\/product_tag?post=22534"}],"curies":[{"name":"wp","href":"https:\/\/api.w.org\/{rel}","templated":true}]}}