{"id":22522,"date":"2026-02-01T17:02:47","date_gmt":"2026-02-01T16:02:47","guid":{"rendered":"https:\/\/flanca.si\/?post_type=product&#038;p=22522"},"modified":"2026-03-04T19:15:31","modified_gmt":"2026-03-04T18:15:31","slug":"spanischer-holunder-syringa-vulgaris-bloomerang-dark-purple-kopija-2","status":"publish","type":"product","link":"https:\/\/flanca.si\/de\/produkt\/spanischer-holunder-syringa-vulgaris-bloomerang-dark-purple-kopija-2\/","title":{"rendered":"Spanischer Holunder &#8211; Syringa vulgaris &#8218;Bloomerang Dark Purple&#8216; (Kopija)"},"content":{"rendered":"<p>Der Spanische Holunder ist ein laubabwerfender Strauch mit rispenf\u00f6rmigen Bl\u00fctenst\u00e4nden von fliederfarbener Farbe. Die Bl\u00fcten entwickeln sich im Mai und duften stark duftend. Die Bl\u00e4tter sind herzf\u00f6rmig und gr\u00fcn gef\u00e4rbt. Er wird bis zu 2 m hoch. Der Spanische Holunder kann als Solit\u00e4rpflanze in G\u00e4rten gepflanzt werden, kann aber auch f\u00fcr Hecken verwendet werden. Da sie einen R\u00fcckschnitt gut vertr\u00e4gt, kann sie auch zu einem kleineren Baum geformt werden. Wir schneiden sie im Winter oder im zeitigen Fr\u00fchjahr. Sie ist unpr\u00e4tenti\u00f6s zu wachsen, resistent gegen K\u00e4lte, Trockenheit und verschiedene Krankheiten. Die beste Wahl f\u00fcr die Bepflanzung sind sonnige Standorte, sie k\u00f6nnen auch halbschattig sein.   <\/p>\n<p>H\u00f6he des oberirdischen Teils der Pflanze: ca. 30cm<\/p>\n","protected":false},"excerpt":{"rendered":"<ul>\n<li><em>Syringa vulgaris &#8218;Bloomerang Dark Purple&#8216;<\/em><\/li>\n<li>sehr duftende Bl\u00fcten<\/li>\n<li>\u00fcppige Bl\u00fcte<\/li>\n<li>dekorative herzf\u00f6rmige Bl\u00e4tter<\/li>\n<li>unpr\u00e4tenti\u00f6s zu wachsen<\/li>\n<\/ul>\n<h3>Verpackt 1 S\u00e4mling auf einmal!<\/h3>\n","protected":false},"featured_media":22526,"template":"","meta":{"site-sidebar-layout":"default","site-content-layout":"default","ast-site-content-layout":"default","site-content-style":"default","site-sidebar-style":"default","ast-global-header-display":"","ast-banner-title-visibility":"","ast-main-header-display":"","ast-hfb-above-header-display":"","ast-hfb-below-header-display":"","ast-hfb-mobile-header-display":"","site-post-title":"","ast-breadcrumbs-content":"","ast-featured-img":"","footer-sml-layout":"","ast-disable-related-posts":"","theme-transparent-header-meta":"default","adv-header-id-meta":"","stick-header-meta":"default","header-above-stick-meta":"","header-main-stick-meta":"","header-below-stick-meta":"","astra-migrate-meta-layouts":"set","ast-page-background-enabled":"default","ast-page-background-meta":{"desktop":{"background-color":"","background-image":"","background-repeat":"repeat","background-position":"center center","background-size":"auto","background-attachment":"scroll","background-type":"","background-media":"","overlay-type":"","overlay-color":"","overlay-opacity":"","overlay-gradient":""},"tablet":{"background-color":"","background-image":"","background-repeat":"repeat","background-position":"center center","background-size":"auto","background-attachment":"scroll","background-type":"","background-media":"","overlay-type":"","overlay-color":"","overlay-opacity":"","overlay-gradient":""},"mobile":{"background-color":"","background-image":"","background-repeat":"repeat","background-position":"center center","background-size":"auto","background-attachment":"scroll","background-type":"","background-media":"","overlay-type":"","overlay-color":"","overlay-opacity":"","overlay-gradient":""}},"ast-content-background-meta":{"desktop":{"background-color":"var(--ast-global-color-5)","background-image":"","background-repeat":"repeat","background-position":"center center","background-size":"auto","background-attachment":"scroll","background-type":"","background-media":"","overlay-type":"","overlay-color":"","overlay-opacity":"","overlay-gradient":""},"tablet":{"background-color":"var(--ast-global-color-5)","background-image":"","background-repeat":"repeat","background-position":"center center","background-size":"auto","background-attachment":"scroll","background-type":"","background-media":"","overlay-type":"","overlay-color":"","overlay-opacity":"","overlay-gradient":""},"mobile":{"background-color":"var(--ast-global-color-5)","background-image":"","background-repeat":"repeat","background-position":"center center","background-size":"auto","background-attachment":"scroll","background-type":"","background-media":"","overlay-type":"","overlay-color":"","overlay-opacity":"","overlay-gradient":""}}},"product_brand":[],"product_cat":[960],"product_tag":[962],"class_list":{"0":"post-22522","1":"product","2":"type-product","3":"status-publish","4":"has-post-thumbnail","6":"product_cat-straucher-und-baume","7":"product_tag-zwergstrauch","8":"desktop-align-left","9":"tablet-align-left","10":"mobile-align-left","11":"ast-product-gallery-layout-horizontal","12":"ast-product-gallery-with-no-image","13":"ast-product-tabs-layout-horizontal","14":"ast-qv-on-image","16":"first","17":"instock","18":"taxable","19":"shipping-taxable","20":"purchasable","21":"product-type-simple"},"aioseo_notices":[],"_links":{"self":[{"href":"https:\/\/flanca.si\/de\/wp-json\/wp\/v2\/product\/22522","targetHints":{"allow":["GET"]}}],"collection":[{"href":"https:\/\/flanca.si\/de\/wp-json\/wp\/v2\/product"}],"about":[{"href":"https:\/\/flanca.si\/de\/wp-json\/wp\/v2\/types\/product"}],"wp:featuredmedia":[{"embeddable":true,"href":"https:\/\/flanca.si\/de\/wp-json\/wp\/v2\/media\/22526"}],"wp:attachment":[{"href":"https:\/\/flanca.si\/de\/wp-json\/wp\/v2\/media?parent=22522"}],"wp:term":[{"taxonomy":"product_brand","embeddable":true,"href":"https:\/\/flanca.si\/de\/wp-json\/wp\/v2\/product_brand?post=22522"},{"taxonomy":"product_cat","embeddable":true,"href":"https:\/\/flanca.si\/de\/wp-json\/wp\/v2\/product_cat?post=22522"},{"taxonomy":"product_tag","embeddable":true,"href":"https:\/\/flanca.si\/de\/wp-json\/wp\/v2\/product_tag?post=22522"}],"curies":[{"name":"wp","href":"https:\/\/api.w.org\/{rel}","templated":true}]}}