{"id":22516,"date":"2026-02-01T16:54:48","date_gmt":"2026-02-01T15:54:48","guid":{"rendered":"https:\/\/flanca.si\/?post_type=product&#038;p=22516"},"modified":"2026-03-04T19:09:14","modified_gmt":"2026-03-04T18:09:14","slug":"himmlischer-bambus-besessen-kopija-kopija","status":"publish","type":"product","link":"https:\/\/flanca.si\/de\/produkt\/himmlischer-bambus-besessen-kopija-kopija\/","title":{"rendered":"Himmlischer Bambus &#8222;Besessen&#8220; (Kopija) (Kopija)"},"content":{"rendered":"<p>Himmlischer Bambus, auch Nandina genannt, wird Sie mit seiner Eleganz begeistern. Es handelt sich um eine langsam wachsende, immergr\u00fcne Pflanze. Schmale, lange Bl\u00e4tter erinnern mit ihrer gl\u00e4nzenden Farbe an Bambus. Die Sorte Obsessed hat intensiv rot gef\u00e4rbte Bl\u00e4tter. Im Sommer bilden sich wei\u00dfe Bl\u00fcten an der Pflanze. Einige sind der Meinung, dass die Sorte einer aufrechten Palme \u00e4hnelt. Sie eignet sich f\u00fcr die Bepflanzung in Blumenbeeten oder gr\u00f6\u00dferen T\u00f6pfen auf Terrassen. Die H\u00f6he des oberirdischen Teils des S\u00e4mlings: 30 cm <\/p>\n","protected":false},"excerpt":{"rendered":"<ul>\n<li>immergr\u00fcne Staude<\/li>\n<li>unpr\u00e4tenti\u00f6s zu erziehen<\/li>\n<li>Geeignet f\u00fcr die Pflanzung in gr\u00f6\u00dferen T\u00f6pfen<\/li>\n<li>Eine Pflanze, die Bambus \u00e4hnelt<\/li>\n<li>H\u00f6he des S\u00e4mlings: 30 cm<\/li>\n<\/ul>\n<h4><strong>Verpackt 1 S\u00e4mling auf einmal!<\/strong><\/h4>\n","protected":false},"featured_media":22520,"template":"","meta":{"site-sidebar-layout":"default","site-content-layout":"default","ast-site-content-layout":"default","site-content-style":"default","site-sidebar-style":"default","ast-global-header-display":"","ast-banner-title-visibility":"","ast-main-header-display":"","ast-hfb-above-header-display":"","ast-hfb-below-header-display":"","ast-hfb-mobile-header-display":"","site-post-title":"","ast-breadcrumbs-content":"","ast-featured-img":"","footer-sml-layout":"","ast-disable-related-posts":"","theme-transparent-header-meta":"default","adv-header-id-meta":"","stick-header-meta":"default","header-above-stick-meta":"","header-main-stick-meta":"","header-below-stick-meta":"","astra-migrate-meta-layouts":"set","ast-page-background-enabled":"default","ast-page-background-meta":{"desktop":{"background-color":"","background-image":"","background-repeat":"repeat","background-position":"center center","background-size":"auto","background-attachment":"scroll","background-type":"","background-media":"","overlay-type":"","overlay-color":"","overlay-opacity":"","overlay-gradient":""},"tablet":{"background-color":"","background-image":"","background-repeat":"repeat","background-position":"center center","background-size":"auto","background-attachment":"scroll","background-type":"","background-media":"","overlay-type":"","overlay-color":"","overlay-opacity":"","overlay-gradient":""},"mobile":{"background-color":"","background-image":"","background-repeat":"repeat","background-position":"center center","background-size":"auto","background-attachment":"scroll","background-type":"","background-media":"","overlay-type":"","overlay-color":"","overlay-opacity":"","overlay-gradient":""}},"ast-content-background-meta":{"desktop":{"background-color":"var(--ast-global-color-5)","background-image":"","background-repeat":"repeat","background-position":"center center","background-size":"auto","background-attachment":"scroll","background-type":"","background-media":"","overlay-type":"","overlay-color":"","overlay-opacity":"","overlay-gradient":""},"tablet":{"background-color":"var(--ast-global-color-5)","background-image":"","background-repeat":"repeat","background-position":"center center","background-size":"auto","background-attachment":"scroll","background-type":"","background-media":"","overlay-type":"","overlay-color":"","overlay-opacity":"","overlay-gradient":""},"mobile":{"background-color":"var(--ast-global-color-5)","background-image":"","background-repeat":"repeat","background-position":"center center","background-size":"auto","background-attachment":"scroll","background-type":"","background-media":"","overlay-type":"","overlay-color":"","overlay-opacity":"","overlay-gradient":""}}},"product_brand":[],"product_cat":[960],"product_tag":[962],"class_list":{"0":"post-22516","1":"product","2":"type-product","3":"status-publish","4":"has-post-thumbnail","6":"product_cat-straucher-und-baume","7":"product_tag-zwergstrauch","8":"desktop-align-left","9":"tablet-align-left","10":"mobile-align-left","11":"ast-product-gallery-layout-horizontal","12":"ast-product-gallery-with-no-image","13":"ast-product-tabs-layout-horizontal","14":"ast-qv-on-image","16":"first","17":"instock","18":"taxable","19":"shipping-taxable","20":"purchasable","21":"product-type-simple"},"aioseo_notices":[],"_links":{"self":[{"href":"https:\/\/flanca.si\/de\/wp-json\/wp\/v2\/product\/22516","targetHints":{"allow":["GET"]}}],"collection":[{"href":"https:\/\/flanca.si\/de\/wp-json\/wp\/v2\/product"}],"about":[{"href":"https:\/\/flanca.si\/de\/wp-json\/wp\/v2\/types\/product"}],"wp:featuredmedia":[{"embeddable":true,"href":"https:\/\/flanca.si\/de\/wp-json\/wp\/v2\/media\/22520"}],"wp:attachment":[{"href":"https:\/\/flanca.si\/de\/wp-json\/wp\/v2\/media?parent=22516"}],"wp:term":[{"taxonomy":"product_brand","embeddable":true,"href":"https:\/\/flanca.si\/de\/wp-json\/wp\/v2\/product_brand?post=22516"},{"taxonomy":"product_cat","embeddable":true,"href":"https:\/\/flanca.si\/de\/wp-json\/wp\/v2\/product_cat?post=22516"},{"taxonomy":"product_tag","embeddable":true,"href":"https:\/\/flanca.si\/de\/wp-json\/wp\/v2\/product_tag?post=22516"}],"curies":[{"name":"wp","href":"https:\/\/api.w.org\/{rel}","templated":true}]}}