{"id":22495,"date":"2026-02-01T16:25:14","date_gmt":"2026-02-01T15:25:14","guid":{"rendered":"https:\/\/flanca.si\/?post_type=product&#038;p=22495"},"modified":"2026-03-04T18:40:43","modified_gmt":"2026-03-04T17:40:43","slug":"lorbeer-etna-hohe-20-30-cm-kopija","status":"publish","type":"product","link":"https:\/\/flanca.si\/de\/produkt\/lorbeer-etna-hohe-20-30-cm-kopija\/","title":{"rendered":"Lorbeer &#8218;Etna&#8216; H\u00f6he: 20-30 cm (Kopija)"},"content":{"rendered":"<p>Mittelschnellw\u00fcchsiger immergr\u00fcner Strauch, der sich durch breite Verzweigungen auszeichnet. Er wird bis zu 2 m hoch. Junge Bl\u00e4tter sind bronzefarben, mit der Zeit werden sie dunkelgr\u00fcn. Im Mai bl\u00fcht sie mit duftenden wei\u00dfen Bl\u00fcten, die bis zu 20 cm lang werden, und im August reifen schwarze Beeren (giftig). F\u00fcr ein optimales Wachstum ben\u00f6tigt sie lockeren, feuchten und reichhaltigen Boden. Lichttechnisch ist sie anspruchslos, da sie im Schatten, Halbschatten und in der Sonne gedeiht. Aufgrund seines kompakten Wuchses kann der \u00c4tna-Lorbeer sowohl als Einzelpflanze als auch als Hecke gepflanzt werden. Die H\u00f6he des oberirdischen Teils des S\u00e4mlings: 20 &#8211; 30 cm <\/p>\n","protected":false},"excerpt":{"rendered":"<ul>\n<li><em>P. Laurocerasus &#8218;\u00c4tna&#8216;<\/em><\/li>\n<li>Hecken<\/li>\n<li>kompakter und verzweigter Wuchs<\/li>\n<li>Immergr\u00fcner Strauch<\/li>\n<li>H\u00f6he des S\u00e4mlings: 20 &#8211; 30 cm<\/li>\n<\/ul>\n<h4><strong>Verpackt 1 S\u00e4mling auf einmal!<\/strong><\/h4>\n","protected":false},"featured_media":22502,"template":"","meta":{"site-sidebar-layout":"default","site-content-layout":"default","ast-site-content-layout":"default","site-content-style":"default","site-sidebar-style":"default","ast-global-header-display":"","ast-banner-title-visibility":"","ast-main-header-display":"","ast-hfb-above-header-display":"","ast-hfb-below-header-display":"","ast-hfb-mobile-header-display":"","site-post-title":"","ast-breadcrumbs-content":"","ast-featured-img":"","footer-sml-layout":"","ast-disable-related-posts":"","theme-transparent-header-meta":"default","adv-header-id-meta":"","stick-header-meta":"default","header-above-stick-meta":"","header-main-stick-meta":"","header-below-stick-meta":"","astra-migrate-meta-layouts":"set","ast-page-background-enabled":"default","ast-page-background-meta":{"desktop":{"background-color":"","background-image":"","background-repeat":"repeat","background-position":"center center","background-size":"auto","background-attachment":"scroll","background-type":"","background-media":"","overlay-type":"","overlay-color":"","overlay-opacity":"","overlay-gradient":""},"tablet":{"background-color":"","background-image":"","background-repeat":"repeat","background-position":"center center","background-size":"auto","background-attachment":"scroll","background-type":"","background-media":"","overlay-type":"","overlay-color":"","overlay-opacity":"","overlay-gradient":""},"mobile":{"background-color":"","background-image":"","background-repeat":"repeat","background-position":"center center","background-size":"auto","background-attachment":"scroll","background-type":"","background-media":"","overlay-type":"","overlay-color":"","overlay-opacity":"","overlay-gradient":""}},"ast-content-background-meta":{"desktop":{"background-color":"var(--ast-global-color-5)","background-image":"","background-repeat":"repeat","background-position":"center center","background-size":"auto","background-attachment":"scroll","background-type":"","background-media":"","overlay-type":"","overlay-color":"","overlay-opacity":"","overlay-gradient":""},"tablet":{"background-color":"var(--ast-global-color-5)","background-image":"","background-repeat":"repeat","background-position":"center center","background-size":"auto","background-attachment":"scroll","background-type":"","background-media":"","overlay-type":"","overlay-color":"","overlay-opacity":"","overlay-gradient":""},"mobile":{"background-color":"var(--ast-global-color-5)","background-image":"","background-repeat":"repeat","background-position":"center center","background-size":"auto","background-attachment":"scroll","background-type":"","background-media":"","overlay-type":"","overlay-color":"","overlay-opacity":"","overlay-gradient":""}}},"product_brand":[],"product_cat":[973],"product_tag":[874,972],"class_list":{"0":"post-22495","1":"product","2":"type-product","3":"status-publish","4":"has-post-thumbnail","6":"product_cat-lorbeeren-oder-prunus","7":"product_tag-immergrune-staude","8":"product_tag-lorbeer","9":"product_shipping_class-osebni-prevzem","10":"desktop-align-left","11":"tablet-align-left","12":"mobile-align-left","13":"ast-product-gallery-layout-horizontal","14":"ast-product-tabs-layout-horizontal","15":"ast-qv-on-image","17":"first","18":"instock","19":"taxable","20":"shipping-taxable","21":"purchasable","22":"product-type-simple"},"aioseo_notices":[],"_links":{"self":[{"href":"https:\/\/flanca.si\/de\/wp-json\/wp\/v2\/product\/22495","targetHints":{"allow":["GET"]}}],"collection":[{"href":"https:\/\/flanca.si\/de\/wp-json\/wp\/v2\/product"}],"about":[{"href":"https:\/\/flanca.si\/de\/wp-json\/wp\/v2\/types\/product"}],"wp:featuredmedia":[{"embeddable":true,"href":"https:\/\/flanca.si\/de\/wp-json\/wp\/v2\/media\/22502"}],"wp:attachment":[{"href":"https:\/\/flanca.si\/de\/wp-json\/wp\/v2\/media?parent=22495"}],"wp:term":[{"taxonomy":"product_brand","embeddable":true,"href":"https:\/\/flanca.si\/de\/wp-json\/wp\/v2\/product_brand?post=22495"},{"taxonomy":"product_cat","embeddable":true,"href":"https:\/\/flanca.si\/de\/wp-json\/wp\/v2\/product_cat?post=22495"},{"taxonomy":"product_tag","embeddable":true,"href":"https:\/\/flanca.si\/de\/wp-json\/wp\/v2\/product_tag?post=22495"}],"curies":[{"name":"wp","href":"https:\/\/api.w.org\/{rel}","templated":true}]}}