{"id":22423,"date":"2026-02-01T14:02:41","date_gmt":"2026-02-01T13:02:41","guid":{"rendered":"https:\/\/flanca.si\/?post_type=product&#038;p=22423"},"modified":"2026-03-04T19:05:57","modified_gmt":"2026-03-04T18:05:57","slug":"rotblattrige-buche-atropurpurea-kopija","status":"publish","type":"product","link":"https:\/\/flanca.si\/de\/produkt\/rotblattrige-buche-atropurpurea-kopija\/","title":{"rendered":"Rotbl\u00e4ttrige Buche Atropurpurea (Kopija)"},"content":{"rendered":"<p>Die Rotbl\u00e4ttrige Buche ist ein Laubbaum f\u00fcr gr\u00f6\u00dfere G\u00e4rten oder Hecken. Sie wird bis zu 20m hoch und bildet eine runde oder breite ovale Krone. Die Bl\u00e4tter sind einfach, r\u00f6tlich-gr\u00fcn bis violett gef\u00e4rbt. Im Herbst f\u00e4rben sie sich in ausgepr\u00e4gte kupferrote Farbt\u00f6ne. Die H\u00f6he des oberirdischen Teils des S\u00e4mlings: 70 cm   <\/p>\n","protected":false},"excerpt":{"rendered":"<ul>\n<li><em>Fagus sylvatica &#8218;Atropurpurea&#8216;<\/em><\/li>\n<li>Baum f\u00fcr G\u00e4rten und Hecken<\/li>\n<li>wird bis zu 20 m hoch<\/li>\n<li>Attraktive scharlachrote Bl\u00e4tter<\/li>\n<li>H\u00f6he des S\u00e4mlings: 70 cm<\/li>\n<\/ul>\n<h3><strong>Verpackt 1 S\u00e4mling auf einmal!<\/strong><\/h3>\n","protected":false},"featured_media":22427,"template":"","meta":{"site-sidebar-layout":"default","site-content-layout":"default","ast-site-content-layout":"default","site-content-style":"default","site-sidebar-style":"default","ast-global-header-display":"","ast-banner-title-visibility":"","ast-main-header-display":"","ast-hfb-above-header-display":"","ast-hfb-below-header-display":"","ast-hfb-mobile-header-display":"","site-post-title":"","ast-breadcrumbs-content":"","ast-featured-img":"","footer-sml-layout":"","ast-disable-related-posts":"","theme-transparent-header-meta":"default","adv-header-id-meta":"","stick-header-meta":"default","header-above-stick-meta":"","header-main-stick-meta":"","header-below-stick-meta":"","astra-migrate-meta-layouts":"set","ast-page-background-enabled":"default","ast-page-background-meta":{"desktop":{"background-color":"","background-image":"","background-repeat":"repeat","background-position":"center center","background-size":"auto","background-attachment":"scroll","background-type":"","background-media":"","overlay-type":"","overlay-color":"","overlay-opacity":"","overlay-gradient":""},"tablet":{"background-color":"","background-image":"","background-repeat":"repeat","background-position":"center center","background-size":"auto","background-attachment":"scroll","background-type":"","background-media":"","overlay-type":"","overlay-color":"","overlay-opacity":"","overlay-gradient":""},"mobile":{"background-color":"","background-image":"","background-repeat":"repeat","background-position":"center center","background-size":"auto","background-attachment":"scroll","background-type":"","background-media":"","overlay-type":"","overlay-color":"","overlay-opacity":"","overlay-gradient":""}},"ast-content-background-meta":{"desktop":{"background-color":"var(--ast-global-color-5)","background-image":"","background-repeat":"repeat","background-position":"center center","background-size":"auto","background-attachment":"scroll","background-type":"","background-media":"","overlay-type":"","overlay-color":"","overlay-opacity":"","overlay-gradient":""},"tablet":{"background-color":"var(--ast-global-color-5)","background-image":"","background-repeat":"repeat","background-position":"center center","background-size":"auto","background-attachment":"scroll","background-type":"","background-media":"","overlay-type":"","overlay-color":"","overlay-opacity":"","overlay-gradient":""},"mobile":{"background-color":"var(--ast-global-color-5)","background-image":"","background-repeat":"repeat","background-position":"center center","background-size":"auto","background-attachment":"scroll","background-type":"","background-media":"","overlay-type":"","overlay-color":"","overlay-opacity":"","overlay-gradient":""}}},"product_brand":[],"product_cat":[960],"product_tag":[1189,1080,971],"class_list":{"0":"post-22423","1":"product","2":"type-product","3":"status-publish","4":"has-post-thumbnail","6":"product_cat-straucher-und-baume","7":"product_tag-buche","8":"product_tag-rot","9":"product_tag-zierbaum","10":"desktop-align-left","11":"tablet-align-left","12":"mobile-align-left","13":"ast-product-gallery-layout-horizontal","14":"ast-product-gallery-with-no-image","15":"ast-product-tabs-layout-horizontal","16":"ast-qv-on-image","18":"first","19":"instock","20":"taxable","21":"shipping-taxable","22":"purchasable","23":"product-type-simple"},"aioseo_notices":[],"_links":{"self":[{"href":"https:\/\/flanca.si\/de\/wp-json\/wp\/v2\/product\/22423","targetHints":{"allow":["GET"]}}],"collection":[{"href":"https:\/\/flanca.si\/de\/wp-json\/wp\/v2\/product"}],"about":[{"href":"https:\/\/flanca.si\/de\/wp-json\/wp\/v2\/types\/product"}],"wp:featuredmedia":[{"embeddable":true,"href":"https:\/\/flanca.si\/de\/wp-json\/wp\/v2\/media\/22427"}],"wp:attachment":[{"href":"https:\/\/flanca.si\/de\/wp-json\/wp\/v2\/media?parent=22423"}],"wp:term":[{"taxonomy":"product_brand","embeddable":true,"href":"https:\/\/flanca.si\/de\/wp-json\/wp\/v2\/product_brand?post=22423"},{"taxonomy":"product_cat","embeddable":true,"href":"https:\/\/flanca.si\/de\/wp-json\/wp\/v2\/product_cat?post=22423"},{"taxonomy":"product_tag","embeddable":true,"href":"https:\/\/flanca.si\/de\/wp-json\/wp\/v2\/product_tag?post=22423"}],"curies":[{"name":"wp","href":"https:\/\/api.w.org\/{rel}","templated":true}]}}