{"id":21923,"date":"2025-11-04T17:41:38","date_gmt":"2025-11-04T16:41:38","guid":{"rendered":"https:\/\/flanca.si\/?post_type=product&#038;p=21923"},"modified":"2025-11-04T18:08:32","modified_gmt":"2025-11-04T17:08:32","slug":"schwarzfruchtige-aroniabeere-nero-kopija-kopija","status":"publish","type":"product","link":"https:\/\/flanca.si\/de\/produkt\/schwarzfruchtige-aroniabeere-nero-kopija-kopija\/","title":{"rendered":"Schwarzfruchtige Aroniabeere &#8218;Nero&#8216; (Kopija) (Kopija)"},"content":{"rendered":"<p><strong>Aronia prunifolia &#8218;Nero&#8216;<\/strong> ist ein sommergr\u00fcner Strauch, der f\u00fcr seine n\u00e4hrstoffreichen schwarzen Beeren und sein dekoratives Aussehen bekannt ist. Sie wird bis zu 2 Meter hoch und breit. Sie hat ovale, dunkelgr\u00fcne Bl\u00e4tter, die sich im Herbst in sch\u00f6ne Rot- und Oranget\u00f6ne verf\u00e4rben. Im Sommer entwickelt sie wei\u00dfe bis hellrosa Bl\u00fcten in B\u00fcscheln, die sich zu schwarzen, gl\u00e4nzenden, antioxidantienreichen Beeren entwickeln.<\/p>\n<p>Die Pflege von <strong>Aronia &#8218;Nero&#8216;<\/strong> ist einfach, da die Pflanze unpr\u00e4tenti\u00f6s ist und eine Vielzahl von Bedingungen, einschlie\u00dflich Trockenheit und niedrige Temperaturen, gut vertr\u00e4gt. Sie w\u00e4chst am besten an sonnigen bis halbschattigen Standorten und in gut durchl\u00e4ssigen B\u00f6den. Das Gie\u00dfen wird vor allem in Trockenperioden empfohlen.<\/p>\n<p>Ein R\u00fcckschnitt ist nicht notwendig, aber die Pflanze kann im Fr\u00fchjahr geformt werden, um alte oder besch\u00e4digte \u00c4ste zu entfernen und ein \u00fcppigeres Wachstum zu f\u00f6rdern.<\/p>\n<p>Es wird sowohl als Zierstrauch, aufgrund seiner sch\u00f6nen Herbstf\u00e4rbung, als auch f\u00fcr den Anbau von Beeren verwendet, die reich an Vitaminen sind und sich f\u00fcr S\u00e4fte, Marmeladen oder Nahrungserg\u00e4nzungsmittel eignen. Aronia wird wegen ihrer Immunit\u00e4t und ihres hohen N\u00e4hrwerts gesch\u00e4tzt.<\/p>\n<p>H\u00f6he des oberirdischen Teils des S\u00e4mlings: 40 &#8211; 50cm<\/p>\n","protected":false},"excerpt":{"rendered":"<ul>\n<li><em>Aronia prunifolia &#8218;Nero&#8216;<\/em><\/li>\n<li>w\u00e4chst bis zu 2 m<\/li>\n<li>Frostbest\u00e4ndig<\/li>\n<li>resistent gegen Trockenheit<\/li>\n<li>Fr\u00fcchte sind reich an Vitaminen und Antioxidantien<\/li>\n<li>Er kann auch als Zierstauch verwendet werden<\/li>\n<li>H\u00f6he des S\u00e4mlings: 40 &#8211; 50 cm<\/li>\n<\/ul>\n","protected":false},"featured_media":21927,"template":"","meta":{"site-sidebar-layout":"default","site-content-layout":"default","ast-site-content-layout":"default","site-content-style":"default","site-sidebar-style":"default","ast-global-header-display":"","ast-banner-title-visibility":"","ast-main-header-display":"","ast-hfb-above-header-display":"","ast-hfb-below-header-display":"","ast-hfb-mobile-header-display":"","site-post-title":"","ast-breadcrumbs-content":"","ast-featured-img":"","footer-sml-layout":"","ast-disable-related-posts":"","theme-transparent-header-meta":"default","adv-header-id-meta":"","stick-header-meta":"default","header-above-stick-meta":"","header-main-stick-meta":"","header-below-stick-meta":"","astra-migrate-meta-layouts":"set","ast-page-background-enabled":"default","ast-page-background-meta":{"desktop":{"background-color":"","background-image":"","background-repeat":"repeat","background-position":"center center","background-size":"auto","background-attachment":"scroll","background-type":"","background-media":"","overlay-type":"","overlay-color":"","overlay-opacity":"","overlay-gradient":""},"tablet":{"background-color":"","background-image":"","background-repeat":"repeat","background-position":"center center","background-size":"auto","background-attachment":"scroll","background-type":"","background-media":"","overlay-type":"","overlay-color":"","overlay-opacity":"","overlay-gradient":""},"mobile":{"background-color":"","background-image":"","background-repeat":"repeat","background-position":"center center","background-size":"auto","background-attachment":"scroll","background-type":"","background-media":"","overlay-type":"","overlay-color":"","overlay-opacity":"","overlay-gradient":""}},"ast-content-background-meta":{"desktop":{"background-color":"var(--ast-global-color-5)","background-image":"","background-repeat":"repeat","background-position":"center center","background-size":"auto","background-attachment":"scroll","background-type":"","background-media":"","overlay-type":"","overlay-color":"","overlay-opacity":"","overlay-gradient":""},"tablet":{"background-color":"var(--ast-global-color-5)","background-image":"","background-repeat":"repeat","background-position":"center center","background-size":"auto","background-attachment":"scroll","background-type":"","background-media":"","overlay-type":"","overlay-color":"","overlay-opacity":"","overlay-gradient":""},"mobile":{"background-color":"var(--ast-global-color-5)","background-image":"","background-repeat":"repeat","background-position":"center center","background-size":"auto","background-attachment":"scroll","background-type":"","background-media":"","overlay-type":"","overlay-color":"","overlay-opacity":"","overlay-gradient":""}}},"product_brand":[],"product_cat":[15],"product_tag":[989,1009],"class_list":{"0":"post-21923","1":"product","2":"type-product","3":"status-publish","4":"has-post-thumbnail","6":"product_cat-nekategorizirano","7":"product_tag-kuche","8":"product_tag-vitamine","9":"product_shipping_class-personliche-abholung","10":"desktop-align-left","11":"tablet-align-left","12":"mobile-align-left","13":"ast-product-gallery-layout-horizontal","14":"ast-product-gallery-with-no-image","15":"ast-product-tabs-layout-horizontal","16":"ast-qv-on-image","18":"first","19":"outofstock","20":"taxable","21":"shipping-taxable","22":"purchasable","23":"product-type-simple"},"aioseo_notices":[],"_links":{"self":[{"href":"https:\/\/flanca.si\/de\/wp-json\/wp\/v2\/product\/21923","targetHints":{"allow":["GET"]}}],"collection":[{"href":"https:\/\/flanca.si\/de\/wp-json\/wp\/v2\/product"}],"about":[{"href":"https:\/\/flanca.si\/de\/wp-json\/wp\/v2\/types\/product"}],"wp:featuredmedia":[{"embeddable":true,"href":"https:\/\/flanca.si\/de\/wp-json\/wp\/v2\/media\/21927"}],"wp:attachment":[{"href":"https:\/\/flanca.si\/de\/wp-json\/wp\/v2\/media?parent=21923"}],"wp:term":[{"taxonomy":"product_brand","embeddable":true,"href":"https:\/\/flanca.si\/de\/wp-json\/wp\/v2\/product_brand?post=21923"},{"taxonomy":"product_cat","embeddable":true,"href":"https:\/\/flanca.si\/de\/wp-json\/wp\/v2\/product_cat?post=21923"},{"taxonomy":"product_tag","embeddable":true,"href":"https:\/\/flanca.si\/de\/wp-json\/wp\/v2\/product_tag?post=21923"}],"curies":[{"name":"wp","href":"https:\/\/api.w.org\/{rel}","templated":true}]}}