{"id":21527,"date":"2025-09-09T09:23:33","date_gmt":"2025-09-09T07:23:33","guid":{"rendered":"https:\/\/flanca.si\/?post_type=product&#038;p=21527"},"modified":"2025-09-09T09:30:35","modified_gmt":"2025-09-09T07:30:35","slug":"cercis-chinensis-avondale-kopija-2","status":"publish","type":"product","link":"https:\/\/flanca.si\/de\/produkt\/cercis-chinensis-avondale-kopija-2\/","title":{"rendered":"Cercis chinensis &#8218;Avondale&#8216; (Kopija)"},"content":{"rendered":"<p>Ein kleinerer Baum, der im Fr\u00fchling aus Zweigen und St\u00e4mmen bl\u00fcht. Den gr\u00f6\u00dften Zierwert der Gattung haben die Blumen, die nur einmal im Jahr, im Fr\u00fchling, bl\u00fchen. Schmetterlingsbl\u00fcten in Rosat\u00f6nen \u00f6ffnen sich an d\u00fcnnen Bl\u00fctenstielen, die einzeln oder in Str\u00e4u\u00dfen direkt aus dem holzigen Teil des Baumes sprie\u00dfen. Die Bl\u00e4tter sind recht gro\u00df, rund, blendend gr\u00fcn, im Herbst gelb-orange und sehr dekorativ. Mit einem Schnitt k\u00f6nnen sie zu einem Strauch oder Baum geformt werden. Jedes Jahr werden die \u00c4ste im Inneren der Krone kontinuierlich entfernt. Die Verj\u00fcngung ist einfach, da sie auch einen intensiven Schnitt gut vertragen. W\u00e4hlen Sie im Garten einen sonnigen Platz f\u00fcr sie, der Boden kann auch etwas Kalzium enthalten. Sie k\u00f6nnen trockenere B\u00f6den vertragen, aber sie werden uns angemessen mit \u00fcppigerer Bl\u00fcte f\u00fcr einen guten Anbauort belohnen. Die Sorte &#8218;Avondale&#8216; w\u00e4chst langsam (in 10 Jahren wird sie bis zu 2 m hoch), so dass sie f\u00fcr kleinere Beete, Zierg\u00e4rten usw. geeignet ist.      <\/p>\n","protected":false},"excerpt":{"rendered":"<ul>\n<li>Cercis chinensis \u0301Avondale \u0301<\/li>\n<li>Ein Baum, der aus einem Stamm bl\u00fcht<\/li>\n<li>extrem dekorative rosafarbene Blumen<\/li>\n<\/ul>\n<h5>Verpackt 1 S\u00e4mling auf einmal!<\/h5>\n","protected":false},"featured_media":21531,"template":"","meta":{"site-sidebar-layout":"default","site-content-layout":"default","ast-site-content-layout":"default","site-content-style":"default","site-sidebar-style":"default","ast-global-header-display":"","ast-banner-title-visibility":"","ast-main-header-display":"","ast-hfb-above-header-display":"","ast-hfb-below-header-display":"","ast-hfb-mobile-header-display":"","site-post-title":"","ast-breadcrumbs-content":"","ast-featured-img":"","footer-sml-layout":"","ast-disable-related-posts":"","theme-transparent-header-meta":"default","adv-header-id-meta":"","stick-header-meta":"default","header-above-stick-meta":"","header-main-stick-meta":"","header-below-stick-meta":"","astra-migrate-meta-layouts":"set","ast-page-background-enabled":"default","ast-page-background-meta":{"desktop":{"background-color":"","background-image":"","background-repeat":"repeat","background-position":"center center","background-size":"auto","background-attachment":"scroll","background-type":"","background-media":"","overlay-type":"","overlay-color":"","overlay-opacity":"","overlay-gradient":""},"tablet":{"background-color":"","background-image":"","background-repeat":"repeat","background-position":"center center","background-size":"auto","background-attachment":"scroll","background-type":"","background-media":"","overlay-type":"","overlay-color":"","overlay-opacity":"","overlay-gradient":""},"mobile":{"background-color":"","background-image":"","background-repeat":"repeat","background-position":"center center","background-size":"auto","background-attachment":"scroll","background-type":"","background-media":"","overlay-type":"","overlay-color":"","overlay-opacity":"","overlay-gradient":""}},"ast-content-background-meta":{"desktop":{"background-color":"var(--ast-global-color-5)","background-image":"","background-repeat":"repeat","background-position":"center center","background-size":"auto","background-attachment":"scroll","background-type":"","background-media":"","overlay-type":"","overlay-color":"","overlay-opacity":"","overlay-gradient":""},"tablet":{"background-color":"var(--ast-global-color-5)","background-image":"","background-repeat":"repeat","background-position":"center center","background-size":"auto","background-attachment":"scroll","background-type":"","background-media":"","overlay-type":"","overlay-color":"","overlay-opacity":"","overlay-gradient":""},"mobile":{"background-color":"var(--ast-global-color-5)","background-image":"","background-repeat":"repeat","background-position":"center center","background-size":"auto","background-attachment":"scroll","background-type":"","background-media":"","overlay-type":"","overlay-color":"","overlay-opacity":"","overlay-gradient":""}}},"product_brand":[],"product_cat":[960],"product_tag":[1001],"class_list":{"0":"post-21527","1":"product","2":"type-product","3":"status-publish","4":"has-post-thumbnail","6":"product_cat-straucher-und-baume","7":"product_tag-zierbaume","8":"desktop-align-left","9":"tablet-align-left","10":"mobile-align-left","11":"ast-product-gallery-layout-horizontal","12":"ast-product-tabs-layout-horizontal","13":"ast-qv-on-image","15":"first","16":"instock","17":"taxable","18":"shipping-taxable","19":"purchasable","20":"product-type-simple"},"aioseo_notices":[],"_links":{"self":[{"href":"https:\/\/flanca.si\/de\/wp-json\/wp\/v2\/product\/21527","targetHints":{"allow":["GET"]}}],"collection":[{"href":"https:\/\/flanca.si\/de\/wp-json\/wp\/v2\/product"}],"about":[{"href":"https:\/\/flanca.si\/de\/wp-json\/wp\/v2\/types\/product"}],"wp:featuredmedia":[{"embeddable":true,"href":"https:\/\/flanca.si\/de\/wp-json\/wp\/v2\/media\/21531"}],"wp:attachment":[{"href":"https:\/\/flanca.si\/de\/wp-json\/wp\/v2\/media?parent=21527"}],"wp:term":[{"taxonomy":"product_brand","embeddable":true,"href":"https:\/\/flanca.si\/de\/wp-json\/wp\/v2\/product_brand?post=21527"},{"taxonomy":"product_cat","embeddable":true,"href":"https:\/\/flanca.si\/de\/wp-json\/wp\/v2\/product_cat?post=21527"},{"taxonomy":"product_tag","embeddable":true,"href":"https:\/\/flanca.si\/de\/wp-json\/wp\/v2\/product_tag?post=21527"}],"curies":[{"name":"wp","href":"https:\/\/api.w.org\/{rel}","templated":true}]}}