{"id":21149,"date":"2025-06-27T08:09:10","date_gmt":"2025-06-27T06:09:10","guid":{"rendered":"https:\/\/flanca.si\/?post_type=product&#038;p=21149"},"modified":"2025-06-27T08:17:13","modified_gmt":"2025-06-27T06:17:13","slug":"%d1%88%d0%bb%d0%b0%d1%98%d0%b5%d1%80-gips-kopija","status":"publish","type":"product","link":"https:\/\/flanca.si\/de\/produkt\/%d1%88%d0%bb%d0%b0%d1%98%d0%b5%d1%80-gips-kopija\/","title":{"rendered":"\u0428\u043b\u0430\u0458\u0435\u0440 (Gips) (Kopija)"},"content":{"rendered":"<p>\u0160lajer ist eine sehr attraktive mehrj\u00e4hrige Zierpflanze, die in Gruppen unter anderen Stauden oder als Einzelpflanze gepflanzt wird. Eine voll entwickelte Pflanze kann zudem bis zu einem Quadratmeter Fl\u00e4che einnehmen. Schlajer gedeiht auf sandigen und lehmigen Gartenb\u00f6den, die gut durchl\u00e4ssig sein sollten. F\u00fcr das Wachstum ist saurer und nasser Boden im Winter nicht f\u00fcr ihn geeignet. Es wird empfohlen, sie an sonnigen Standorten zu pflanzen. Er h\u00e4lt winterlichen Temperaturen bis zu -20 Grad Celsius stand. Es handelt sich um eine sehr unpr\u00e4tenti\u00f6se Pflanze, die im Herbst bis auf den Boden geschnitten wird. <\/p>\n","protected":false},"excerpt":{"rendered":"<ul>\n<li>G<em>ypsophila paniculata<\/em><\/li>\n<li>mehrj\u00e4hrig<\/li>\n<li>Schnittblumen<\/li>\n<li>winzige wei\u00dfe Bl\u00fcten<\/li>\n<\/ul>\n<h4><strong>Verpackt 1 S\u00e4mling auf einmal!<\/strong><\/h4>\n","protected":false},"featured_media":21153,"template":"","meta":{"site-sidebar-layout":"default","site-content-layout":"default","ast-site-content-layout":"default","site-content-style":"default","site-sidebar-style":"default","ast-global-header-display":"","ast-banner-title-visibility":"","ast-main-header-display":"","ast-hfb-above-header-display":"","ast-hfb-below-header-display":"","ast-hfb-mobile-header-display":"","site-post-title":"","ast-breadcrumbs-content":"","ast-featured-img":"","footer-sml-layout":"","ast-disable-related-posts":"","theme-transparent-header-meta":"default","adv-header-id-meta":"","stick-header-meta":"default","header-above-stick-meta":"","header-main-stick-meta":"","header-below-stick-meta":"","astra-migrate-meta-layouts":"set","ast-page-background-enabled":"default","ast-page-background-meta":{"desktop":{"background-color":"","background-image":"","background-repeat":"repeat","background-position":"center center","background-size":"auto","background-attachment":"scroll","background-type":"","background-media":"","overlay-type":"","overlay-color":"","overlay-opacity":"","overlay-gradient":""},"tablet":{"background-color":"","background-image":"","background-repeat":"repeat","background-position":"center center","background-size":"auto","background-attachment":"scroll","background-type":"","background-media":"","overlay-type":"","overlay-color":"","overlay-opacity":"","overlay-gradient":""},"mobile":{"background-color":"","background-image":"","background-repeat":"repeat","background-position":"center center","background-size":"auto","background-attachment":"scroll","background-type":"","background-media":"","overlay-type":"","overlay-color":"","overlay-opacity":"","overlay-gradient":""}},"ast-content-background-meta":{"desktop":{"background-color":"var(--ast-global-color-5)","background-image":"","background-repeat":"repeat","background-position":"center center","background-size":"auto","background-attachment":"scroll","background-type":"","background-media":"","overlay-type":"","overlay-color":"","overlay-opacity":"","overlay-gradient":""},"tablet":{"background-color":"var(--ast-global-color-5)","background-image":"","background-repeat":"repeat","background-position":"center center","background-size":"auto","background-attachment":"scroll","background-type":"","background-media":"","overlay-type":"","overlay-color":"","overlay-opacity":"","overlay-gradient":""},"mobile":{"background-color":"var(--ast-global-color-5)","background-image":"","background-repeat":"repeat","background-position":"center center","background-size":"auto","background-attachment":"scroll","background-type":"","background-media":"","overlay-type":"","overlay-color":"","overlay-opacity":"","overlay-gradient":""}}},"product_brand":[],"product_cat":[1056],"product_tag":[957,1162,1161,963],"class_list":{"0":"post-21149","1":"product","2":"type-product","3":"status-publish","4":"has-post-thumbnail","6":"product_cat-pflanzen-fur-schnittblumen","7":"product_tag-blumenbeete","8":"product_tag-schnittblumen","9":"product_tag-weis-bluhend","10":"product_tag-zierpflanze","11":"desktop-align-left","12":"tablet-align-left","13":"mobile-align-left","14":"ast-product-gallery-layout-horizontal","15":"ast-product-gallery-with-no-image","16":"ast-product-tabs-layout-horizontal","17":"ast-qv-on-image","19":"first","20":"outofstock","21":"taxable","22":"shipping-taxable","23":"purchasable","24":"product-type-simple"},"aioseo_notices":[],"_links":{"self":[{"href":"https:\/\/flanca.si\/de\/wp-json\/wp\/v2\/product\/21149","targetHints":{"allow":["GET"]}}],"collection":[{"href":"https:\/\/flanca.si\/de\/wp-json\/wp\/v2\/product"}],"about":[{"href":"https:\/\/flanca.si\/de\/wp-json\/wp\/v2\/types\/product"}],"wp:featuredmedia":[{"embeddable":true,"href":"https:\/\/flanca.si\/de\/wp-json\/wp\/v2\/media\/21153"}],"wp:attachment":[{"href":"https:\/\/flanca.si\/de\/wp-json\/wp\/v2\/media?parent=21149"}],"wp:term":[{"taxonomy":"product_brand","embeddable":true,"href":"https:\/\/flanca.si\/de\/wp-json\/wp\/v2\/product_brand?post=21149"},{"taxonomy":"product_cat","embeddable":true,"href":"https:\/\/flanca.si\/de\/wp-json\/wp\/v2\/product_cat?post=21149"},{"taxonomy":"product_tag","embeddable":true,"href":"https:\/\/flanca.si\/de\/wp-json\/wp\/v2\/product_tag?post=21149"}],"curies":[{"name":"wp","href":"https:\/\/api.w.org\/{rel}","templated":true}]}}