{"id":21067,"date":"2025-06-16T07:29:02","date_gmt":"2025-06-16T05:29:02","guid":{"rendered":"https:\/\/flanca.si\/?post_type=product&#038;p=21067"},"modified":"2025-06-16T07:37:53","modified_gmt":"2025-06-16T05:37:53","slug":"himbeere-zweifruchtig-autumn-bliss-kopija","status":"publish","type":"product","link":"https:\/\/flanca.si\/de\/produkt\/himbeere-zweifruchtig-autumn-bliss-kopija\/","title":{"rendered":"Himbeere zweifr\u00fcchtig &#8218;Autumn Bliss&#8216; (Kopija)"},"content":{"rendered":"<p>Eine doppelfr\u00fcchtige Himbeere, die ab Mitte Juni zuerst Fr\u00fcchte tr\u00e4gt, die zweite Reifung beginnt im August und dauert bis November oder bis zum ersten Frost. Er erfreut uns mit mittelgro\u00dfen roten Fr\u00fcchten, die aromatisch, mild und leicht s\u00e4uerlich sind. In Bezug auf die Qualit\u00e4t \u00fcbertrifft sie andere Sorten deutlich. Der Standort sollte sonnig und gesch\u00fctzt sein.    <\/p>\n<p>&nbsp;<\/p>\n<p>Himbeeren sind einfach zu z\u00fcchten und eine gro\u00dfartige Erg\u00e4nzung f\u00fcr jeden Garten. F\u00fcr den erfolgreichen Anbau von Himbeeren ist es wichtig, einen geeigneten Standort zu w\u00e4hlen, an dem sie mindestens 6 Stunden Sonnenlicht pro Tag erhalten. Der Boden sollte gut durchl\u00e4ssig und n\u00e4hrstoffreich sein. Beim Pflanzen von Himbeeren sollte darauf geachtet werden, sie nicht zu dicht zu pflanzen, um eine \u00fcberm\u00e4\u00dfige Konkurrenz um Wasser und N\u00e4hrstoffe zu vermeiden. Himbeeren m\u00fcssen regelm\u00e4\u00dfig gegossen werden, vor allem in Trockenperioden, sowie mit Kompost oder organischem D\u00fcnger ged\u00fcngt werden. Regelm\u00e4\u00dfiger R\u00fcckschnitt ist auch wichtig, um das Wachstum neuer Triebe zu stimulieren und den Ertrag zu steigern.<\/p>\n","protected":false},"excerpt":{"rendered":"<ul>\n<li><em>Rubus idaeus &#8222;Herbstgl\u00fcck&#8220;<\/em><\/li>\n<li>Hochprofitabel<\/li>\n<li>aromatische mitteldicke Fr\u00fcchte<\/li>\n<li>reift zum ersten Mal Mitte Juni<\/li>\n<li>kompakter Rosettenwuchs<\/li>\n<\/ul>\n<h4><strong>Verpackt 1 S\u00e4mling auf einmal!<\/strong><\/h4>\n","protected":false},"featured_media":21071,"template":"","meta":{"site-sidebar-layout":"default","site-content-layout":"default","ast-site-content-layout":"default","site-content-style":"default","site-sidebar-style":"default","ast-global-header-display":"","ast-banner-title-visibility":"","ast-main-header-display":"","ast-hfb-above-header-display":"","ast-hfb-below-header-display":"","ast-hfb-mobile-header-display":"","site-post-title":"","ast-breadcrumbs-content":"","ast-featured-img":"","footer-sml-layout":"","ast-disable-related-posts":"","theme-transparent-header-meta":"default","adv-header-id-meta":"","stick-header-meta":"default","header-above-stick-meta":"","header-main-stick-meta":"","header-below-stick-meta":"","astra-migrate-meta-layouts":"set","ast-page-background-enabled":"default","ast-page-background-meta":{"desktop":{"background-color":"","background-image":"","background-repeat":"repeat","background-position":"center center","background-size":"auto","background-attachment":"scroll","background-type":"","background-media":"","overlay-type":"","overlay-color":"","overlay-opacity":"","overlay-gradient":""},"tablet":{"background-color":"","background-image":"","background-repeat":"repeat","background-position":"center center","background-size":"auto","background-attachment":"scroll","background-type":"","background-media":"","overlay-type":"","overlay-color":"","overlay-opacity":"","overlay-gradient":""},"mobile":{"background-color":"","background-image":"","background-repeat":"repeat","background-position":"center center","background-size":"auto","background-attachment":"scroll","background-type":"","background-media":"","overlay-type":"","overlay-color":"","overlay-opacity":"","overlay-gradient":""}},"ast-content-background-meta":{"desktop":{"background-color":"var(--ast-global-color-5)","background-image":"","background-repeat":"repeat","background-position":"center center","background-size":"auto","background-attachment":"scroll","background-type":"","background-media":"","overlay-type":"","overlay-color":"","overlay-opacity":"","overlay-gradient":""},"tablet":{"background-color":"var(--ast-global-color-5)","background-image":"","background-repeat":"repeat","background-position":"center center","background-size":"auto","background-attachment":"scroll","background-type":"","background-media":"","overlay-type":"","overlay-color":"","overlay-opacity":"","overlay-gradient":""},"mobile":{"background-color":"var(--ast-global-color-5)","background-image":"","background-repeat":"repeat","background-position":"center center","background-size":"auto","background-attachment":"scroll","background-type":"","background-media":"","overlay-type":"","overlay-color":"","overlay-opacity":"","overlay-gradient":""}}},"product_brand":[],"product_cat":[913],"product_tag":[1092,916,893,988],"class_list":{"0":"post-21067","1":"product","2":"type-product","3":"status-publish","4":"has-post-thumbnail","6":"product_cat-erdbeeren","7":"product_tag-himbeere","8":"product_tag-obst","9":"product_tag-sommer","10":"product_tag-telugu","11":"desktop-align-left","12":"tablet-align-left","13":"mobile-align-left","14":"ast-product-gallery-layout-horizontal","15":"ast-product-gallery-with-no-image","16":"ast-product-tabs-layout-horizontal","17":"ast-qv-on-image","19":"first","20":"outofstock","21":"taxable","22":"shipping-taxable","23":"purchasable","24":"product-type-simple"},"aioseo_notices":[],"_links":{"self":[{"href":"https:\/\/flanca.si\/de\/wp-json\/wp\/v2\/product\/21067","targetHints":{"allow":["GET"]}}],"collection":[{"href":"https:\/\/flanca.si\/de\/wp-json\/wp\/v2\/product"}],"about":[{"href":"https:\/\/flanca.si\/de\/wp-json\/wp\/v2\/types\/product"}],"wp:featuredmedia":[{"embeddable":true,"href":"https:\/\/flanca.si\/de\/wp-json\/wp\/v2\/media\/21071"}],"wp:attachment":[{"href":"https:\/\/flanca.si\/de\/wp-json\/wp\/v2\/media?parent=21067"}],"wp:term":[{"taxonomy":"product_brand","embeddable":true,"href":"https:\/\/flanca.si\/de\/wp-json\/wp\/v2\/product_brand?post=21067"},{"taxonomy":"product_cat","embeddable":true,"href":"https:\/\/flanca.si\/de\/wp-json\/wp\/v2\/product_cat?post=21067"},{"taxonomy":"product_tag","embeddable":true,"href":"https:\/\/flanca.si\/de\/wp-json\/wp\/v2\/product_tag?post=21067"}],"curies":[{"name":"wp","href":"https:\/\/api.w.org\/{rel}","templated":true}]}}