{"id":19448,"date":"2025-02-19T10:54:40","date_gmt":"2025-02-19T09:54:40","guid":{"rendered":"https:\/\/flanca.si\/?post_type=product&#038;p=19448"},"modified":"2025-02-19T11:03:19","modified_gmt":"2025-02-19T10:03:19","slug":"amerikanisches-stroh-grun-twister-kopija","status":"publish","type":"product","link":"https:\/\/flanca.si\/de\/produkt\/amerikanisches-stroh-grun-twister-kopija\/","title":{"rendered":"Amerikanisches Stroh Gr\u00fcn Twister (Kopija)"},"content":{"rendered":"<p>Die Amerikanische Erdbeere ist eine 70 bis 90 cm hohe Staude (ausnahmsweise bis zu 120 cm). Die Bl\u00e4tter sind klein, l\u00e4nglich und behaart. Rosa Bl\u00fcten sind eigentlich Bl\u00fctenst\u00e4nde. Die Mitte des Bl\u00fctenstandes ist rotbraun und die Bl\u00fctenbl\u00e4tter, die den Bl\u00fctenstand umgeben, sind rosa. Mit ihren Bl\u00fcten lockt sie viele Bienen, Hummeln und andere Insekten an. Pflanzen m\u00fcssen regelm\u00e4\u00dfig gegossen und gegebenenfalls ged\u00fcngt werden.<\/p>\n<p>Im Fr\u00fchjahr wird die amerikanische Erdbeere bis auf den Boden geschnitten. Die amerikanische Erdbeere ist wegen ihrer Bl\u00fcten eine sch\u00f6ne mehrj\u00e4hrige Pflanze, die in gr\u00f6\u00dferen oder kleineren Gruppen auf Beeten, auf unabh\u00e4ngigen Beeten, f\u00fcr Rabatten und in Beh\u00e4ltern gepflanzt wird. Sie kann auch im Kr\u00e4utergarten gepflanzt werden.<\/p>\n<p>&nbsp;<\/p>\n","protected":false},"excerpt":{"rendered":"<ul>\n<li><em>Echinacea purpurea &#8218;Green Twister&#8216;<\/em><\/li>\n<li>Hohe Staude<\/li>\n<li>Zierpflanze<\/li>\n<li>rosa Bl\u00fctenst\u00e4nde mit gr\u00fcnem Rand<\/li>\n<\/ul>\n<h4><strong>Verpackt 1 S\u00e4mling auf einmal!<\/strong><\/h4>\n","protected":false},"featured_media":19452,"template":"","meta":{"site-sidebar-layout":"default","site-content-layout":"default","ast-site-content-layout":"default","site-content-style":"default","site-sidebar-style":"default","ast-global-header-display":"","ast-banner-title-visibility":"","ast-main-header-display":"","ast-hfb-above-header-display":"","ast-hfb-below-header-display":"","ast-hfb-mobile-header-display":"","site-post-title":"","ast-breadcrumbs-content":"","ast-featured-img":"","footer-sml-layout":"","ast-disable-related-posts":"","theme-transparent-header-meta":"default","adv-header-id-meta":"","stick-header-meta":"default","header-above-stick-meta":"","header-main-stick-meta":"","header-below-stick-meta":"","astra-migrate-meta-layouts":"set","ast-page-background-enabled":"default","ast-page-background-meta":{"desktop":{"background-color":"","background-image":"","background-repeat":"repeat","background-position":"center center","background-size":"auto","background-attachment":"scroll","background-type":"","background-media":"","overlay-type":"","overlay-color":"","overlay-opacity":"","overlay-gradient":""},"tablet":{"background-color":"","background-image":"","background-repeat":"repeat","background-position":"center center","background-size":"auto","background-attachment":"scroll","background-type":"","background-media":"","overlay-type":"","overlay-color":"","overlay-opacity":"","overlay-gradient":""},"mobile":{"background-color":"","background-image":"","background-repeat":"repeat","background-position":"center center","background-size":"auto","background-attachment":"scroll","background-type":"","background-media":"","overlay-type":"","overlay-color":"","overlay-opacity":"","overlay-gradient":""}},"ast-content-background-meta":{"desktop":{"background-color":"var(--ast-global-color-5)","background-image":"","background-repeat":"repeat","background-position":"center center","background-size":"auto","background-attachment":"scroll","background-type":"","background-media":"","overlay-type":"","overlay-color":"","overlay-opacity":"","overlay-gradient":""},"tablet":{"background-color":"var(--ast-global-color-5)","background-image":"","background-repeat":"repeat","background-position":"center center","background-size":"auto","background-attachment":"scroll","background-type":"","background-media":"","overlay-type":"","overlay-color":"","overlay-opacity":"","overlay-gradient":""},"mobile":{"background-color":"var(--ast-global-color-5)","background-image":"","background-repeat":"repeat","background-position":"center center","background-size":"auto","background-attachment":"scroll","background-type":"","background-media":"","overlay-type":"","overlay-color":"","overlay-opacity":"","overlay-gradient":""}}},"product_brand":[],"product_cat":[925],"product_tag":[1169,963],"class_list":{"0":"post-19448","1":"product","2":"type-product","3":"status-publish","4":"has-post-thumbnail","6":"product_cat-pflanzen-fur-troge-und-beete","7":"product_tag-amerikanische-erdbeere","8":"product_tag-zierpflanze","9":"desktop-align-left","10":"tablet-align-left","11":"mobile-align-left","12":"ast-product-gallery-layout-horizontal","13":"ast-product-tabs-layout-horizontal","14":"ast-qv-on-image","16":"first","17":"outofstock","18":"taxable","19":"shipping-taxable","20":"purchasable","21":"product-type-simple"},"aioseo_notices":[],"_links":{"self":[{"href":"https:\/\/flanca.si\/de\/wp-json\/wp\/v2\/product\/19448","targetHints":{"allow":["GET"]}}],"collection":[{"href":"https:\/\/flanca.si\/de\/wp-json\/wp\/v2\/product"}],"about":[{"href":"https:\/\/flanca.si\/de\/wp-json\/wp\/v2\/types\/product"}],"wp:featuredmedia":[{"embeddable":true,"href":"https:\/\/flanca.si\/de\/wp-json\/wp\/v2\/media\/19452"}],"wp:attachment":[{"href":"https:\/\/flanca.si\/de\/wp-json\/wp\/v2\/media?parent=19448"}],"wp:term":[{"taxonomy":"product_brand","embeddable":true,"href":"https:\/\/flanca.si\/de\/wp-json\/wp\/v2\/product_brand?post=19448"},{"taxonomy":"product_cat","embeddable":true,"href":"https:\/\/flanca.si\/de\/wp-json\/wp\/v2\/product_cat?post=19448"},{"taxonomy":"product_tag","embeddable":true,"href":"https:\/\/flanca.si\/de\/wp-json\/wp\/v2\/product_tag?post=19448"}],"curies":[{"name":"wp","href":"https:\/\/api.w.org\/{rel}","templated":true}]}}