{"id":19220,"date":"2025-01-15T10:15:44","date_gmt":"2025-01-15T09:15:44","guid":{"rendered":"https:\/\/flanca.si\/izdelek\/langzeitduenger-fuer-nadelbaeume-hecken-1kg\/"},"modified":"2025-01-15T10:15:44","modified_gmt":"2025-01-15T09:15:44","slug":"langzeitduenger-fuer-nadelbaeume-hecken-1kg","status":"publish","type":"product","link":"https:\/\/flanca.si\/de\/produkt\/langzeitduenger-fuer-nadelbaeume-hecken-1kg\/","title":{"rendered":"Langzeitd\u00fcnger f\u00fcr Nadelb\u00e4ume\/Hecken, 1kg"},"content":{"rendered":"<p><strong>VETISA-COTE Langlebiger 100% beschichteter D\u00fcnger 6-MONATIG mit kontrollierter N\u00e4hrstofffreisetzung<\/strong><\/p>\n<p>Es zeichnet sich durch die originale Horti-Cote\u00ae CRF-Technologie und professionelle Qualit\u00e4t aus, ohne \u00fcberm\u00e4\u00dfige Freisetzung bei hohen Temperaturen. Eine einzige Anwendung <strong>reicht f\u00fcr die gesamte Saison<\/strong>, da der D\u00fcnger bis zu 6 Monate wirkt. Die Freisetzung von N\u00e4hrstoffen ist an die Bed\u00fcrfnisse der Pflanzen angepasst und wird durch die Temperatur reguliert. Dabei handelt es sich um einen umweltfreundlichen D\u00fcnger mit einer lang anhaltenden Wirkung auf die Pflanzen. Die leere H\u00fclle ist <strong>biologisch abbaubar<\/strong> und besteht aus organischen Bestandteilen. D\u00fcnger nur dort ausbringen, wo es n\u00f6tig ist. \u00dcberschreiten Sie nicht die empfohlenen Konzentrationen.      <\/p>\n<p><strong>ANWENDUNG VON VETIS-COTE Langlebiger 100% beschichteter D\u00fcnger:<\/strong><\/p>\n<p>D\u00fcnger wird gemischt, wenn in ein Substrat oder eine Erde gepflanzt wird. Streut man es auf die Oberfl\u00e4che, wird es anschlie\u00dfend in die Erde eingemischt. <\/p>\n<p><strong>Dosierung des D\u00fcngers:<\/strong><\/p>\n<p><strong>Balkontr\u00f6ge, T\u00f6pfe<\/strong> 3-4 g pro Liter Substrat (Erde) <strong>Topfpflanzen im Zimmer: <\/strong>2-3 g pro Liter Substrat (Erde) <strong>Garten: Blumen auf Beeten und Stauden: <\/strong>100 g pro 1 m2 Fl\u00e4che<\/p>\n<p>&nbsp;<\/p>\n<p><strong>D\u00dcNGEMITTEL-CODE: FKS 1 (C) (I) (a) (ii) Fester anorganischer Mehrn\u00e4hrstoffd\u00fcnger mit den Makron\u00e4hrstoffen NPK (MgO) 16.6.11+(2) und Spurenn\u00e4hrstoffen  <\/strong><\/p>\n<p><strong>ENTH\u00c4LT:  <\/strong><\/p>\n<ul>\n<li><strong>16 % N (Gesamtstickstoff),<\/strong> davon: Ammoniumstickstoff 8,8 %, Nitratstickstoff (NO3) 7,2 %,<\/li>\n<li><strong>6 % P2O5<\/strong> (Gesamtphosphorpentoxid),<\/li>\n<li>3% P2O5 (Phosphorpentoxid), wasserl\u00f6slich<\/li>\n<li>3 % P2O5 (Phosphorpentoxid), l\u00f6slich in neutralem Ammonium c. und Wasser, <\/li>\n<li><strong>11% K2O<\/strong> (Kaliumoxid) wasserl\u00f6slich,<\/li>\n<li>2,0 % MgO Magnesiumoxid, wasserl\u00f6slich und<\/li>\n<li><strong>Mikron\u00e4hrstoffe:<\/strong> Cu (Kupfer) 0,0783%, wasserl\u00f6sliches Sulfat, Fe (Eisen) 0,33%, Mn (Mangan) 0,13%, wasserl\u00f6slich, Mo (Molybd\u00e4n) 0,011%, wasserl\u00f6slich, Zn (Zink) 0,0783%, wasserl\u00f6sliches Sulfat.<\/li>\n<\/ul>\n","protected":false},"excerpt":{"rendered":"<ul>\n<li>langanhaltender D\u00fcnger mit kontrollierter Freisetzung von N\u00e4hrstoffen<\/li>\n<li>Eine einzige Anwendung reicht f\u00fcr die ganze Saison, der D\u00fcnger wird f\u00fcr 6 Monate freigesetzt<\/li>\n<li>Der D\u00fcnger ist umweltfreundlich<\/li>\n<li>Biologisch abbaubare Verpackung<\/li>\n<\/ul>\n","protected":false},"featured_media":19219,"template":"","meta":{"site-sidebar-layout":"default","site-content-layout":"","ast-site-content-layout":"default","site-content-style":"default","site-sidebar-style":"default","ast-global-header-display":"","ast-banner-title-visibility":"","ast-main-header-display":"","ast-hfb-above-header-display":"","ast-hfb-below-header-display":"","ast-hfb-mobile-header-display":"","site-post-title":"","ast-breadcrumbs-content":"","ast-featured-img":"","footer-sml-layout":"","ast-disable-related-posts":"","theme-transparent-header-meta":"default","adv-header-id-meta":"","stick-header-meta":"default","header-above-stick-meta":"","header-main-stick-meta":"","header-below-stick-meta":"","astra-migrate-meta-layouts":"default","ast-page-background-enabled":"default","ast-page-background-meta":{"desktop":{"background-color":"","background-image":"","background-repeat":"repeat","background-position":"center center","background-size":"auto","background-attachment":"scroll","background-type":"","background-media":"","overlay-type":"","overlay-color":"","overlay-opacity":"","overlay-gradient":""},"tablet":{"background-color":"","background-image":"","background-repeat":"repeat","background-position":"center center","background-size":"auto","background-attachment":"scroll","background-type":"","background-media":"","overlay-type":"","overlay-color":"","overlay-opacity":"","overlay-gradient":""},"mobile":{"background-color":"","background-image":"","background-repeat":"repeat","background-position":"center center","background-size":"auto","background-attachment":"scroll","background-type":"","background-media":"","overlay-type":"","overlay-color":"","overlay-opacity":"","overlay-gradient":""}},"ast-content-background-meta":{"desktop":{"background-color":"var(--ast-global-color-5)","background-image":"","background-repeat":"repeat","background-position":"center center","background-size":"auto","background-attachment":"scroll","background-type":"","background-media":"","overlay-type":"","overlay-color":"","overlay-opacity":"","overlay-gradient":""},"tablet":{"background-color":"var(--ast-global-color-5)","background-image":"","background-repeat":"repeat","background-position":"center center","background-size":"auto","background-attachment":"scroll","background-type":"","background-media":"","overlay-type":"","overlay-color":"","overlay-opacity":"","overlay-gradient":""},"mobile":{"background-color":"var(--ast-global-color-5)","background-image":"","background-repeat":"repeat","background-position":"center center","background-size":"auto","background-attachment":"scroll","background-type":"","background-media":"","overlay-type":"","overlay-color":"","overlay-opacity":"","overlay-gradient":""}}},"product_brand":[],"product_cat":[1581],"product_tag":[],"class_list":{"0":"post-19220","1":"product","2":"type-product","3":"status-publish","4":"has-post-thumbnail","6":"product_cat-uncategorized","7":"desktop-align-left","8":"tablet-align-left","9":"mobile-align-left","10":"ast-product-gallery-layout-horizontal","11":"ast-product-gallery-with-no-image","12":"ast-product-tabs-layout-horizontal","13":"ast-qv-on-image","15":"first","16":"instock","17":"taxable","18":"shipping-taxable","19":"purchasable","20":"product-type-simple"},"aioseo_notices":[],"_links":{"self":[{"href":"https:\/\/flanca.si\/de\/wp-json\/wp\/v2\/product\/19220","targetHints":{"allow":["GET"]}}],"collection":[{"href":"https:\/\/flanca.si\/de\/wp-json\/wp\/v2\/product"}],"about":[{"href":"https:\/\/flanca.si\/de\/wp-json\/wp\/v2\/types\/product"}],"wp:featuredmedia":[{"embeddable":true,"href":"https:\/\/flanca.si\/de\/wp-json\/wp\/v2\/media\/19219"}],"wp:attachment":[{"href":"https:\/\/flanca.si\/de\/wp-json\/wp\/v2\/media?parent=19220"}],"wp:term":[{"taxonomy":"product_brand","embeddable":true,"href":"https:\/\/flanca.si\/de\/wp-json\/wp\/v2\/product_brand?post=19220"},{"taxonomy":"product_cat","embeddable":true,"href":"https:\/\/flanca.si\/de\/wp-json\/wp\/v2\/product_cat?post=19220"},{"taxonomy":"product_tag","embeddable":true,"href":"https:\/\/flanca.si\/de\/wp-json\/wp\/v2\/product_tag?post=19220"}],"curies":[{"name":"wp","href":"https:\/\/api.w.org\/{rel}","templated":true}]}}