{"id":15697,"date":"2022-02-12T09:16:30","date_gmt":"2022-02-12T08:16:30","guid":{"rendered":"https:\/\/flanca.si\/izdelek\/humko-kompost-zum-umtopfen-50-l\/"},"modified":"2022-02-12T09:16:30","modified_gmt":"2022-02-12T08:16:30","slug":"humko-kompost-zum-umtopfen-50-l","status":"publish","type":"product","link":"https:\/\/flanca.si\/de\/produkt\/humko-kompost-zum-umtopfen-50-l\/","title":{"rendered":"HUMKO Kompost zum Umtopfen 50 L"},"content":{"rendered":"<p>Grundlegendes Gartenbausubstrat zum Umpflanzen. Pflanzerde wird f\u00fcr die Direktsaat verwendet und ist eine v\u00f6llig nat\u00fcrliche Mischung, die auch im \u00f6kologischen Landbau erlaubt ist. Er enth\u00e4lt voll vergorenen und gereiften Kompost. Die Buckelkompostmischung enth\u00e4lt die Zugabe von Wei\u00dftorf zur Senkung des pH-Wertes, Holzfasern mit Zusatz von Ton und Zeolithen, um die Puffereigenschaften und die Austauschkapazit\u00e4t zu erh\u00f6hen.  <\/p>\n","protected":false},"excerpt":{"rendered":"<ul>\n<li>Grundlegendes Gartensubstrat zum Umpflanzen<\/li>\n<li>f\u00fcr die Direktbepflanzung<\/li>\n<li>auch in der \u00f6kologischen Produktion erlaubt<\/li>\n<li>Enth\u00e4lt den Zusatz von Wei\u00dftorf, Holzfasern und Zeolith<\/li>\n<li>verpackt in S\u00e4cken \u00e0 50 L<\/li>\n<\/ul>\n","protected":false},"featured_media":13325,"template":"","meta":{"site-sidebar-layout":"default","site-content-layout":"default","ast-site-content-layout":"default","site-content-style":"default","site-sidebar-style":"default","ast-global-header-display":"","ast-banner-title-visibility":"","ast-main-header-display":"","ast-hfb-above-header-display":"","ast-hfb-below-header-display":"","ast-hfb-mobile-header-display":"","site-post-title":"","ast-breadcrumbs-content":"","ast-featured-img":"","footer-sml-layout":"","ast-disable-related-posts":"","theme-transparent-header-meta":"","adv-header-id-meta":"","stick-header-meta":"","header-above-stick-meta":"","header-main-stick-meta":"","header-below-stick-meta":"","astra-migrate-meta-layouts":"default","ast-page-background-enabled":"default","ast-page-background-meta":{"desktop":{"background-color":"","background-image":"","background-repeat":"repeat","background-position":"center center","background-size":"auto","background-attachment":"scroll","background-type":"","background-media":"","overlay-type":"","overlay-color":"","overlay-opacity":"","overlay-gradient":""},"tablet":{"background-color":"","background-image":"","background-repeat":"repeat","background-position":"center center","background-size":"auto","background-attachment":"scroll","background-type":"","background-media":"","overlay-type":"","overlay-color":"","overlay-opacity":"","overlay-gradient":""},"mobile":{"background-color":"","background-image":"","background-repeat":"repeat","background-position":"center center","background-size":"auto","background-attachment":"scroll","background-type":"","background-media":"","overlay-type":"","overlay-color":"","overlay-opacity":"","overlay-gradient":""}},"ast-content-background-meta":{"desktop":{"background-color":"var(--ast-global-color-5)","background-image":"","background-repeat":"repeat","background-position":"center center","background-size":"auto","background-attachment":"scroll","background-type":"","background-media":"","overlay-type":"","overlay-color":"","overlay-opacity":"","overlay-gradient":""},"tablet":{"background-color":"var(--ast-global-color-5)","background-image":"","background-repeat":"repeat","background-position":"center center","background-size":"auto","background-attachment":"scroll","background-type":"","background-media":"","overlay-type":"","overlay-color":"","overlay-opacity":"","overlay-gradient":""},"mobile":{"background-color":"var(--ast-global-color-5)","background-image":"","background-repeat":"repeat","background-position":"center center","background-size":"auto","background-attachment":"scroll","background-type":"","background-media":"","overlay-type":"","overlay-color":"","overlay-opacity":"","overlay-gradient":""}}},"product_brand":[],"product_cat":[1112],"product_tag":[1579,902,1238,1578,1580],"class_list":{"0":"post-15697","1":"product","2":"type-product","3":"status-publish","4":"has-post-thumbnail","6":"product_cat-substrate","7":"product_tag-bepflanzung","8":"product_tag-besseres-wachstum","9":"product_tag-gemuse","10":"product_tag-sieben","11":"product_tag-spritzen","12":"product_shipping_class-personliche-abholung","13":"desktop-align-left","14":"tablet-align-left","15":"mobile-align-left","16":"ast-product-gallery-layout-horizontal","17":"ast-product-gallery-with-no-image","18":"ast-product-tabs-layout-horizontal","19":"ast-qv-on-image","21":"first","22":"instock","23":"taxable","24":"shipping-taxable","25":"purchasable","26":"product-type-simple"},"aioseo_notices":[],"_links":{"self":[{"href":"https:\/\/flanca.si\/de\/wp-json\/wp\/v2\/product\/15697","targetHints":{"allow":["GET"]}}],"collection":[{"href":"https:\/\/flanca.si\/de\/wp-json\/wp\/v2\/product"}],"about":[{"href":"https:\/\/flanca.si\/de\/wp-json\/wp\/v2\/types\/product"}],"wp:featuredmedia":[{"embeddable":true,"href":"https:\/\/flanca.si\/de\/wp-json\/wp\/v2\/media\/13325"}],"wp:attachment":[{"href":"https:\/\/flanca.si\/de\/wp-json\/wp\/v2\/media?parent=15697"}],"wp:term":[{"taxonomy":"product_brand","embeddable":true,"href":"https:\/\/flanca.si\/de\/wp-json\/wp\/v2\/product_brand?post=15697"},{"taxonomy":"product_cat","embeddable":true,"href":"https:\/\/flanca.si\/de\/wp-json\/wp\/v2\/product_cat?post=15697"},{"taxonomy":"product_tag","embeddable":true,"href":"https:\/\/flanca.si\/de\/wp-json\/wp\/v2\/product_tag?post=15697"}],"curies":[{"name":"wp","href":"https:\/\/api.w.org\/{rel}","templated":true}]}}