{"id":15692,"date":"2022-03-26T10:13:10","date_gmt":"2022-03-26T09:13:10","guid":{"rendered":"https:\/\/flanca.si\/izdelek\/amerikanische-erdbeer-pollynation-orange-red\/"},"modified":"2022-03-26T10:13:10","modified_gmt":"2022-03-26T09:13:10","slug":"amerikanische-erdbeer-pollynation-orange-red","status":"publish","type":"product","link":"https:\/\/flanca.si\/de\/produkt\/amerikanische-erdbeer-pollynation-orange-red\/","title":{"rendered":"Amerikanische Erdbeer-Pollynation &#8218;Orange Red&#8216;"},"content":{"rendered":"<p>Die amerikanische Erdbeere der Pollynation-Sorte &#8218;Orange Red&#8216; bildet orangefarbene Bl\u00fcten. Die auff\u00e4lligen Farben der gro\u00dfen Bl\u00fcten kontrastieren mit den gro\u00dfen, braunen Zapfen dieser sonnigen Blume. Gerade wegen des lebendigen Farbenspiels ist die Sorte bei G\u00e4rtnern und G\u00e4rtnern sehr beliebt. Kombiniert man die Pflanze mit anderen bl\u00fchenden Stauden, entsteht ein gro\u00dfes Spektrum an unterschiedlichen Bl\u00fctenfarben und -formen. Pflanzen dieser amerikanischen Erdbeersorte werden bis zu 80 cm hoch. Wie die anderen Sorten bl\u00fcht auch diese von Juli bis September. Die Pflanze ist mellifer, so dass wir viele Bienen und Hummeln auf ihr finden werden. Die amerikanische Erdbeere gedeiht auf lehmiger, gut durchl\u00e4ssiger Gartenerde. Er eignet sich f\u00fcr sonnige Standorte, die reich mit organischer Substanz ged\u00fcngt sind.<br \/>\nIm Fr\u00fchjahr wird die amerikanische Erdbeere bis auf den Boden geschnitten. Es kann auf Blumenbeeten, vor dem Hintergrund von Steing\u00e4rten und Blumenbeeten gepflanzt werden. Die Bl\u00fcten ihrer gro\u00dfen und ausdauernden Bl\u00fcten k\u00f6nnen auch als Schnittblumen in Arrangements verwendet werden.  <\/p>\n","protected":false},"excerpt":{"rendered":"<ul>\n<li><em>Echinacea purpurea<\/em><\/li>\n<li>mehrj\u00e4hrig<\/li>\n<li>Blumen in verschiedenen Sonnenschattierungen<\/li>\n<li>Beliebte Sorte<\/li>\n<li>Honigpflanze<\/li>\n<li>Es kann f\u00fcr Schnittblumen verwendet werden<\/li>\n<\/ul>\n<h4><strong>Verpackt 1 S\u00e4mling auf einmal!<\/strong><\/h4>\n","protected":false},"featured_media":13640,"template":"","meta":{"site-sidebar-layout":"default","site-content-layout":"default","ast-site-content-layout":"default","site-content-style":"default","site-sidebar-style":"default","ast-global-header-display":"","ast-banner-title-visibility":"","ast-main-header-display":"","ast-hfb-above-header-display":"","ast-hfb-below-header-display":"","ast-hfb-mobile-header-display":"","site-post-title":"","ast-breadcrumbs-content":"","ast-featured-img":"","footer-sml-layout":"","ast-disable-related-posts":"","theme-transparent-header-meta":"default","adv-header-id-meta":"","stick-header-meta":"default","header-above-stick-meta":"","header-main-stick-meta":"","header-below-stick-meta":"","astra-migrate-meta-layouts":"default","ast-page-background-enabled":"default","ast-page-background-meta":{"desktop":{"background-color":"","background-image":"","background-repeat":"repeat","background-position":"center center","background-size":"auto","background-attachment":"scroll","background-type":"","background-media":"","overlay-type":"","overlay-color":"","overlay-opacity":"","overlay-gradient":""},"tablet":{"background-color":"","background-image":"","background-repeat":"repeat","background-position":"center center","background-size":"auto","background-attachment":"scroll","background-type":"","background-media":"","overlay-type":"","overlay-color":"","overlay-opacity":"","overlay-gradient":""},"mobile":{"background-color":"","background-image":"","background-repeat":"repeat","background-position":"center center","background-size":"auto","background-attachment":"scroll","background-type":"","background-media":"","overlay-type":"","overlay-color":"","overlay-opacity":"","overlay-gradient":""}},"ast-content-background-meta":{"desktop":{"background-color":"var(--ast-global-color-5)","background-image":"","background-repeat":"repeat","background-position":"center center","background-size":"auto","background-attachment":"scroll","background-type":"","background-media":"","overlay-type":"","overlay-color":"","overlay-opacity":"","overlay-gradient":""},"tablet":{"background-color":"var(--ast-global-color-5)","background-image":"","background-repeat":"repeat","background-position":"center center","background-size":"auto","background-attachment":"scroll","background-type":"","background-media":"","overlay-type":"","overlay-color":"","overlay-opacity":"","overlay-gradient":""},"mobile":{"background-color":"var(--ast-global-color-5)","background-image":"","background-repeat":"repeat","background-position":"center center","background-size":"auto","background-attachment":"scroll","background-type":"","background-media":"","overlay-type":"","overlay-color":"","overlay-opacity":"","overlay-gradient":""}}},"product_brand":[],"product_cat":[925],"product_tag":[1169,1252,1162,963],"class_list":{"0":"post-15692","1":"product","2":"type-product","3":"status-publish","4":"has-post-thumbnail","6":"product_cat-pflanzen-fur-troge-und-beete","7":"product_tag-amerikanische-erdbeere","8":"product_tag-bunte-blumen-de","9":"product_tag-schnittblumen","10":"product_tag-zierpflanze","11":"desktop-align-left","12":"tablet-align-left","13":"mobile-align-left","14":"ast-product-gallery-layout-horizontal","15":"ast-product-gallery-with-no-image","16":"ast-product-tabs-layout-horizontal","17":"ast-qv-on-image","19":"first","20":"outofstock","21":"taxable","22":"shipping-taxable","23":"purchasable","24":"product-type-simple"},"aioseo_notices":[],"_links":{"self":[{"href":"https:\/\/flanca.si\/de\/wp-json\/wp\/v2\/product\/15692","targetHints":{"allow":["GET"]}}],"collection":[{"href":"https:\/\/flanca.si\/de\/wp-json\/wp\/v2\/product"}],"about":[{"href":"https:\/\/flanca.si\/de\/wp-json\/wp\/v2\/types\/product"}],"wp:featuredmedia":[{"embeddable":true,"href":"https:\/\/flanca.si\/de\/wp-json\/wp\/v2\/media\/13640"}],"wp:attachment":[{"href":"https:\/\/flanca.si\/de\/wp-json\/wp\/v2\/media?parent=15692"}],"wp:term":[{"taxonomy":"product_brand","embeddable":true,"href":"https:\/\/flanca.si\/de\/wp-json\/wp\/v2\/product_brand?post=15692"},{"taxonomy":"product_cat","embeddable":true,"href":"https:\/\/flanca.si\/de\/wp-json\/wp\/v2\/product_cat?post=15692"},{"taxonomy":"product_tag","embeddable":true,"href":"https:\/\/flanca.si\/de\/wp-json\/wp\/v2\/product_tag?post=15692"}],"curies":[{"name":"wp","href":"https:\/\/api.w.org\/{rel}","templated":true}]}}