{"id":15674,"date":"2022-06-29T07:51:47","date_gmt":"2022-06-29T05:51:47","guid":{"rendered":"https:\/\/flanca.si\/izdelek\/kohl-chinesisch-rot\/"},"modified":"2022-06-29T07:51:47","modified_gmt":"2022-06-29T05:51:47","slug":"kohl-chinesisch-rot","status":"publish","type":"product","link":"https:\/\/flanca.si\/de\/produkt\/kohl-chinesisch-rot\/","title":{"rendered":"Kohl Chinesisch Rot"},"content":{"rendered":"<p>In China wird diese Kohlsorte bereits seit dem 5. Jahrhundert angebaut. Es handelt sich um einen schnell wachsenden Kohl, der im Juli-August gepflanzt und im Sp\u00e4therbst geerntet wird. Er vertr\u00e4gt niedrige Temperaturen gut und gedeiht im Freien bis zu den ersten l\u00e4ngeren Fr\u00f6sten. Er zeichnet sich durch gute kompakte K\u00f6pfe mit hochwertiger Innenstruktur aus, die gut und lange gelagert werden. Er eignet sich besonders f\u00fcr die Zubereitung von Salaten. Es enth\u00e4lt eine gro\u00dfe Menge Utitamin B und st\u00e4rkt das Nervensystem.   <\/p>\n","protected":false},"excerpt":{"rendered":"<ul>\n<li>Wir pflanzen im Juli und August<\/li>\n<li>Wir machen im Sp\u00e4therbst weiter.<\/li>\n<li>super f\u00fcr Salat<\/li>\n<li>enth\u00e4lt Vitamin B und st\u00e4rkt das Nervensystem<\/li>\n<\/ul>\n<h4><strong>Jeweils 6 Setzlinge verpackt!<\/strong><\/h4>\n","protected":false},"featured_media":13366,"template":"","meta":{"site-sidebar-layout":"default","site-content-layout":"default","ast-site-content-layout":"default","site-content-style":"default","site-sidebar-style":"default","ast-global-header-display":"","ast-banner-title-visibility":"","ast-main-header-display":"","ast-hfb-above-header-display":"","ast-hfb-below-header-display":"","ast-hfb-mobile-header-display":"","site-post-title":"","ast-breadcrumbs-content":"","ast-featured-img":"","footer-sml-layout":"","ast-disable-related-posts":"","theme-transparent-header-meta":"default","adv-header-id-meta":"","stick-header-meta":"default","header-above-stick-meta":"","header-main-stick-meta":"","header-below-stick-meta":"","astra-migrate-meta-layouts":"default","ast-page-background-enabled":"default","ast-page-background-meta":{"desktop":{"background-color":"","background-image":"","background-repeat":"repeat","background-position":"center center","background-size":"auto","background-attachment":"scroll","background-type":"","background-media":"","overlay-type":"","overlay-color":"","overlay-opacity":"","overlay-gradient":""},"tablet":{"background-color":"","background-image":"","background-repeat":"repeat","background-position":"center center","background-size":"auto","background-attachment":"scroll","background-type":"","background-media":"","overlay-type":"","overlay-color":"","overlay-opacity":"","overlay-gradient":""},"mobile":{"background-color":"","background-image":"","background-repeat":"repeat","background-position":"center center","background-size":"auto","background-attachment":"scroll","background-type":"","background-media":"","overlay-type":"","overlay-color":"","overlay-opacity":"","overlay-gradient":""}},"ast-content-background-meta":{"desktop":{"background-color":"var(--ast-global-color-5)","background-image":"","background-repeat":"repeat","background-position":"center center","background-size":"auto","background-attachment":"scroll","background-type":"","background-media":"","overlay-type":"","overlay-color":"","overlay-opacity":"","overlay-gradient":""},"tablet":{"background-color":"var(--ast-global-color-5)","background-image":"","background-repeat":"repeat","background-position":"center center","background-size":"auto","background-attachment":"scroll","background-type":"","background-media":"","overlay-type":"","overlay-color":"","overlay-opacity":"","overlay-gradient":""},"mobile":{"background-color":"var(--ast-global-color-5)","background-image":"","background-repeat":"repeat","background-position":"center center","background-size":"auto","background-attachment":"scroll","background-type":"","background-media":"","overlay-type":"","overlay-color":"","overlay-opacity":"","overlay-gradient":""}}},"product_brand":[],"product_cat":[927],"product_tag":[1159,929,1177],"class_list":{"0":"post-15674","1":"product","2":"type-product","3":"status-publish","4":"has-post-thumbnail","6":"product_cat-kohl","7":"product_tag-kohl-de","8":"product_tag-kohl","9":"product_tag-salat-sellerie","10":"desktop-align-left","11":"tablet-align-left","12":"mobile-align-left","13":"ast-product-gallery-layout-horizontal","14":"ast-product-gallery-with-no-image","15":"ast-product-tabs-layout-horizontal","16":"ast-qv-on-image","18":"first","19":"outofstock","20":"taxable","21":"shipping-taxable","22":"purchasable","23":"product-type-simple"},"aioseo_notices":[],"_links":{"self":[{"href":"https:\/\/flanca.si\/de\/wp-json\/wp\/v2\/product\/15674","targetHints":{"allow":["GET"]}}],"collection":[{"href":"https:\/\/flanca.si\/de\/wp-json\/wp\/v2\/product"}],"about":[{"href":"https:\/\/flanca.si\/de\/wp-json\/wp\/v2\/types\/product"}],"wp:featuredmedia":[{"embeddable":true,"href":"https:\/\/flanca.si\/de\/wp-json\/wp\/v2\/media\/13366"}],"wp:attachment":[{"href":"https:\/\/flanca.si\/de\/wp-json\/wp\/v2\/media?parent=15674"}],"wp:term":[{"taxonomy":"product_brand","embeddable":true,"href":"https:\/\/flanca.si\/de\/wp-json\/wp\/v2\/product_brand?post=15674"},{"taxonomy":"product_cat","embeddable":true,"href":"https:\/\/flanca.si\/de\/wp-json\/wp\/v2\/product_cat?post=15674"},{"taxonomy":"product_tag","embeddable":true,"href":"https:\/\/flanca.si\/de\/wp-json\/wp\/v2\/product_tag?post=15674"}],"curies":[{"name":"wp","href":"https:\/\/api.w.org\/{rel}","templated":true}]}}