{"id":15669,"date":"2022-06-24T09:32:29","date_gmt":"2022-06-24T07:32:29","guid":{"rendered":"https:\/\/flanca.si\/izdelek\/faserschleier-32m-x-10m-winter\/"},"modified":"2022-06-24T09:32:29","modified_gmt":"2022-06-24T07:32:29","slug":"faserschleier-32m-x-10m-winter","status":"publish","type":"product","link":"https:\/\/flanca.si\/de\/produkt\/faserschleier-32m-x-10m-winter\/","title":{"rendered":"Faserschleier 3,2m x 10m Winter"},"content":{"rendered":"<p>Fenchel ist w\u00e4hrend der gesamten Vegetationsperiode n\u00fctzlich. Er sch\u00fctzt unsere Pflanzen am effektivsten bei extremen Wetterbedingungen. Aufgrund seiner Leichtigkeit und spezifischen Zusammensetzung l\u00e4sst der Stoff sowohl Luft, Licht als auch einen gro\u00dfen Prozentsatz an Feuchtigkeit durch, was die Grundlage f\u00fcr ein gesundes und schnelles Pflanzenwachstum sowie eine fr\u00fchere und reichlichere Ernte ist. Durch sein geringes Gewicht verhindert es Sch\u00e4den an den Pflanzen. Es wird verwendet, um Pflanzen vor extremen Wetterbedingungen wie Hagel und starkem Regen zu sch\u00fctzen, aber es bietet auch physischen Schutz vor Insekten und anderen Tieren. Es besteht aus Materialien, die f\u00fcr die biologische Produktion und das Recycling geeignet sind. Aufgrund seiner Best\u00e4ndigkeit gegen UV-Licht kann es mehrfach verwendet werden.<br \/>\nGartenfenchel kann zum Abdecken der Beete verwendet werden, und an den R\u00e4ndern mit passenden Keilen beschwert werden, die auch in unserem Onlineshop zu finden sind. Sie k\u00f6nnen daraus jedoch leicht einen niedrigen Tunnel bilden, in dem die Pflanzen im zeitigen Fr\u00fchjahr oder sp\u00e4ten Herbst g\u00fcnstigere Wachstumsbedingungen haben.   <\/p>\n","protected":false},"excerpt":{"rendered":"<ul>\n<li>30 g<\/li>\n<li>3,2 m x 10 m<\/li>\n<li>Schutz vor widrigen Witterungsbedingungen<\/li>\n<li>Mehrweg<\/li>\n<\/ul>\n<h4><strong>Verpackt zu 1 St\u00fcck!<\/strong><\/h4>\n","protected":false},"featured_media":12782,"template":"","meta":{"site-sidebar-layout":"default","site-content-layout":"default","ast-site-content-layout":"default","site-content-style":"default","site-sidebar-style":"default","ast-global-header-display":"","ast-banner-title-visibility":"","ast-main-header-display":"","ast-hfb-above-header-display":"","ast-hfb-below-header-display":"","ast-hfb-mobile-header-display":"","site-post-title":"","ast-breadcrumbs-content":"","ast-featured-img":"","footer-sml-layout":"","ast-disable-related-posts":"","theme-transparent-header-meta":"default","adv-header-id-meta":"","stick-header-meta":"default","header-above-stick-meta":"","header-main-stick-meta":"","header-below-stick-meta":"","astra-migrate-meta-layouts":"default","ast-page-background-enabled":"default","ast-page-background-meta":{"desktop":{"background-color":"","background-image":"","background-repeat":"repeat","background-position":"center center","background-size":"auto","background-attachment":"scroll","background-type":"","background-media":"","overlay-type":"","overlay-color":"","overlay-opacity":"","overlay-gradient":""},"tablet":{"background-color":"","background-image":"","background-repeat":"repeat","background-position":"center center","background-size":"auto","background-attachment":"scroll","background-type":"","background-media":"","overlay-type":"","overlay-color":"","overlay-opacity":"","overlay-gradient":""},"mobile":{"background-color":"","background-image":"","background-repeat":"repeat","background-position":"center center","background-size":"auto","background-attachment":"scroll","background-type":"","background-media":"","overlay-type":"","overlay-color":"","overlay-opacity":"","overlay-gradient":""}},"ast-content-background-meta":{"desktop":{"background-color":"var(--ast-global-color-5)","background-image":"","background-repeat":"repeat","background-position":"center center","background-size":"auto","background-attachment":"scroll","background-type":"","background-media":"","overlay-type":"","overlay-color":"","overlay-opacity":"","overlay-gradient":""},"tablet":{"background-color":"var(--ast-global-color-5)","background-image":"","background-repeat":"repeat","background-position":"center center","background-size":"auto","background-attachment":"scroll","background-type":"","background-media":"","overlay-type":"","overlay-color":"","overlay-opacity":"","overlay-gradient":""},"mobile":{"background-color":"var(--ast-global-color-5)","background-image":"","background-repeat":"repeat","background-position":"center center","background-size":"auto","background-attachment":"scroll","background-type":"","background-media":"","overlay-type":"","overlay-color":"","overlay-opacity":"","overlay-gradient":""}}},"product_brand":[],"product_cat":[1225],"product_tag":[1234,869,1226,1232],"class_list":{"0":"post-15669","1":"product","2":"type-product","3":"status-publish","4":"has-post-thumbnail","6":"product_cat-folien-und-netze-fur-den-garten","7":"product_tag-faserige-folie","8":"product_tag-fernlicht","9":"product_tag-schutz-des-gartens","10":"product_tag-telugu-de-3","11":"desktop-align-left","12":"tablet-align-left","13":"mobile-align-left","14":"ast-product-gallery-layout-horizontal","15":"ast-product-gallery-with-no-image","16":"ast-product-tabs-layout-horizontal","17":"ast-qv-on-image","19":"first","20":"outofstock","21":"taxable","22":"shipping-taxable","23":"purchasable","24":"product-type-simple"},"aioseo_notices":[],"_links":{"self":[{"href":"https:\/\/flanca.si\/de\/wp-json\/wp\/v2\/product\/15669","targetHints":{"allow":["GET"]}}],"collection":[{"href":"https:\/\/flanca.si\/de\/wp-json\/wp\/v2\/product"}],"about":[{"href":"https:\/\/flanca.si\/de\/wp-json\/wp\/v2\/types\/product"}],"wp:featuredmedia":[{"embeddable":true,"href":"https:\/\/flanca.si\/de\/wp-json\/wp\/v2\/media\/12782"}],"wp:attachment":[{"href":"https:\/\/flanca.si\/de\/wp-json\/wp\/v2\/media?parent=15669"}],"wp:term":[{"taxonomy":"product_brand","embeddable":true,"href":"https:\/\/flanca.si\/de\/wp-json\/wp\/v2\/product_brand?post=15669"},{"taxonomy":"product_cat","embeddable":true,"href":"https:\/\/flanca.si\/de\/wp-json\/wp\/v2\/product_cat?post=15669"},{"taxonomy":"product_tag","embeddable":true,"href":"https:\/\/flanca.si\/de\/wp-json\/wp\/v2\/product_tag?post=15669"}],"curies":[{"name":"wp","href":"https:\/\/api.w.org\/{rel}","templated":true}]}}