{"id":15655,"date":"2021-02-04T07:21:41","date_gmt":"2021-02-04T06:21:41","guid":{"rendered":"https:\/\/flanca.si\/izdelek\/levisia-elise-weiss\/"},"modified":"2021-02-04T07:21:41","modified_gmt":"2021-02-04T06:21:41","slug":"levisia-elise-weiss","status":"publish","type":"product","link":"https:\/\/flanca.si\/de\/produkt\/levisia-elise-weiss\/","title":{"rendered":"Levisia Elise Wei\u00df"},"content":{"rendered":"<p>Bei der ausgew\u00e4hlten Sorte Levizia handelt es sich um eine mehrj\u00e4hrige Pflanze, die von Juni bis Oktober wei\u00df bl\u00fcht. Die Bl\u00fcten dieser Staude sind von der Blattrosette leicht erhaben. Seine maximale H\u00f6he betr\u00e4gt 5 cm. Es handelt sich um eine charmante und unpr\u00e4tenti\u00f6se mehrj\u00e4hrige Pflanze, die an sonnigen Standorten und gut durchl\u00e4ssigen B\u00f6den gepflanzt wird. Sie eignet sich vor allem f\u00fcr die Bepflanzung in Steing\u00e4rten. Er geh\u00f6rt zur Familie der Tolschtschaks. Es handelt sich um eine mehrj\u00e4hrige Pflanze, bei der die Bl\u00fctenstiele bis zu 30 cm gro\u00df werden k\u00f6nnen.  <\/p>\n","protected":false},"excerpt":{"rendered":"<ul>\n<li><em>Lewisia Cotyledon Elise Elise Wei\u00df<\/em><\/li>\n<li>mehrj\u00e4hrig<\/li>\n<li>f\u00fcr Steing\u00e4rten, sonnige Pl\u00e4tze<\/li>\n<li>rosa Bl\u00fcten, die \u00fcber der Blattrosette erhoben sind<\/li>\n<li>unpr\u00e4tenti\u00f6s zu erziehen<\/li>\n<\/ul>\n<h4><strong>Verpackt 1 S\u00e4mling auf einmal!<\/strong><\/h4>\n","protected":false},"featured_media":13146,"template":"","meta":{"site-sidebar-layout":"default","site-content-layout":"default","ast-site-content-layout":"default","site-content-style":"default","site-sidebar-style":"default","ast-global-header-display":"","ast-banner-title-visibility":"","ast-main-header-display":"","ast-hfb-above-header-display":"","ast-hfb-below-header-display":"","ast-hfb-mobile-header-display":"","site-post-title":"","ast-breadcrumbs-content":"","ast-featured-img":"","footer-sml-layout":"","ast-disable-related-posts":"","theme-transparent-header-meta":"default","adv-header-id-meta":"","stick-header-meta":"default","header-above-stick-meta":"","header-main-stick-meta":"","header-below-stick-meta":"","astra-migrate-meta-layouts":"default","ast-page-background-enabled":"default","ast-page-background-meta":{"desktop":{"background-color":"","background-image":"","background-repeat":"repeat","background-position":"center center","background-size":"auto","background-attachment":"scroll","background-type":"","background-media":"","overlay-type":"","overlay-color":"","overlay-opacity":"","overlay-gradient":""},"tablet":{"background-color":"","background-image":"","background-repeat":"repeat","background-position":"center center","background-size":"auto","background-attachment":"scroll","background-type":"","background-media":"","overlay-type":"","overlay-color":"","overlay-opacity":"","overlay-gradient":""},"mobile":{"background-color":"","background-image":"","background-repeat":"repeat","background-position":"center center","background-size":"auto","background-attachment":"scroll","background-type":"","background-media":"","overlay-type":"","overlay-color":"","overlay-opacity":"","overlay-gradient":""}},"ast-content-background-meta":{"desktop":{"background-color":"var(--ast-global-color-5)","background-image":"","background-repeat":"repeat","background-position":"center center","background-size":"auto","background-attachment":"scroll","background-type":"","background-media":"","overlay-type":"","overlay-color":"","overlay-opacity":"","overlay-gradient":""},"tablet":{"background-color":"var(--ast-global-color-5)","background-image":"","background-repeat":"repeat","background-position":"center center","background-size":"auto","background-attachment":"scroll","background-type":"","background-media":"","overlay-type":"","overlay-color":"","overlay-opacity":"","overlay-gradient":""},"mobile":{"background-color":"var(--ast-global-color-5)","background-image":"","background-repeat":"repeat","background-position":"center center","background-size":"auto","background-attachment":"scroll","background-type":"","background-media":"","overlay-type":"","overlay-color":"","overlay-opacity":"","overlay-gradient":""}}},"product_brand":[],"product_cat":[925],"product_tag":[1019],"class_list":{"0":"post-15655","1":"product","2":"type-product","3":"status-publish","4":"has-post-thumbnail","6":"product_cat-pflanzen-fur-troge-und-beete","7":"product_tag-steingarten","8":"desktop-align-left","9":"tablet-align-left","10":"mobile-align-left","11":"ast-product-gallery-layout-horizontal","12":"ast-product-tabs-layout-horizontal","13":"ast-qv-on-image","15":"first","16":"outofstock","17":"taxable","18":"shipping-taxable","19":"purchasable","20":"product-type-simple"},"aioseo_notices":[],"_links":{"self":[{"href":"https:\/\/flanca.si\/de\/wp-json\/wp\/v2\/product\/15655","targetHints":{"allow":["GET"]}}],"collection":[{"href":"https:\/\/flanca.si\/de\/wp-json\/wp\/v2\/product"}],"about":[{"href":"https:\/\/flanca.si\/de\/wp-json\/wp\/v2\/types\/product"}],"wp:featuredmedia":[{"embeddable":true,"href":"https:\/\/flanca.si\/de\/wp-json\/wp\/v2\/media\/13146"}],"wp:attachment":[{"href":"https:\/\/flanca.si\/de\/wp-json\/wp\/v2\/media?parent=15655"}],"wp:term":[{"taxonomy":"product_brand","embeddable":true,"href":"https:\/\/flanca.si\/de\/wp-json\/wp\/v2\/product_brand?post=15655"},{"taxonomy":"product_cat","embeddable":true,"href":"https:\/\/flanca.si\/de\/wp-json\/wp\/v2\/product_cat?post=15655"},{"taxonomy":"product_tag","embeddable":true,"href":"https:\/\/flanca.si\/de\/wp-json\/wp\/v2\/product_tag?post=15655"}],"curies":[{"name":"wp","href":"https:\/\/api.w.org\/{rel}","templated":true}]}}