{"id":15645,"date":"2021-02-04T14:46:45","date_gmt":"2021-02-04T13:46:45","guid":{"rendered":"https:\/\/flanca.si\/izdelek\/sedum-tricolor\/"},"modified":"2021-02-04T14:46:45","modified_gmt":"2021-02-04T13:46:45","slug":"sedum-tricolor","status":"publish","type":"product","link":"https:\/\/flanca.si\/de\/produkt\/sedum-tricolor\/","title":{"rendered":"Sedum Tricolor"},"content":{"rendered":"<p>Mehrj\u00e4hrige Pflanze mit kleinen, fleischigen, bunten Bl\u00e4ttern. Die Mitte der Bl\u00e4tter ist gr\u00fcn und die R\u00e4nder f\u00e4rben sich von wei\u00df nach rosa. Im Sommer entwickeln sich leuchtend rosafarbene, sternf\u00f6rmige Bl\u00fcten. Die Struktur der Bl\u00e4tter ist gut verzweigt. Mehrj\u00e4hrige Pflanze, die unpr\u00e4tenti\u00f6s, widerstandsf\u00e4hig gegen Hitze, Trockenheit und Frost ist. Es eignet sich f\u00fcr die Bepflanzung von Steing\u00e4rten, Tr\u00f6gen oder Dachbegr\u00fcnungen.  <\/p>\n","protected":false},"excerpt":{"rendered":"<ul>\n<li><em>Sedum spurium &#8218;Tricolor&#8216;<\/em><\/li>\n<li>Attraktive Bl\u00e4tter w\u00e4hrend der gesamten Vegetationsperiode<\/li>\n<li>Sedum<\/li>\n<li>Geeignet f\u00fcr die Bepflanzung von Steing\u00e4rten<\/li>\n<li>\u00fcppig bl\u00fchende, niedrig einj\u00e4hrige Pflanze<\/li>\n<li>Geeignet f\u00fcr sonnige Standorte<\/li>\n<\/ul>\n<h4><strong>Verpackt 1 S\u00e4mling auf einmal!<\/strong><\/h4>\n","protected":false},"featured_media":14633,"template":"","meta":{"site-sidebar-layout":"default","site-content-layout":"default","ast-site-content-layout":"default","site-content-style":"default","site-sidebar-style":"default","ast-global-header-display":"","ast-banner-title-visibility":"","ast-main-header-display":"","ast-hfb-above-header-display":"","ast-hfb-below-header-display":"","ast-hfb-mobile-header-display":"","site-post-title":"","ast-breadcrumbs-content":"","ast-featured-img":"","footer-sml-layout":"","ast-disable-related-posts":"","theme-transparent-header-meta":"default","adv-header-id-meta":"","stick-header-meta":"default","header-above-stick-meta":"","header-main-stick-meta":"","header-below-stick-meta":"","astra-migrate-meta-layouts":"default","ast-page-background-enabled":"default","ast-page-background-meta":{"desktop":{"background-color":"","background-image":"","background-repeat":"repeat","background-position":"center center","background-size":"auto","background-attachment":"scroll","background-type":"","background-media":"","overlay-type":"","overlay-color":"","overlay-opacity":"","overlay-gradient":""},"tablet":{"background-color":"","background-image":"","background-repeat":"repeat","background-position":"center center","background-size":"auto","background-attachment":"scroll","background-type":"","background-media":"","overlay-type":"","overlay-color":"","overlay-opacity":"","overlay-gradient":""},"mobile":{"background-color":"","background-image":"","background-repeat":"repeat","background-position":"center center","background-size":"auto","background-attachment":"scroll","background-type":"","background-media":"","overlay-type":"","overlay-color":"","overlay-opacity":"","overlay-gradient":""}},"ast-content-background-meta":{"desktop":{"background-color":"var(--ast-global-color-5)","background-image":"","background-repeat":"repeat","background-position":"center center","background-size":"auto","background-attachment":"scroll","background-type":"","background-media":"","overlay-type":"","overlay-color":"","overlay-opacity":"","overlay-gradient":""},"tablet":{"background-color":"var(--ast-global-color-5)","background-image":"","background-repeat":"repeat","background-position":"center center","background-size":"auto","background-attachment":"scroll","background-type":"","background-media":"","overlay-type":"","overlay-color":"","overlay-opacity":"","overlay-gradient":""},"mobile":{"background-color":"var(--ast-global-color-5)","background-image":"","background-repeat":"repeat","background-position":"center center","background-size":"auto","background-attachment":"scroll","background-type":"","background-media":"","overlay-type":"","overlay-color":"","overlay-opacity":"","overlay-gradient":""}}},"product_brand":[],"product_cat":[925],"product_tag":[1571,1021,1019],"class_list":{"0":"post-15645","1":"product","2":"type-product","3":"status-publish","4":"has-post-thumbnail","6":"product_cat-pflanzen-fur-troge-und-beete","7":"product_tag-homulnica-de","8":"product_tag-sedum-de","9":"product_tag-steingarten","10":"desktop-align-left","11":"tablet-align-left","12":"mobile-align-left","13":"ast-product-gallery-layout-horizontal","14":"ast-product-gallery-with-no-image","15":"ast-product-tabs-layout-horizontal","16":"ast-qv-on-image","18":"first","19":"instock","20":"taxable","21":"shipping-taxable","22":"purchasable","23":"product-type-simple"},"aioseo_notices":[],"_links":{"self":[{"href":"https:\/\/flanca.si\/de\/wp-json\/wp\/v2\/product\/15645","targetHints":{"allow":["GET"]}}],"collection":[{"href":"https:\/\/flanca.si\/de\/wp-json\/wp\/v2\/product"}],"about":[{"href":"https:\/\/flanca.si\/de\/wp-json\/wp\/v2\/types\/product"}],"wp:featuredmedia":[{"embeddable":true,"href":"https:\/\/flanca.si\/de\/wp-json\/wp\/v2\/media\/14633"}],"wp:attachment":[{"href":"https:\/\/flanca.si\/de\/wp-json\/wp\/v2\/media?parent=15645"}],"wp:term":[{"taxonomy":"product_brand","embeddable":true,"href":"https:\/\/flanca.si\/de\/wp-json\/wp\/v2\/product_brand?post=15645"},{"taxonomy":"product_cat","embeddable":true,"href":"https:\/\/flanca.si\/de\/wp-json\/wp\/v2\/product_cat?post=15645"},{"taxonomy":"product_tag","embeddable":true,"href":"https:\/\/flanca.si\/de\/wp-json\/wp\/v2\/product_tag?post=15645"}],"curies":[{"name":"wp","href":"https:\/\/api.w.org\/{rel}","templated":true}]}}