{"id":15637,"date":"2021-02-10T10:36:05","date_gmt":"2021-02-10T09:36:05","guid":{"rendered":"https:\/\/flanca.si\/izdelek\/manueller-saatgutspender\/"},"modified":"2021-02-10T10:36:05","modified_gmt":"2021-02-10T09:36:05","slug":"manueller-saatgutspender","status":"publish","type":"product","link":"https:\/\/flanca.si\/de\/produkt\/manueller-saatgutspender\/","title":{"rendered":"Manueller Saatgutspender"},"content":{"rendered":"<p>Mit dem manuellen Saatgutspender von Supa Seeda k\u00f6nnen Sie genauer und einfacher s\u00e4en. Mit seiner Hilfe werden die Samen sch\u00f6n auf Ihrem Aussaatplateau, Blumenbeet oder Garten verteilt. Der Spender verf\u00fcgt \u00fcber angebrachte Aufs\u00e4tze, mit deren Hilfe Sie gr\u00f6\u00dfere oder kleinere Samen auss\u00e4en k\u00f6nnen. Wenn sich das Rad am Griff dreht, treten Vibrationen auf, die es erm\u00f6glichen, eine geringere Anzahl von Samen zu streuen, was die Ausd\u00fcnnung der Pflanzen nach der Keimung verringert. Ges\u00e4te Pflanzen hingegen haben von Anfang an ein gleichm\u00e4\u00dfigeres und kr\u00e4ftigeres Wachstum. Mit seiner Verwendung wird jede Aussaat im Garten einfacher und erfolgreicher. Es werden keine Batterien ben\u00f6tigt. <\/p>\n","protected":false},"excerpt":{"rendered":"<ul>\n<li>Einfach und leicht zu bedienen<\/li>\n<li>Keine Batterien erforderlich<\/li>\n<li><span style=\"font-size: 16px\">Enth\u00e4lt 4 Barrieren zum Dosieren von Samen unterschiedlicher Gr\u00f6\u00dfe<\/span><\/li>\n<li>gleichm\u00e4\u00dfige Aussaat<\/li>\n<\/ul>\n<h4><strong>Verpackt zu 1 St\u00fcck!<\/strong><\/h4>\n","protected":false},"featured_media":13177,"template":"","meta":{"site-sidebar-layout":"default","site-content-layout":"default","ast-site-content-layout":"default","site-content-style":"default","site-sidebar-style":"default","ast-global-header-display":"","ast-banner-title-visibility":"","ast-main-header-display":"","ast-hfb-above-header-display":"","ast-hfb-below-header-display":"","ast-hfb-mobile-header-display":"","site-post-title":"","ast-breadcrumbs-content":"","ast-featured-img":"","footer-sml-layout":"","ast-disable-related-posts":"","theme-transparent-header-meta":"default","adv-header-id-meta":"","stick-header-meta":"default","header-above-stick-meta":"","header-main-stick-meta":"","header-below-stick-meta":"","astra-migrate-meta-layouts":"default","ast-page-background-enabled":"default","ast-page-background-meta":{"desktop":{"background-color":"","background-image":"","background-repeat":"repeat","background-position":"center center","background-size":"auto","background-attachment":"scroll","background-type":"","background-media":"","overlay-type":"","overlay-color":"","overlay-opacity":"","overlay-gradient":""},"tablet":{"background-color":"","background-image":"","background-repeat":"repeat","background-position":"center center","background-size":"auto","background-attachment":"scroll","background-type":"","background-media":"","overlay-type":"","overlay-color":"","overlay-opacity":"","overlay-gradient":""},"mobile":{"background-color":"","background-image":"","background-repeat":"repeat","background-position":"center center","background-size":"auto","background-attachment":"scroll","background-type":"","background-media":"","overlay-type":"","overlay-color":"","overlay-opacity":"","overlay-gradient":""}},"ast-content-background-meta":{"desktop":{"background-color":"var(--ast-global-color-5)","background-image":"","background-repeat":"repeat","background-position":"center center","background-size":"auto","background-attachment":"scroll","background-type":"","background-media":"","overlay-type":"","overlay-color":"","overlay-opacity":"","overlay-gradient":""},"tablet":{"background-color":"var(--ast-global-color-5)","background-image":"","background-repeat":"repeat","background-position":"center center","background-size":"auto","background-attachment":"scroll","background-type":"","background-media":"","overlay-type":"","overlay-color":"","overlay-opacity":"","overlay-gradient":""},"mobile":{"background-color":"var(--ast-global-color-5)","background-image":"","background-repeat":"repeat","background-position":"center center","background-size":"auto","background-attachment":"scroll","background-type":"","background-media":"","overlay-type":"","overlay-color":"","overlay-opacity":"","overlay-gradient":""}}},"product_brand":[],"product_cat":[1212],"product_tag":[898,1569,1570],"class_list":{"0":"post-15637","1":"product","2":"type-product","3":"status-publish","4":"has-post-thumbnail","6":"product_cat-gartenzubehor-und-gerate","7":"product_tag-garten","8":"product_tag-samensuppe","9":"product_tag-samesser","10":"desktop-align-left","11":"tablet-align-left","12":"mobile-align-left","13":"ast-product-gallery-layout-horizontal","14":"ast-product-tabs-layout-horizontal","15":"ast-qv-on-image","17":"first","18":"instock","19":"taxable","20":"shipping-taxable","21":"purchasable","22":"product-type-simple"},"aioseo_notices":[],"_links":{"self":[{"href":"https:\/\/flanca.si\/de\/wp-json\/wp\/v2\/product\/15637","targetHints":{"allow":["GET"]}}],"collection":[{"href":"https:\/\/flanca.si\/de\/wp-json\/wp\/v2\/product"}],"about":[{"href":"https:\/\/flanca.si\/de\/wp-json\/wp\/v2\/types\/product"}],"wp:featuredmedia":[{"embeddable":true,"href":"https:\/\/flanca.si\/de\/wp-json\/wp\/v2\/media\/13177"}],"wp:attachment":[{"href":"https:\/\/flanca.si\/de\/wp-json\/wp\/v2\/media?parent=15637"}],"wp:term":[{"taxonomy":"product_brand","embeddable":true,"href":"https:\/\/flanca.si\/de\/wp-json\/wp\/v2\/product_brand?post=15637"},{"taxonomy":"product_cat","embeddable":true,"href":"https:\/\/flanca.si\/de\/wp-json\/wp\/v2\/product_cat?post=15637"},{"taxonomy":"product_tag","embeddable":true,"href":"https:\/\/flanca.si\/de\/wp-json\/wp\/v2\/product_tag?post=15637"}],"curies":[{"name":"wp","href":"https:\/\/api.w.org\/{rel}","templated":true}]}}