{"id":15631,"date":"2021-02-11T10:11:42","date_gmt":"2021-02-11T09:11:42","guid":{"rendered":"https:\/\/flanca.si\/izdelek\/artischocke\/"},"modified":"2021-02-11T10:11:42","modified_gmt":"2021-02-11T09:11:42","slug":"artischocke","status":"publish","type":"product","link":"https:\/\/flanca.si\/de\/produkt\/artischocke\/","title":{"rendered":"Artischocke"},"content":{"rendered":"<p>Artischocke Green Globe ist eine fr\u00fche Artischockensorte, die auch in unserem Klima eine Ernte liefert. Beim Kochen werden Bl\u00fctenst\u00e4nde von Knospen verwendet, die einen essbaren, saftigen Kern haben. Du schneidest die Knospen ab, wenn sie noch schwer sind und die Schuppen geschlossen sind. Artischockenbl\u00e4tter werden auch als Kraut f\u00fcr Tees verwendet. Sie k\u00f6nnen sie auch als Zierpflanze anbauen. Die Pflanze ist k\u00e4lte- und frostempfindlich, also pflanzen Sie sie tief. Die Setzlinge werden im Mai unter freiem Himmel gepflanzt, da er warme und reichhaltige B\u00f6den liebt. Sie braucht viel Platz und Wasser f\u00fcr ihr Wachstum, aber im Winter sollten die Wurzeln nicht zu nass sein. Empfohlen wird ein Pflanzabstand von 80 Zentimetern.   <\/p>\n","protected":false},"excerpt":{"rendered":"<ul>\n<li>Mediterrane K\u00fcche<\/li>\n<li>gedeiht in unserem Klima<\/li>\n<li>Fr\u00fche Sorte<\/li>\n<li>Viel Platz zum Wachsen<\/li>\n<\/ul>\n<h4><strong>Verpackt 1 S\u00e4mling auf einmal!<\/strong><\/h4>\n","protected":false},"featured_media":13183,"template":"","meta":{"site-sidebar-layout":"default","site-content-layout":"default","ast-site-content-layout":"default","site-content-style":"default","site-sidebar-style":"default","ast-global-header-display":"","ast-banner-title-visibility":"","ast-main-header-display":"","ast-hfb-above-header-display":"","ast-hfb-below-header-display":"","ast-hfb-mobile-header-display":"","site-post-title":"","ast-breadcrumbs-content":"","ast-featured-img":"","footer-sml-layout":"","ast-disable-related-posts":"","theme-transparent-header-meta":"default","adv-header-id-meta":"","stick-header-meta":"default","header-above-stick-meta":"","header-main-stick-meta":"","header-below-stick-meta":"","astra-migrate-meta-layouts":"default","ast-page-background-enabled":"default","ast-page-background-meta":{"desktop":{"background-color":"","background-image":"","background-repeat":"repeat","background-position":"center center","background-size":"auto","background-attachment":"scroll","background-type":"","background-media":"","overlay-type":"","overlay-color":"","overlay-opacity":"","overlay-gradient":""},"tablet":{"background-color":"","background-image":"","background-repeat":"repeat","background-position":"center center","background-size":"auto","background-attachment":"scroll","background-type":"","background-media":"","overlay-type":"","overlay-color":"","overlay-opacity":"","overlay-gradient":""},"mobile":{"background-color":"","background-image":"","background-repeat":"repeat","background-position":"center center","background-size":"auto","background-attachment":"scroll","background-type":"","background-media":"","overlay-type":"","overlay-color":"","overlay-opacity":"","overlay-gradient":""}},"ast-content-background-meta":{"desktop":{"background-color":"var(--ast-global-color-5)","background-image":"","background-repeat":"repeat","background-position":"center center","background-size":"auto","background-attachment":"scroll","background-type":"","background-media":"","overlay-type":"","overlay-color":"","overlay-opacity":"","overlay-gradient":""},"tablet":{"background-color":"var(--ast-global-color-5)","background-image":"","background-repeat":"repeat","background-position":"center center","background-size":"auto","background-attachment":"scroll","background-type":"","background-media":"","overlay-type":"","overlay-color":"","overlay-opacity":"","overlay-gradient":""},"mobile":{"background-color":"var(--ast-global-color-5)","background-image":"","background-repeat":"repeat","background-position":"center center","background-size":"auto","background-attachment":"scroll","background-type":"","background-media":"","overlay-type":"","overlay-color":"","overlay-opacity":"","overlay-gradient":""}}},"product_brand":[],"product_cat":[1146],"product_tag":[997],"class_list":{"0":"post-15631","1":"product","2":"type-product","3":"status-publish","4":"has-post-thumbnail","6":"product_cat-zwiebeln-und-spinat","7":"product_tag-nutzpflanze","8":"desktop-align-left","9":"tablet-align-left","10":"mobile-align-left","11":"ast-product-gallery-layout-horizontal","12":"ast-product-tabs-layout-horizontal","13":"ast-qv-on-image","15":"first","16":"instock","17":"taxable","18":"shipping-taxable","19":"purchasable","20":"product-type-simple"},"aioseo_notices":[],"_links":{"self":[{"href":"https:\/\/flanca.si\/de\/wp-json\/wp\/v2\/product\/15631","targetHints":{"allow":["GET"]}}],"collection":[{"href":"https:\/\/flanca.si\/de\/wp-json\/wp\/v2\/product"}],"about":[{"href":"https:\/\/flanca.si\/de\/wp-json\/wp\/v2\/types\/product"}],"wp:featuredmedia":[{"embeddable":true,"href":"https:\/\/flanca.si\/de\/wp-json\/wp\/v2\/media\/13183"}],"wp:attachment":[{"href":"https:\/\/flanca.si\/de\/wp-json\/wp\/v2\/media?parent=15631"}],"wp:term":[{"taxonomy":"product_brand","embeddable":true,"href":"https:\/\/flanca.si\/de\/wp-json\/wp\/v2\/product_brand?post=15631"},{"taxonomy":"product_cat","embeddable":true,"href":"https:\/\/flanca.si\/de\/wp-json\/wp\/v2\/product_cat?post=15631"},{"taxonomy":"product_tag","embeddable":true,"href":"https:\/\/flanca.si\/de\/wp-json\/wp\/v2\/product_tag?post=15631"}],"curies":[{"name":"wp","href":"https:\/\/api.w.org\/{rel}","templated":true}]}}