{"id":15627,"date":"2021-02-11T12:41:05","date_gmt":"2021-02-11T11:41:05","guid":{"rendered":"https:\/\/flanca.si\/izdelek\/anti-level-overlay-rolle\/"},"modified":"2021-02-11T12:41:05","modified_gmt":"2021-02-11T11:41:05","slug":"anti-level-overlay-rolle","status":"publish","type":"product","link":"https:\/\/flanca.si\/de\/produkt\/anti-level-overlay-rolle\/","title":{"rendered":"Anti-Level-Overlay &#8211; Rolle"},"content":{"rendered":"<p>Anti-Level-Abdeckung, gerollt auf einer Rolle, Abmessungen 1,15 x 10 m UV-stabilisiert, nat\u00fcrlich aussehend in schwarz und braun, die einen hervorragenden Schutz gegen das Wachstum der hartn\u00e4ckigsten Unkr\u00e4uter bietet und gleichzeitig Wasser, Luft und N\u00e4hrstoffe durchl\u00e4sst.<\/p>\n<p>Durch die spezifische, einzigartige Produktionstechnologie ist der Stoff extrem langlebig und gleichzeitig extrem einfach zu verarbeiten, da er leicht zu schneiden ist und an den R\u00e4ndern nicht rei\u00dft.<\/p>\n<p>Um einen steilen Hang oder eine Bank zu arrangieren, auf die Sie keine Rinde, Sand gie\u00dfen k\u00f6nnen,&#8230; Und wenn Du einen nat\u00fcrlichen Look willst, der eine lang anhaltende L\u00f6sung ist, dann ist ein Anti-Unkraut-Overlay der richtige Weg.<\/p>\n","protected":false},"excerpt":{"rendered":"<ul>\n<li>Auf eine Rolle gewickelt<\/li>\n<li>Ma\u00dfe: 1,15 x 10 m<\/li>\n<li>UV-stabil<\/li>\n<li>leicht zu verlegen<\/li>\n<li>Eine ausgezeichnete L\u00f6sung gegen Unkraut<\/li>\n<\/ul>\n<h4>Verpackt zu 1 St\u00fcck!<\/h4>\n","protected":false},"featured_media":13186,"template":"","meta":{"site-sidebar-layout":"default","site-content-layout":"default","ast-site-content-layout":"default","site-content-style":"default","site-sidebar-style":"default","ast-global-header-display":"","ast-banner-title-visibility":"","ast-main-header-display":"","ast-hfb-above-header-display":"","ast-hfb-below-header-display":"","ast-hfb-mobile-header-display":"","site-post-title":"","ast-breadcrumbs-content":"","ast-featured-img":"","footer-sml-layout":"","ast-disable-related-posts":"","theme-transparent-header-meta":"default","adv-header-id-meta":"","stick-header-meta":"default","header-above-stick-meta":"","header-main-stick-meta":"","header-below-stick-meta":"","astra-migrate-meta-layouts":"default","ast-page-background-enabled":"default","ast-page-background-meta":{"desktop":{"background-color":"","background-image":"","background-repeat":"repeat","background-position":"center center","background-size":"auto","background-attachment":"scroll","background-type":"","background-media":"","overlay-type":"","overlay-color":"","overlay-opacity":"","overlay-gradient":""},"tablet":{"background-color":"","background-image":"","background-repeat":"repeat","background-position":"center center","background-size":"auto","background-attachment":"scroll","background-type":"","background-media":"","overlay-type":"","overlay-color":"","overlay-opacity":"","overlay-gradient":""},"mobile":{"background-color":"","background-image":"","background-repeat":"repeat","background-position":"center center","background-size":"auto","background-attachment":"scroll","background-type":"","background-media":"","overlay-type":"","overlay-color":"","overlay-opacity":"","overlay-gradient":""}},"ast-content-background-meta":{"desktop":{"background-color":"var(--ast-global-color-5)","background-image":"","background-repeat":"repeat","background-position":"center center","background-size":"auto","background-attachment":"scroll","background-type":"","background-media":"","overlay-type":"","overlay-color":"","overlay-opacity":"","overlay-gradient":""},"tablet":{"background-color":"var(--ast-global-color-5)","background-image":"","background-repeat":"repeat","background-position":"center center","background-size":"auto","background-attachment":"scroll","background-type":"","background-media":"","overlay-type":"","overlay-color":"","overlay-opacity":"","overlay-gradient":""},"mobile":{"background-color":"var(--ast-global-color-5)","background-image":"","background-repeat":"repeat","background-position":"center center","background-size":"auto","background-attachment":"scroll","background-type":"","background-media":"","overlay-type":"","overlay-color":"","overlay-opacity":"","overlay-gradient":""}}},"product_brand":[],"product_cat":[1225],"product_tag":[1562,1563],"class_list":{"0":"post-15627","1":"product","2":"type-product","3":"status-publish","4":"has-post-thumbnail","6":"product_cat-folien-und-netze-fur-den-garten","7":"product_tag-overlay-de","8":"product_tag-stoppen-sie-unkraut","9":"desktop-align-left","10":"tablet-align-left","11":"mobile-align-left","12":"ast-product-gallery-layout-horizontal","13":"ast-product-gallery-with-no-image","14":"ast-product-tabs-layout-horizontal","15":"ast-qv-on-image","17":"first","18":"outofstock","19":"taxable","20":"shipping-taxable","21":"purchasable","22":"product-type-simple"},"aioseo_notices":[],"_links":{"self":[{"href":"https:\/\/flanca.si\/de\/wp-json\/wp\/v2\/product\/15627","targetHints":{"allow":["GET"]}}],"collection":[{"href":"https:\/\/flanca.si\/de\/wp-json\/wp\/v2\/product"}],"about":[{"href":"https:\/\/flanca.si\/de\/wp-json\/wp\/v2\/types\/product"}],"wp:featuredmedia":[{"embeddable":true,"href":"https:\/\/flanca.si\/de\/wp-json\/wp\/v2\/media\/13186"}],"wp:attachment":[{"href":"https:\/\/flanca.si\/de\/wp-json\/wp\/v2\/media?parent=15627"}],"wp:term":[{"taxonomy":"product_brand","embeddable":true,"href":"https:\/\/flanca.si\/de\/wp-json\/wp\/v2\/product_brand?post=15627"},{"taxonomy":"product_cat","embeddable":true,"href":"https:\/\/flanca.si\/de\/wp-json\/wp\/v2\/product_cat?post=15627"},{"taxonomy":"product_tag","embeddable":true,"href":"https:\/\/flanca.si\/de\/wp-json\/wp\/v2\/product_tag?post=15627"}],"curies":[{"name":"wp","href":"https:\/\/api.w.org\/{rel}","templated":true}]}}