{"id":15625,"date":"2021-02-12T09:02:38","date_gmt":"2021-02-12T08:02:38","guid":{"rendered":"https:\/\/flanca.si\/izdelek\/mehrjaehriges-honiggras-veriegatum\/"},"modified":"2021-02-12T09:02:38","modified_gmt":"2021-02-12T08:02:38","slug":"mehrjaehriges-honiggras-veriegatum","status":"publish","type":"product","link":"https:\/\/flanca.si\/de\/produkt\/mehrjaehriges-honiggras-veriegatum\/","title":{"rendered":"Mehrj\u00e4hriges Honiggras &#8218;Veriegatum&#8216;"},"content":{"rendered":"<p>Mehrj\u00e4hriges Honiggras mit kontrastierendem Laub. Die Pflanze hat bereits in der ersten Saison nach der Pflanzung einen sch\u00f6nen Wuchs. Die Bl\u00e4tter sind schmal, gestreift, bunt, blaugr\u00fcn mit wei\u00dfen L\u00e4ngsstreifen. Bl\u00fcten klein, in aufrechten Rispenbl\u00fctenst\u00e4nden, hellgr\u00fcn bis leicht violett. Trockenheit vertr\u00e4gt sie gut. <\/p>\n","protected":false},"excerpt":{"rendered":"<ul>\n<li><em>Holcus mollis \/ Variegatus<\/em><\/li>\n<li>Mehrj\u00e4hriges Honiggras<\/li>\n<li>Kontrastierende Farben des Laubs<\/li>\n<li>kleine Bl\u00fcten in rispenartigen Bl\u00fctenst\u00e4nden<\/li>\n<li>Die Pflanze vertr\u00e4gt Trockenheit gut<\/li>\n<\/ul>\n<h4><strong>Verpackt mit 1 S\u00e4mling!<\/strong><\/h4>\n","protected":false},"featured_media":13195,"template":"","meta":{"site-sidebar-layout":"default","site-content-layout":"default","ast-site-content-layout":"default","site-content-style":"default","site-sidebar-style":"default","ast-global-header-display":"","ast-banner-title-visibility":"","ast-main-header-display":"","ast-hfb-above-header-display":"","ast-hfb-below-header-display":"","ast-hfb-mobile-header-display":"","site-post-title":"","ast-breadcrumbs-content":"","ast-featured-img":"","footer-sml-layout":"","ast-disable-related-posts":"","theme-transparent-header-meta":"default","adv-header-id-meta":"","stick-header-meta":"default","header-above-stick-meta":"","header-main-stick-meta":"","header-below-stick-meta":"","astra-migrate-meta-layouts":"default","ast-page-background-enabled":"default","ast-page-background-meta":{"desktop":{"background-color":"","background-image":"","background-repeat":"repeat","background-position":"center center","background-size":"auto","background-attachment":"scroll","background-type":"","background-media":"","overlay-type":"","overlay-color":"","overlay-opacity":"","overlay-gradient":""},"tablet":{"background-color":"","background-image":"","background-repeat":"repeat","background-position":"center center","background-size":"auto","background-attachment":"scroll","background-type":"","background-media":"","overlay-type":"","overlay-color":"","overlay-opacity":"","overlay-gradient":""},"mobile":{"background-color":"","background-image":"","background-repeat":"repeat","background-position":"center center","background-size":"auto","background-attachment":"scroll","background-type":"","background-media":"","overlay-type":"","overlay-color":"","overlay-opacity":"","overlay-gradient":""}},"ast-content-background-meta":{"desktop":{"background-color":"var(--ast-global-color-5)","background-image":"","background-repeat":"repeat","background-position":"center center","background-size":"auto","background-attachment":"scroll","background-type":"","background-media":"","overlay-type":"","overlay-color":"","overlay-opacity":"","overlay-gradient":""},"tablet":{"background-color":"var(--ast-global-color-5)","background-image":"","background-repeat":"repeat","background-position":"center center","background-size":"auto","background-attachment":"scroll","background-type":"","background-media":"","overlay-type":"","overlay-color":"","overlay-opacity":"","overlay-gradient":""},"mobile":{"background-color":"var(--ast-global-color-5)","background-image":"","background-repeat":"repeat","background-position":"center center","background-size":"auto","background-attachment":"scroll","background-type":"","background-media":"","overlay-type":"","overlay-color":"","overlay-opacity":"","overlay-gradient":""}}},"product_brand":[],"product_cat":[1078],"product_tag":[1089,924,1077,963],"class_list":{"0":"post-15625","1":"product","2":"type-product","3":"status-publish","4":"has-post-thumbnail","6":"product_cat-ziergraser","7":"product_tag-gras","8":"product_tag-troge-und-blumenbeete","9":"product_tag-ziergras","10":"product_tag-zierpflanze","11":"desktop-align-left","12":"tablet-align-left","13":"mobile-align-left","14":"ast-product-gallery-layout-horizontal","15":"ast-product-gallery-with-no-image","16":"ast-product-tabs-layout-horizontal","17":"ast-qv-on-image","19":"first","20":"outofstock","21":"taxable","22":"shipping-taxable","23":"purchasable","24":"product-type-simple"},"aioseo_notices":[],"_links":{"self":[{"href":"https:\/\/flanca.si\/de\/wp-json\/wp\/v2\/product\/15625","targetHints":{"allow":["GET"]}}],"collection":[{"href":"https:\/\/flanca.si\/de\/wp-json\/wp\/v2\/product"}],"about":[{"href":"https:\/\/flanca.si\/de\/wp-json\/wp\/v2\/types\/product"}],"wp:featuredmedia":[{"embeddable":true,"href":"https:\/\/flanca.si\/de\/wp-json\/wp\/v2\/media\/13195"}],"wp:attachment":[{"href":"https:\/\/flanca.si\/de\/wp-json\/wp\/v2\/media?parent=15625"}],"wp:term":[{"taxonomy":"product_brand","embeddable":true,"href":"https:\/\/flanca.si\/de\/wp-json\/wp\/v2\/product_brand?post=15625"},{"taxonomy":"product_cat","embeddable":true,"href":"https:\/\/flanca.si\/de\/wp-json\/wp\/v2\/product_cat?post=15625"},{"taxonomy":"product_tag","embeddable":true,"href":"https:\/\/flanca.si\/de\/wp-json\/wp\/v2\/product_tag?post=15625"}],"curies":[{"name":"wp","href":"https:\/\/api.w.org\/{rel}","templated":true}]}}