{"id":15621,"date":"2021-02-12T12:12:50","date_gmt":"2021-02-12T11:12:50","guid":{"rendered":"https:\/\/flanca.si\/izdelek\/nadelbaumwimpel-mcdaniels-cushion\/"},"modified":"2021-02-12T12:12:50","modified_gmt":"2021-02-12T11:12:50","slug":"nadelbaumwimpel-mcdaniels-cushion","status":"publish","type":"product","link":"https:\/\/flanca.si\/de\/produkt\/nadelbaumwimpel-mcdaniels-cushion\/","title":{"rendered":"Nadelbaumwimpel &#8218;McDaniels Cushion&#8216;"},"content":{"rendered":"<p>Nadelflamingos eignen sich f\u00fcr einen sonnigen Standort und einen trockenen bis feuchten und drainierenden Standort. Die ausgew\u00e4hlte Sorte bl\u00fcht von April bis Mai mit blau-violetten, sternf\u00f6rmigen Bl\u00fcten. Eine immergr\u00fcne Staude, die einen dichten, niedrigen, deckenden Wuchs bildet. Eine wunderbare Pflanze f\u00fcr Steing\u00e4rten, Rabatten oder Mischbepflanzungen und K\u00fcbel. Unmittelbar nach der Bl\u00fcte wird empfohlen, die Pflanze zu kneifen, um eine dichte und niedrige Form des Wachstums zu erhalten. Staude eignet sich zum Pflanzen von Balkontr\u00f6gen und T\u00f6pfen. <\/p>\n","protected":false},"excerpt":{"rendered":"<ul>\n<li><em>Phlox subulata \/ Smaragd Kissen Blau<\/em><\/li>\n<li>\u00dcberwucherung abdecken<\/li>\n<li>Blumenteppich<\/li>\n<li>Bl\u00fcte im zeitigen Fr\u00fchjahr<\/li>\n<li>Steing\u00e4rten, Balken, Tr\u00f6ge<\/li>\n<\/ul>\n<h4><strong>Verpackt 1 S\u00e4mling auf einmal!<\/strong><\/h4>\n","protected":false},"featured_media":14770,"template":"","meta":{"site-sidebar-layout":"default","site-content-layout":"default","ast-site-content-layout":"default","site-content-style":"default","site-sidebar-style":"default","ast-global-header-display":"","ast-banner-title-visibility":"","ast-main-header-display":"","ast-hfb-above-header-display":"","ast-hfb-below-header-display":"","ast-hfb-mobile-header-display":"","site-post-title":"","ast-breadcrumbs-content":"","ast-featured-img":"","footer-sml-layout":"","ast-disable-related-posts":"","theme-transparent-header-meta":"default","adv-header-id-meta":"","stick-header-meta":"default","header-above-stick-meta":"","header-main-stick-meta":"","header-below-stick-meta":"","astra-migrate-meta-layouts":"default","ast-page-background-enabled":"default","ast-page-background-meta":{"desktop":{"background-color":"","background-image":"","background-repeat":"repeat","background-position":"center center","background-size":"auto","background-attachment":"scroll","background-type":"","background-media":"","overlay-type":"","overlay-color":"","overlay-opacity":"","overlay-gradient":""},"tablet":{"background-color":"","background-image":"","background-repeat":"repeat","background-position":"center center","background-size":"auto","background-attachment":"scroll","background-type":"","background-media":"","overlay-type":"","overlay-color":"","overlay-opacity":"","overlay-gradient":""},"mobile":{"background-color":"","background-image":"","background-repeat":"repeat","background-position":"center center","background-size":"auto","background-attachment":"scroll","background-type":"","background-media":"","overlay-type":"","overlay-color":"","overlay-opacity":"","overlay-gradient":""}},"ast-content-background-meta":{"desktop":{"background-color":"var(--ast-global-color-5)","background-image":"","background-repeat":"repeat","background-position":"center center","background-size":"auto","background-attachment":"scroll","background-type":"","background-media":"","overlay-type":"","overlay-color":"","overlay-opacity":"","overlay-gradient":""},"tablet":{"background-color":"var(--ast-global-color-5)","background-image":"","background-repeat":"repeat","background-position":"center center","background-size":"auto","background-attachment":"scroll","background-type":"","background-media":"","overlay-type":"","overlay-color":"","overlay-opacity":"","overlay-gradient":""},"mobile":{"background-color":"var(--ast-global-color-5)","background-image":"","background-repeat":"repeat","background-position":"center center","background-size":"auto","background-attachment":"scroll","background-type":"","background-media":"","overlay-type":"","overlay-color":"","overlay-opacity":"","overlay-gradient":""}}},"product_brand":[],"product_cat":[925],"product_tag":[1440,1557],"class_list":{"0":"post-15621","1":"product","2":"type-product","3":"status-publish","4":"has-post-thumbnail","6":"product_cat-pflanzen-fur-troge-und-beete","7":"product_tag-bodendecker-mehrjahrig","8":"product_tag-phlox-de","9":"desktop-align-left","10":"tablet-align-left","11":"mobile-align-left","12":"ast-product-gallery-layout-horizontal","13":"ast-product-gallery-with-no-image","14":"ast-product-tabs-layout-horizontal","15":"ast-qv-on-image","17":"first","18":"outofstock","19":"taxable","20":"shipping-taxable","21":"purchasable","22":"product-type-simple"},"aioseo_notices":[],"_links":{"self":[{"href":"https:\/\/flanca.si\/de\/wp-json\/wp\/v2\/product\/15621","targetHints":{"allow":["GET"]}}],"collection":[{"href":"https:\/\/flanca.si\/de\/wp-json\/wp\/v2\/product"}],"about":[{"href":"https:\/\/flanca.si\/de\/wp-json\/wp\/v2\/types\/product"}],"wp:featuredmedia":[{"embeddable":true,"href":"https:\/\/flanca.si\/de\/wp-json\/wp\/v2\/media\/14770"}],"wp:attachment":[{"href":"https:\/\/flanca.si\/de\/wp-json\/wp\/v2\/media?parent=15621"}],"wp:term":[{"taxonomy":"product_brand","embeddable":true,"href":"https:\/\/flanca.si\/de\/wp-json\/wp\/v2\/product_brand?post=15621"},{"taxonomy":"product_cat","embeddable":true,"href":"https:\/\/flanca.si\/de\/wp-json\/wp\/v2\/product_cat?post=15621"},{"taxonomy":"product_tag","embeddable":true,"href":"https:\/\/flanca.si\/de\/wp-json\/wp\/v2\/product_tag?post=15621"}],"curies":[{"name":"wp","href":"https:\/\/api.w.org\/{rel}","templated":true}]}}