{"id":15618,"date":"2021-09-16T08:34:35","date_gmt":"2021-09-16T06:34:35","guid":{"rendered":"https:\/\/flanca.si\/izdelek\/herbstheide-garden-girls-weiss\/"},"modified":"2021-09-16T08:34:35","modified_gmt":"2021-09-16T06:34:35","slug":"herbstheide-garden-girls-weiss","status":"publish","type":"product","link":"https:\/\/flanca.si\/de\/produkt\/herbstheide-garden-girls-weiss\/","title":{"rendered":"Herbstheide &#8218;Garden Girls&#8216; &#8211; wei\u00df"},"content":{"rendered":"<p>Herbstheide ist eine kleine, gepolsterte, langsam wachsende Lieblingsherbstpflanze. Die Bl\u00fcten sind zahlreich, in aufrechten, traubenf\u00f6rmigen Bl\u00fctenst\u00e4nden, glockenf\u00f6rmig wei\u00df. Sie bl\u00fcht von August bis in den Sp\u00e4therbst. Sie w\u00e4chst gut auf sauren, hum\u00f6sen, teilweise sandigen, lockeren B\u00f6den. Er eignet sich f\u00fcr sonnige bis halbschattige Standorte. Die Pflanze eignet sich f\u00fcr die Bildung von Herbstpflanzungen einzeln oder in Kombination mit anderen Herbstbl\u00fchern. Es ist v\u00f6llig unpr\u00e4tenti\u00f6s in Bezug auf seine Erziehung und Wartung. Mit seinen Farben verleiht es den Herbsttagen einen Hauch von Lebendigkeit.<\/p>\n","protected":false},"excerpt":{"rendered":"<ul>\n<li><em>Calluna vulgaris<\/em><\/li>\n<li>Herbstliche Fransen<\/li>\n<li>Herbstliche Pflanzungen<\/li>\n<li>Unpr\u00e4tenti\u00f6se Erziehung<\/li>\n<li>zahlreiche wei\u00dfe Bl\u00fcten<\/li>\n<\/ul>\n<h4>Verpackt 1 S\u00e4mling auf einmal!<\/h4>\n","protected":false},"featured_media":13618,"template":"","meta":{"site-sidebar-layout":"default","site-content-layout":"default","ast-site-content-layout":"default","site-content-style":"default","site-sidebar-style":"default","ast-global-header-display":"","ast-banner-title-visibility":"","ast-main-header-display":"","ast-hfb-above-header-display":"","ast-hfb-below-header-display":"","ast-hfb-mobile-header-display":"","site-post-title":"","ast-breadcrumbs-content":"","ast-featured-img":"","footer-sml-layout":"","ast-disable-related-posts":"","theme-transparent-header-meta":"default","adv-header-id-meta":"","stick-header-meta":"default","header-above-stick-meta":"","header-main-stick-meta":"","header-below-stick-meta":"","astra-migrate-meta-layouts":"default","ast-page-background-enabled":"default","ast-page-background-meta":{"desktop":{"background-color":"","background-image":"","background-repeat":"repeat","background-position":"center center","background-size":"auto","background-attachment":"scroll","background-type":"","background-media":"","overlay-type":"","overlay-color":"","overlay-opacity":"","overlay-gradient":""},"tablet":{"background-color":"","background-image":"","background-repeat":"repeat","background-position":"center center","background-size":"auto","background-attachment":"scroll","background-type":"","background-media":"","overlay-type":"","overlay-color":"","overlay-opacity":"","overlay-gradient":""},"mobile":{"background-color":"","background-image":"","background-repeat":"repeat","background-position":"center center","background-size":"auto","background-attachment":"scroll","background-type":"","background-media":"","overlay-type":"","overlay-color":"","overlay-opacity":"","overlay-gradient":""}},"ast-content-background-meta":{"desktop":{"background-color":"var(--ast-global-color-5)","background-image":"","background-repeat":"repeat","background-position":"center center","background-size":"auto","background-attachment":"scroll","background-type":"","background-media":"","overlay-type":"","overlay-color":"","overlay-opacity":"","overlay-gradient":""},"tablet":{"background-color":"var(--ast-global-color-5)","background-image":"","background-repeat":"repeat","background-position":"center center","background-size":"auto","background-attachment":"scroll","background-type":"","background-media":"","overlay-type":"","overlay-color":"","overlay-opacity":"","overlay-gradient":""},"mobile":{"background-color":"var(--ast-global-color-5)","background-image":"","background-repeat":"repeat","background-position":"center center","background-size":"auto","background-attachment":"scroll","background-type":"","background-media":"","overlay-type":"","overlay-color":"","overlay-opacity":"","overlay-gradient":""}}},"product_brand":[],"product_cat":[925],"product_tag":[1555,1160,1172,1459],"class_list":{"0":"post-15618","1":"product","2":"type-product","3":"status-publish","4":"has-post-thumbnail","6":"product_cat-pflanzen-fur-troge-und-beete","7":"product_tag-heidekraut","8":"product_tag-herbst","9":"product_tag-herbstliche-pflanzungen","10":"product_tag-telugu-de-10","11":"desktop-align-left","12":"tablet-align-left","13":"mobile-align-left","14":"ast-product-gallery-layout-horizontal","15":"ast-product-gallery-with-no-image","16":"ast-product-tabs-layout-horizontal","17":"ast-qv-on-image","19":"first","20":"outofstock","21":"taxable","22":"shipping-taxable","23":"purchasable","24":"product-type-simple"},"aioseo_notices":[],"_links":{"self":[{"href":"https:\/\/flanca.si\/de\/wp-json\/wp\/v2\/product\/15618","targetHints":{"allow":["GET"]}}],"collection":[{"href":"https:\/\/flanca.si\/de\/wp-json\/wp\/v2\/product"}],"about":[{"href":"https:\/\/flanca.si\/de\/wp-json\/wp\/v2\/types\/product"}],"wp:featuredmedia":[{"embeddable":true,"href":"https:\/\/flanca.si\/de\/wp-json\/wp\/v2\/media\/13618"}],"wp:attachment":[{"href":"https:\/\/flanca.si\/de\/wp-json\/wp\/v2\/media?parent=15618"}],"wp:term":[{"taxonomy":"product_brand","embeddable":true,"href":"https:\/\/flanca.si\/de\/wp-json\/wp\/v2\/product_brand?post=15618"},{"taxonomy":"product_cat","embeddable":true,"href":"https:\/\/flanca.si\/de\/wp-json\/wp\/v2\/product_cat?post=15618"},{"taxonomy":"product_tag","embeddable":true,"href":"https:\/\/flanca.si\/de\/wp-json\/wp\/v2\/product_tag?post=15618"}],"curies":[{"name":"wp","href":"https:\/\/api.w.org\/{rel}","templated":true}]}}