{"id":15611,"date":"2021-09-16T10:18:05","date_gmt":"2021-09-16T08:18:05","guid":{"rendered":"https:\/\/flanca.si\/izdelek\/heba-aber-buschig-ethisch\/"},"modified":"2021-09-16T10:18:05","modified_gmt":"2021-09-16T08:18:05","slug":"heba-aber-buschig-ethisch","status":"publish","type":"product","link":"https:\/\/flanca.si\/de\/produkt\/heba-aber-buschig-ethisch\/","title":{"rendered":"Heba, aber buschig ethisch"},"content":{"rendered":"<p>Es handelt sich um einen immergr\u00fcnen Strauch, der in Gebieten mit kontinentalem Klima nicht winterhart ist. Der Strauch hat einen kugelf\u00f6rmigen Wuchs mit bunten gr\u00fcn-wei\u00dfen Bl\u00e4ttern. Die Bl\u00fcten erscheinen relativ sp\u00e4t im Herbst am Strauch, daher wird er oft f\u00fcr Herbstpflanzungen verwendet. Sie werden in dichten B\u00fcscheln in Fliedert\u00f6nen gesammelt. Sie w\u00e4chst auf gut durchl\u00e4ssigen, leicht sauren B\u00f6den. Sonnige bis halbschattige Pl\u00e4tze liegen ihm. F\u00fcr ein sch\u00f6nes Wachstum ben\u00f6tigt sie ein konstant feuchtes Substrat. Sie k\u00f6nnen die Pflanze zusammen mit Ziergr\u00e4sern und Quasten pflanzen,&#8230; in gro\u00dfen Balkontr\u00f6gen. <\/p>\n","protected":false},"excerpt":{"rendered":"<ul>\n<li><em>Hebe <\/em>spp.<\/li>\n<li>Herbstliche Pflanzungen<\/li>\n<li>Nicht im Freien \u00fcberwintern<\/li>\n<li>G\u00e4ste Fliederfarbene Traubenbl\u00fcten<\/li>\n<li>Immergr\u00fcner Strauch<\/li>\n<\/ul>\n<h4>Verpackt 1 S\u00e4mling auf einmal!<\/h4>\n","protected":false},"featured_media":13226,"template":"","meta":{"site-sidebar-layout":"default","site-content-layout":"default","ast-site-content-layout":"default","site-content-style":"default","site-sidebar-style":"default","ast-global-header-display":"","ast-banner-title-visibility":"","ast-main-header-display":"","ast-hfb-above-header-display":"","ast-hfb-below-header-display":"","ast-hfb-mobile-header-display":"","site-post-title":"","ast-breadcrumbs-content":"","ast-featured-img":"","footer-sml-layout":"","ast-disable-related-posts":"","theme-transparent-header-meta":"default","adv-header-id-meta":"","stick-header-meta":"default","header-above-stick-meta":"","header-main-stick-meta":"","header-below-stick-meta":"","astra-migrate-meta-layouts":"default","ast-page-background-enabled":"default","ast-page-background-meta":{"desktop":{"background-color":"","background-image":"","background-repeat":"repeat","background-position":"center center","background-size":"auto","background-attachment":"scroll","background-type":"","background-media":"","overlay-type":"","overlay-color":"","overlay-opacity":"","overlay-gradient":""},"tablet":{"background-color":"","background-image":"","background-repeat":"repeat","background-position":"center center","background-size":"auto","background-attachment":"scroll","background-type":"","background-media":"","overlay-type":"","overlay-color":"","overlay-opacity":"","overlay-gradient":""},"mobile":{"background-color":"","background-image":"","background-repeat":"repeat","background-position":"center center","background-size":"auto","background-attachment":"scroll","background-type":"","background-media":"","overlay-type":"","overlay-color":"","overlay-opacity":"","overlay-gradient":""}},"ast-content-background-meta":{"desktop":{"background-color":"var(--ast-global-color-5)","background-image":"","background-repeat":"repeat","background-position":"center center","background-size":"auto","background-attachment":"scroll","background-type":"","background-media":"","overlay-type":"","overlay-color":"","overlay-opacity":"","overlay-gradient":""},"tablet":{"background-color":"var(--ast-global-color-5)","background-image":"","background-repeat":"repeat","background-position":"center center","background-size":"auto","background-attachment":"scroll","background-type":"","background-media":"","overlay-type":"","overlay-color":"","overlay-opacity":"","overlay-gradient":""},"mobile":{"background-color":"var(--ast-global-color-5)","background-image":"","background-repeat":"repeat","background-position":"center center","background-size":"auto","background-attachment":"scroll","background-type":"","background-media":"","overlay-type":"","overlay-color":"","overlay-opacity":"","overlay-gradient":""}}},"product_brand":[],"product_cat":[925],"product_tag":[1173,1160,1172,1459],"class_list":{"0":"post-15611","1":"product","2":"type-product","3":"status-publish","4":"has-post-thumbnail","6":"product_cat-pflanzen-fur-troge-und-beete","7":"product_tag-heba-de","8":"product_tag-herbst","9":"product_tag-herbstliche-pflanzungen","10":"product_tag-telugu-de-10","11":"desktop-align-left","12":"tablet-align-left","13":"mobile-align-left","14":"ast-product-gallery-layout-horizontal","15":"ast-product-tabs-layout-horizontal","16":"ast-qv-on-image","18":"first","19":"outofstock","20":"taxable","21":"shipping-taxable","22":"purchasable","23":"product-type-simple"},"aioseo_notices":[],"_links":{"self":[{"href":"https:\/\/flanca.si\/de\/wp-json\/wp\/v2\/product\/15611","targetHints":{"allow":["GET"]}}],"collection":[{"href":"https:\/\/flanca.si\/de\/wp-json\/wp\/v2\/product"}],"about":[{"href":"https:\/\/flanca.si\/de\/wp-json\/wp\/v2\/types\/product"}],"wp:featuredmedia":[{"embeddable":true,"href":"https:\/\/flanca.si\/de\/wp-json\/wp\/v2\/media\/13226"}],"wp:attachment":[{"href":"https:\/\/flanca.si\/de\/wp-json\/wp\/v2\/media?parent=15611"}],"wp:term":[{"taxonomy":"product_brand","embeddable":true,"href":"https:\/\/flanca.si\/de\/wp-json\/wp\/v2\/product_brand?post=15611"},{"taxonomy":"product_cat","embeddable":true,"href":"https:\/\/flanca.si\/de\/wp-json\/wp\/v2\/product_cat?post=15611"},{"taxonomy":"product_tag","embeddable":true,"href":"https:\/\/flanca.si\/de\/wp-json\/wp\/v2\/product_tag?post=15611"}],"curies":[{"name":"wp","href":"https:\/\/api.w.org\/{rel}","templated":true}]}}