{"id":15591,"date":"2022-01-31T08:46:53","date_gmt":"2022-01-31T07:46:53","guid":{"rendered":"https:\/\/flanca.si\/izdelek\/lupinus-mehrblaettrige-lupine-rot\/"},"modified":"2022-01-31T08:46:53","modified_gmt":"2022-01-31T07:46:53","slug":"lupinus-mehrblaettrige-lupine-rot","status":"publish","type":"product","link":"https:\/\/flanca.si\/de\/produkt\/lupinus-mehrblaettrige-lupine-rot\/","title":{"rendered":"Lupinus (mehrbl\u00e4ttrige Lupine) &#8211; rot"},"content":{"rendered":"<p>Die mehrbl\u00fctige Lupine ist eine sehr attraktive und beliebte Zierstaude, die sich durch ihre sehr attraktiven Bl\u00fcten und das interessante Aussehen der Bl\u00e4tter auszeichnet. Sie wird auf Beeten mit Stauden f\u00fcr Tapeten oder in kleinen Gruppen gepflanzt. Eine sehr gute Wirkung wird erzielt, wenn sie in einem gr\u00f6\u00dferen K\u00fcbel gepflanzt wird, der am Rand der Terrasse oder im Hof platziert wird. Da es den Boden mit Stickstoff anreichert, wird es zur Gr\u00fcnd\u00fcngung verwendet. Bei einer fr\u00fchen Transplantation bl\u00fcht Ihre Staude noch im selben Jahr.  <\/p>\n","protected":false},"excerpt":{"rendered":"<ul>\n<li><em>Lupinus polyphyllus \/ Lupini Rot<\/em><\/li>\n<li>Mehrbl\u00e4ttrige Lupine<\/li>\n<li>rote Bl\u00fcten<\/li>\n<li>Pflanztr\u00f6ge und T\u00f6pfe<\/li>\n<li>mehrj\u00e4hrig<\/li>\n<\/ul>\n<h4><strong>Verpackt 1 Pflanze auf einmal!<\/strong><\/h4>\n","protected":false},"featured_media":13253,"template":"","meta":{"site-sidebar-layout":"default","site-content-layout":"default","ast-site-content-layout":"default","site-content-style":"default","site-sidebar-style":"default","ast-global-header-display":"","ast-banner-title-visibility":"","ast-main-header-display":"","ast-hfb-above-header-display":"","ast-hfb-below-header-display":"","ast-hfb-mobile-header-display":"","site-post-title":"","ast-breadcrumbs-content":"","ast-featured-img":"","footer-sml-layout":"","ast-disable-related-posts":"","theme-transparent-header-meta":"default","adv-header-id-meta":"","stick-header-meta":"default","header-above-stick-meta":"","header-main-stick-meta":"","header-below-stick-meta":"","astra-migrate-meta-layouts":"default","ast-page-background-enabled":"default","ast-page-background-meta":{"desktop":{"background-color":"","background-image":"","background-repeat":"repeat","background-position":"center center","background-size":"auto","background-attachment":"scroll","background-type":"","background-media":"","overlay-type":"","overlay-color":"","overlay-opacity":"","overlay-gradient":""},"tablet":{"background-color":"","background-image":"","background-repeat":"repeat","background-position":"center center","background-size":"auto","background-attachment":"scroll","background-type":"","background-media":"","overlay-type":"","overlay-color":"","overlay-opacity":"","overlay-gradient":""},"mobile":{"background-color":"","background-image":"","background-repeat":"repeat","background-position":"center center","background-size":"auto","background-attachment":"scroll","background-type":"","background-media":"","overlay-type":"","overlay-color":"","overlay-opacity":"","overlay-gradient":""}},"ast-content-background-meta":{"desktop":{"background-color":"var(--ast-global-color-5)","background-image":"","background-repeat":"repeat","background-position":"center center","background-size":"auto","background-attachment":"scroll","background-type":"","background-media":"","overlay-type":"","overlay-color":"","overlay-opacity":"","overlay-gradient":""},"tablet":{"background-color":"var(--ast-global-color-5)","background-image":"","background-repeat":"repeat","background-position":"center center","background-size":"auto","background-attachment":"scroll","background-type":"","background-media":"","overlay-type":"","overlay-color":"","overlay-opacity":"","overlay-gradient":""},"mobile":{"background-color":"var(--ast-global-color-5)","background-image":"","background-repeat":"repeat","background-position":"center center","background-size":"auto","background-attachment":"scroll","background-type":"","background-media":"","overlay-type":"","overlay-color":"","overlay-opacity":"","overlay-gradient":""}}},"product_brand":[],"product_cat":[925],"product_tag":[1495,875,924],"class_list":{"0":"post-15591","1":"product","2":"type-product","3":"status-publish","4":"has-post-thumbnail","6":"product_cat-pflanzen-fur-troge-und-beete","7":"product_tag-lupinus-de","8":"product_tag-stauden","9":"product_tag-troge-und-blumenbeete","10":"desktop-align-left","11":"tablet-align-left","12":"mobile-align-left","13":"ast-product-gallery-layout-horizontal","14":"ast-product-tabs-layout-horizontal","15":"ast-qv-on-image","17":"first","18":"outofstock","19":"taxable","20":"shipping-taxable","21":"purchasable","22":"product-type-simple"},"aioseo_notices":[],"_links":{"self":[{"href":"https:\/\/flanca.si\/de\/wp-json\/wp\/v2\/product\/15591","targetHints":{"allow":["GET"]}}],"collection":[{"href":"https:\/\/flanca.si\/de\/wp-json\/wp\/v2\/product"}],"about":[{"href":"https:\/\/flanca.si\/de\/wp-json\/wp\/v2\/types\/product"}],"wp:featuredmedia":[{"embeddable":true,"href":"https:\/\/flanca.si\/de\/wp-json\/wp\/v2\/media\/13253"}],"wp:attachment":[{"href":"https:\/\/flanca.si\/de\/wp-json\/wp\/v2\/media?parent=15591"}],"wp:term":[{"taxonomy":"product_brand","embeddable":true,"href":"https:\/\/flanca.si\/de\/wp-json\/wp\/v2\/product_brand?post=15591"},{"taxonomy":"product_cat","embeddable":true,"href":"https:\/\/flanca.si\/de\/wp-json\/wp\/v2\/product_cat?post=15591"},{"taxonomy":"product_tag","embeddable":true,"href":"https:\/\/flanca.si\/de\/wp-json\/wp\/v2\/product_tag?post=15591"}],"curies":[{"name":"wp","href":"https:\/\/api.w.org\/{rel}","templated":true}]}}