{"id":15590,"date":"2022-02-01T09:34:48","date_gmt":"2022-02-01T08:34:48","guid":{"rendered":"https:\/\/flanca.si\/izdelek\/amerikanische-heidelbeere-goldtraube\/"},"modified":"2025-01-15T12:39:17","modified_gmt":"2025-01-15T11:39:17","slug":"amerikanische-heidelbeere-goldtraube","status":"publish","type":"product","link":"https:\/\/flanca.si\/de\/produkt\/amerikanische-heidelbeere-goldtraube\/","title":{"rendered":"Amerikanische Heidelbeere &#8218;Goldtraube&#8216;"},"content":{"rendered":"<p>Die amerikanische Heidelbeere Goldtraube ist eine Sorte mit mittelgro\u00dfen blauen Fr\u00fcchten. Sie geh\u00f6rt zu den mittelfr\u00fchen Sorten. Sie bl\u00fcht von Mai bis Juni, die Fr\u00fcchte k\u00f6nnen von Juli bis August geerntet werden. Er wird auf sauren, torfigen B\u00f6den gepflanzt. Sie bildet einen kraftvollen, aufrechten Busch, der bis zu 160 cm hoch wird. Sie eignet sich auch f\u00fcr den Anbau in T\u00f6pfen und Tr\u00f6gen, in die beim Pflanzen Torf oder Substrat f\u00fcr amerikanische Heidelbeeren ges\u00e4t wird.  <\/p>\n<p>&nbsp;<\/p>\n","protected":false},"excerpt":{"rendered":"<ul>\n<li><em>Vaccinium Corymbosum Goldtraube<\/em><\/li>\n<li>leicht anzuheben<\/li>\n<li>vertr\u00e4gt K\u00e4lte gut<\/li>\n<li>mittelgro\u00dfe, leicht abgeflachte Fr\u00fcchte<\/li>\n<li>Mittlere sp\u00e4te Sorte<\/li>\n<li>Anbau im Torf<\/li>\n<\/ul>\n<h4><strong>Verpackt 1 S\u00e4mling auf einmal!<\/strong><\/h4>\n","protected":false},"featured_media":13277,"template":"","meta":{"site-sidebar-layout":"default","site-content-layout":"default","ast-site-content-layout":"default","site-content-style":"default","site-sidebar-style":"default","ast-global-header-display":"","ast-banner-title-visibility":"","ast-main-header-display":"","ast-hfb-above-header-display":"","ast-hfb-below-header-display":"","ast-hfb-mobile-header-display":"","site-post-title":"","ast-breadcrumbs-content":"","ast-featured-img":"","footer-sml-layout":"","ast-disable-related-posts":"","theme-transparent-header-meta":"default","adv-header-id-meta":"","stick-header-meta":"default","header-above-stick-meta":"","header-main-stick-meta":"","header-below-stick-meta":"","astra-migrate-meta-layouts":"default","ast-page-background-enabled":"default","ast-page-background-meta":{"desktop":{"background-color":"","background-image":"","background-repeat":"repeat","background-position":"center center","background-size":"auto","background-attachment":"scroll","background-type":"","background-media":"","overlay-type":"","overlay-color":"","overlay-opacity":"","overlay-gradient":""},"tablet":{"background-color":"","background-image":"","background-repeat":"repeat","background-position":"center center","background-size":"auto","background-attachment":"scroll","background-type":"","background-media":"","overlay-type":"","overlay-color":"","overlay-opacity":"","overlay-gradient":""},"mobile":{"background-color":"","background-image":"","background-repeat":"repeat","background-position":"center center","background-size":"auto","background-attachment":"scroll","background-type":"","background-media":"","overlay-type":"","overlay-color":"","overlay-opacity":"","overlay-gradient":""}},"ast-content-background-meta":{"desktop":{"background-color":"var(--ast-global-color-5)","background-image":"","background-repeat":"repeat","background-position":"center center","background-size":"auto","background-attachment":"scroll","background-type":"","background-media":"","overlay-type":"","overlay-color":"","overlay-opacity":"","overlay-gradient":""},"tablet":{"background-color":"var(--ast-global-color-5)","background-image":"","background-repeat":"repeat","background-position":"center center","background-size":"auto","background-attachment":"scroll","background-type":"","background-media":"","overlay-type":"","overlay-color":"","overlay-opacity":"","overlay-gradient":""},"mobile":{"background-color":"var(--ast-global-color-5)","background-image":"","background-repeat":"repeat","background-position":"center center","background-size":"auto","background-attachment":"scroll","background-type":"","background-media":"","overlay-type":"","overlay-color":"","overlay-opacity":"","overlay-gradient":""}}},"product_brand":[],"product_cat":[913],"product_tag":[1379,988,1366,1009],"class_list":{"0":"post-15590","1":"product","2":"type-product","3":"status-publish","4":"has-post-thumbnail","6":"product_cat-erdbeeren","7":"product_tag-amerikanische-heidelbeere","8":"product_tag-telugu","9":"product_tag-terrasse","10":"product_tag-vitamine","11":"desktop-align-left","12":"tablet-align-left","13":"mobile-align-left","14":"ast-product-gallery-layout-horizontal","15":"ast-product-gallery-with-no-image","16":"ast-product-tabs-layout-horizontal","17":"ast-qv-on-image","19":"first","20":"outofstock","21":"taxable","22":"shipping-taxable","23":"purchasable","24":"product-type-simple"},"aioseo_notices":[],"_links":{"self":[{"href":"https:\/\/flanca.si\/de\/wp-json\/wp\/v2\/product\/15590","targetHints":{"allow":["GET"]}}],"collection":[{"href":"https:\/\/flanca.si\/de\/wp-json\/wp\/v2\/product"}],"about":[{"href":"https:\/\/flanca.si\/de\/wp-json\/wp\/v2\/types\/product"}],"wp:featuredmedia":[{"embeddable":true,"href":"https:\/\/flanca.si\/de\/wp-json\/wp\/v2\/media\/13277"}],"wp:attachment":[{"href":"https:\/\/flanca.si\/de\/wp-json\/wp\/v2\/media?parent=15590"}],"wp:term":[{"taxonomy":"product_brand","embeddable":true,"href":"https:\/\/flanca.si\/de\/wp-json\/wp\/v2\/product_brand?post=15590"},{"taxonomy":"product_cat","embeddable":true,"href":"https:\/\/flanca.si\/de\/wp-json\/wp\/v2\/product_cat?post=15590"},{"taxonomy":"product_tag","embeddable":true,"href":"https:\/\/flanca.si\/de\/wp-json\/wp\/v2\/product_tag?post=15590"}],"curies":[{"name":"wp","href":"https:\/\/api.w.org\/{rel}","templated":true}]}}