{"id":15582,"date":"2022-02-07T10:45:48","date_gmt":"2022-02-07T09:45:48","guid":{"rendered":"https:\/\/flanca.si\/izdelek\/gewoehnliche-laterne-verbascum-phlomoides\/"},"modified":"2022-02-07T10:45:48","modified_gmt":"2022-02-07T09:45:48","slug":"gewoehnliche-laterne-verbascum-phlomoides","status":"publish","type":"product","link":"https:\/\/flanca.si\/de\/produkt\/gewoehnliche-laterne-verbascum-phlomoides\/","title":{"rendered":"Gew\u00f6hnliche Laterne Verbascum phlomoides"},"content":{"rendered":"<p>Die gemeine Laterne oder Papstkerze ist eine Heilpflanze, eine Biennale, die bis zu 200 cm hoch wird. Sie bildet eine gemahlene Blattkrone, aus der ein hoher Stiel w\u00e4chst, der mit kleinen, gelben Bl\u00fcten \u00fcbers\u00e4t ist. Sie bl\u00fcht von Juni bis September. Die Bl\u00fcten wachsen in \u00e4hrenf\u00f6rmigen Bl\u00fctenst\u00e4nden und vermitteln stark. In der Natur w\u00e4chst die Laterne auf sonnigen Kieselb\u00f6den, auf B\u00f6schungen, M\u00fclldeponien, entlang von Wegen, Einschnitten, Bahnd\u00e4mmen und Gleisen. In der Volksmedizin wird es vor allem bei der Behandlung von Atemwegserkrankungen und Erk\u00e4ltungen eingesetzt. Es beschleunigt den Abbau von Schleim, Auswurf, lindert Reizungen im Rachen, Heiserkeit, Bronchitis und Asthma.   <\/p>\n","protected":false},"excerpt":{"rendered":"<ul>\n<li><em>Verbascum phlomoides<\/em><\/li>\n<li>Zweij\u00e4hrige Heilpflanze<\/li>\n<li>W\u00e4chst bis zu 200 cm<\/li>\n<li>Gelbe Bl\u00fcten, die stark vermitteln<\/li>\n<li>lindert Erk\u00e4ltungen und Atemwegsprobleme<\/li>\n<\/ul>\n<h2><strong>Verpackt 1 S\u00e4mling auf einmal!<\/strong><\/h2>\n<p>&nbsp;<\/p>\n","protected":false},"featured_media":13296,"template":"","meta":{"site-sidebar-layout":"default","site-content-layout":"default","ast-site-content-layout":"default","site-content-style":"default","site-sidebar-style":"default","ast-global-header-display":"","ast-banner-title-visibility":"","ast-main-header-display":"","ast-hfb-above-header-display":"","ast-hfb-below-header-display":"","ast-hfb-mobile-header-display":"","site-post-title":"","ast-breadcrumbs-content":"","ast-featured-img":"","footer-sml-layout":"","ast-disable-related-posts":"","theme-transparent-header-meta":"","adv-header-id-meta":"","stick-header-meta":"","header-above-stick-meta":"","header-main-stick-meta":"","header-below-stick-meta":"","astra-migrate-meta-layouts":"default","ast-page-background-enabled":"default","ast-page-background-meta":{"desktop":{"background-color":"","background-image":"","background-repeat":"repeat","background-position":"center center","background-size":"auto","background-attachment":"scroll","background-type":"","background-media":"","overlay-type":"","overlay-color":"","overlay-opacity":"","overlay-gradient":""},"tablet":{"background-color":"","background-image":"","background-repeat":"repeat","background-position":"center center","background-size":"auto","background-attachment":"scroll","background-type":"","background-media":"","overlay-type":"","overlay-color":"","overlay-opacity":"","overlay-gradient":""},"mobile":{"background-color":"","background-image":"","background-repeat":"repeat","background-position":"center center","background-size":"auto","background-attachment":"scroll","background-type":"","background-media":"","overlay-type":"","overlay-color":"","overlay-opacity":"","overlay-gradient":""}},"ast-content-background-meta":{"desktop":{"background-color":"var(--ast-global-color-5)","background-image":"","background-repeat":"repeat","background-position":"center center","background-size":"auto","background-attachment":"scroll","background-type":"","background-media":"","overlay-type":"","overlay-color":"","overlay-opacity":"","overlay-gradient":""},"tablet":{"background-color":"var(--ast-global-color-5)","background-image":"","background-repeat":"repeat","background-position":"center center","background-size":"auto","background-attachment":"scroll","background-type":"","background-media":"","overlay-type":"","overlay-color":"","overlay-opacity":"","overlay-gradient":""},"mobile":{"background-color":"var(--ast-global-color-5)","background-image":"","background-repeat":"repeat","background-position":"center center","background-size":"auto","background-attachment":"scroll","background-type":"","background-media":"","overlay-type":"","overlay-color":"","overlay-opacity":"","overlay-gradient":""}}},"product_brand":[],"product_cat":[1002],"product_tag":[1072,1006,1005],"class_list":{"0":"post-15582","1":"product","2":"type-product","3":"status-publish","4":"has-post-thumbnail","6":"product_cat-andere-krauter","7":"product_tag-gelb","8":"product_tag-heilpflanze","9":"product_tag-tee","10":"desktop-align-left","11":"tablet-align-left","12":"mobile-align-left","13":"ast-product-gallery-layout-horizontal","14":"ast-product-gallery-with-no-image","15":"ast-product-tabs-layout-horizontal","16":"ast-qv-on-image","18":"first","19":"outofstock","20":"taxable","21":"shipping-taxable","22":"purchasable","23":"product-type-simple"},"aioseo_notices":[],"_links":{"self":[{"href":"https:\/\/flanca.si\/de\/wp-json\/wp\/v2\/product\/15582","targetHints":{"allow":["GET"]}}],"collection":[{"href":"https:\/\/flanca.si\/de\/wp-json\/wp\/v2\/product"}],"about":[{"href":"https:\/\/flanca.si\/de\/wp-json\/wp\/v2\/types\/product"}],"wp:featuredmedia":[{"embeddable":true,"href":"https:\/\/flanca.si\/de\/wp-json\/wp\/v2\/media\/13296"}],"wp:attachment":[{"href":"https:\/\/flanca.si\/de\/wp-json\/wp\/v2\/media?parent=15582"}],"wp:term":[{"taxonomy":"product_brand","embeddable":true,"href":"https:\/\/flanca.si\/de\/wp-json\/wp\/v2\/product_brand?post=15582"},{"taxonomy":"product_cat","embeddable":true,"href":"https:\/\/flanca.si\/de\/wp-json\/wp\/v2\/product_cat?post=15582"},{"taxonomy":"product_tag","embeddable":true,"href":"https:\/\/flanca.si\/de\/wp-json\/wp\/v2\/product_tag?post=15582"}],"curies":[{"name":"wp","href":"https:\/\/api.w.org\/{rel}","templated":true}]}}