{"id":15575,"date":"2022-02-09T12:57:24","date_gmt":"2022-02-09T11:57:24","guid":{"rendered":"https:\/\/flanca.si\/izdelek\/sedum-wolkenlaeufer\/"},"modified":"2022-02-09T12:57:24","modified_gmt":"2022-02-09T11:57:24","slug":"sedum-wolkenlaeufer","status":"publish","type":"product","link":"https:\/\/flanca.si\/de\/produkt\/sedum-wolkenlaeufer\/","title":{"rendered":"Sedum Wolkenl\u00e4ufer"},"content":{"rendered":"<p>Sedum Cloud Walker ist eine krautige, mehrj\u00e4hrige Pflanze, die bis zu 60 cm hoch wird. Die Bl\u00e4tter sind fleischig, l\u00e4nglich, dunkelgr\u00fcn mit einer violetten F\u00e4rbung. Winzige, sternf\u00f6rmige Bl\u00fcten sind zu flachen Bl\u00fctenst\u00e4nden gruppiert. Die Bl\u00fcten sind rosa mit einem kontrastierenden dunkleren Zentrum. Sie bl\u00fcht von der zweiten Julih\u00e4lfte bis Anfang Oktober. Bl\u00fctenst\u00e4nde werden als Schnittblumen in Arrangements verwendet. Auch braune, getrocknete Bl\u00fctenst\u00e4nde k\u00f6nnen eine hervorragende Dekoration sein. Er lockt Schmetterlinge und Bienen an. Wir pflanzen 5 bis 8 Setzlinge pro Quadratmeter.    <\/p>\n","protected":false},"excerpt":{"rendered":"<ul>\n<li><em>Sedum spurium &#8218;Cloud Walker&#8216;<\/em><\/li>\n<li>Unpr\u00e4tenti\u00f6se Staude<\/li>\n<li>sonnige Lagen<\/li>\n<li>n\u00fctzlich als Schnittblumen oder Trockendekoration<\/li>\n<li>zieht Schmetterlinge und Bienen an<\/li>\n<\/ul>\n<h4><strong>Verpackt 1 S\u00e4mling auf einmal!<\/strong><\/h4>\n","protected":false},"featured_media":13307,"template":"","meta":{"site-sidebar-layout":"default","site-content-layout":"default","ast-site-content-layout":"default","site-content-style":"default","site-sidebar-style":"default","ast-global-header-display":"","ast-banner-title-visibility":"","ast-main-header-display":"","ast-hfb-above-header-display":"","ast-hfb-below-header-display":"","ast-hfb-mobile-header-display":"","site-post-title":"","ast-breadcrumbs-content":"","ast-featured-img":"","footer-sml-layout":"","ast-disable-related-posts":"","theme-transparent-header-meta":"default","adv-header-id-meta":"","stick-header-meta":"default","header-above-stick-meta":"","header-main-stick-meta":"","header-below-stick-meta":"","astra-migrate-meta-layouts":"default","ast-page-background-enabled":"default","ast-page-background-meta":{"desktop":{"background-color":"","background-image":"","background-repeat":"repeat","background-position":"center center","background-size":"auto","background-attachment":"scroll","background-type":"","background-media":"","overlay-type":"","overlay-color":"","overlay-opacity":"","overlay-gradient":""},"tablet":{"background-color":"","background-image":"","background-repeat":"repeat","background-position":"center center","background-size":"auto","background-attachment":"scroll","background-type":"","background-media":"","overlay-type":"","overlay-color":"","overlay-opacity":"","overlay-gradient":""},"mobile":{"background-color":"","background-image":"","background-repeat":"repeat","background-position":"center center","background-size":"auto","background-attachment":"scroll","background-type":"","background-media":"","overlay-type":"","overlay-color":"","overlay-opacity":"","overlay-gradient":""}},"ast-content-background-meta":{"desktop":{"background-color":"var(--ast-global-color-5)","background-image":"","background-repeat":"repeat","background-position":"center center","background-size":"auto","background-attachment":"scroll","background-type":"","background-media":"","overlay-type":"","overlay-color":"","overlay-opacity":"","overlay-gradient":""},"tablet":{"background-color":"var(--ast-global-color-5)","background-image":"","background-repeat":"repeat","background-position":"center center","background-size":"auto","background-attachment":"scroll","background-type":"","background-media":"","overlay-type":"","overlay-color":"","overlay-opacity":"","overlay-gradient":""},"mobile":{"background-color":"var(--ast-global-color-5)","background-image":"","background-repeat":"repeat","background-position":"center center","background-size":"auto","background-attachment":"scroll","background-type":"","background-media":"","overlay-type":"","overlay-color":"","overlay-opacity":"","overlay-gradient":""}}},"product_brand":[],"product_cat":[925],"product_tag":[1021,1019],"class_list":{"0":"post-15575","1":"product","2":"type-product","3":"status-publish","4":"has-post-thumbnail","6":"product_cat-pflanzen-fur-troge-und-beete","7":"product_tag-sedum-de","8":"product_tag-steingarten","9":"desktop-align-left","10":"tablet-align-left","11":"mobile-align-left","12":"ast-product-gallery-layout-horizontal","13":"ast-product-gallery-with-no-image","14":"ast-product-tabs-layout-horizontal","15":"ast-qv-on-image","17":"first","18":"outofstock","19":"taxable","20":"shipping-taxable","21":"purchasable","22":"product-type-simple"},"aioseo_notices":[],"_links":{"self":[{"href":"https:\/\/flanca.si\/de\/wp-json\/wp\/v2\/product\/15575","targetHints":{"allow":["GET"]}}],"collection":[{"href":"https:\/\/flanca.si\/de\/wp-json\/wp\/v2\/product"}],"about":[{"href":"https:\/\/flanca.si\/de\/wp-json\/wp\/v2\/types\/product"}],"wp:featuredmedia":[{"embeddable":true,"href":"https:\/\/flanca.si\/de\/wp-json\/wp\/v2\/media\/13307"}],"wp:attachment":[{"href":"https:\/\/flanca.si\/de\/wp-json\/wp\/v2\/media?parent=15575"}],"wp:term":[{"taxonomy":"product_brand","embeddable":true,"href":"https:\/\/flanca.si\/de\/wp-json\/wp\/v2\/product_brand?post=15575"},{"taxonomy":"product_cat","embeddable":true,"href":"https:\/\/flanca.si\/de\/wp-json\/wp\/v2\/product_cat?post=15575"},{"taxonomy":"product_tag","embeddable":true,"href":"https:\/\/flanca.si\/de\/wp-json\/wp\/v2\/product_tag?post=15575"}],"curies":[{"name":"wp","href":"https:\/\/api.w.org\/{rel}","templated":true}]}}