{"id":15569,"date":"2022-02-09T14:02:06","date_gmt":"2022-02-09T13:02:06","guid":{"rendered":"https:\/\/flanca.si\/izdelek\/wildrose-granatapfel\/"},"modified":"2022-02-09T14:02:06","modified_gmt":"2022-02-09T13:02:06","slug":"wildrose-granatapfel","status":"publish","type":"product","link":"https:\/\/flanca.si\/de\/produkt\/wildrose-granatapfel\/","title":{"rendered":"Wildrose &#8211; Granatapfel"},"content":{"rendered":"<p>Der Granatapfel ist ein Strauch, der auf Waldwegen und Pfaden zu finden ist und eine H\u00f6he von zwei Metern erreichen kann. Die Pflanze stellt keine hohen Anspr\u00fcche an das Substrat &#8211; sie w\u00e4chst in fast jedem, gut durchl\u00e4ssigen und m\u00e4\u00dfig feuchten Boden. Die Bl\u00fcte ist angenehm duftend, dunkelrosa bis wei\u00df, schlicht. Sie bl\u00fcht im Fr\u00fchjahr. Hagebutten und Rosen sind sehr n\u00fctzliche Pflanzen. Neben der Tatsache, dass ihre Sch\u00f6nheit und ihr Geruch einen gro\u00dfen Einfluss auf die Stimmung haben, k\u00f6nnen Sie sie auch in der K\u00fcche verwenden. Bl\u00e4tter, Bl\u00fcten und Fr\u00fcchte sind essbar. Wildrose kann verwendet werden, um unkultivierte Hecken anzulegen. Die H\u00f6he des oberirdischen Teils des S\u00e4mlings: 30 &#8211; 50 cm   <\/p>\n","protected":false},"excerpt":{"rendered":"<ul>\n<li><em>Rosa canina<\/em><\/li>\n<li>Rosa Blumen<\/li>\n<li>bl\u00fchende Staude<\/li>\n<li>bl\u00fcht im Juni und Juli<\/li>\n<li>Pflanzenh\u00f6he: 30 &#8211; 50 cm<\/li>\n<\/ul>\n<h4><strong>Verpackt 1 S\u00e4mling auf einmal!<\/strong><\/h4>\n","protected":false},"featured_media":13311,"template":"","meta":{"site-sidebar-layout":"default","site-content-layout":"default","ast-site-content-layout":"default","site-content-style":"default","site-sidebar-style":"default","ast-global-header-display":"","ast-banner-title-visibility":"","ast-main-header-display":"","ast-hfb-above-header-display":"","ast-hfb-below-header-display":"","ast-hfb-mobile-header-display":"","site-post-title":"","ast-breadcrumbs-content":"","ast-featured-img":"","footer-sml-layout":"","ast-disable-related-posts":"","theme-transparent-header-meta":"default","adv-header-id-meta":"","stick-header-meta":"default","header-above-stick-meta":"","header-main-stick-meta":"","header-below-stick-meta":"","astra-migrate-meta-layouts":"default","ast-page-background-enabled":"default","ast-page-background-meta":{"desktop":{"background-color":"","background-image":"","background-repeat":"repeat","background-position":"center center","background-size":"auto","background-attachment":"scroll","background-type":"","background-media":"","overlay-type":"","overlay-color":"","overlay-opacity":"","overlay-gradient":""},"tablet":{"background-color":"","background-image":"","background-repeat":"repeat","background-position":"center center","background-size":"auto","background-attachment":"scroll","background-type":"","background-media":"","overlay-type":"","overlay-color":"","overlay-opacity":"","overlay-gradient":""},"mobile":{"background-color":"","background-image":"","background-repeat":"repeat","background-position":"center center","background-size":"auto","background-attachment":"scroll","background-type":"","background-media":"","overlay-type":"","overlay-color":"","overlay-opacity":"","overlay-gradient":""}},"ast-content-background-meta":{"desktop":{"background-color":"var(--ast-global-color-5)","background-image":"","background-repeat":"repeat","background-position":"center center","background-size":"auto","background-attachment":"scroll","background-type":"","background-media":"","overlay-type":"","overlay-color":"","overlay-opacity":"","overlay-gradient":""},"tablet":{"background-color":"var(--ast-global-color-5)","background-image":"","background-repeat":"repeat","background-position":"center center","background-size":"auto","background-attachment":"scroll","background-type":"","background-media":"","overlay-type":"","overlay-color":"","overlay-opacity":"","overlay-gradient":""},"mobile":{"background-color":"var(--ast-global-color-5)","background-image":"","background-repeat":"repeat","background-position":"center center","background-size":"auto","background-attachment":"scroll","background-type":"","background-media":"","overlay-type":"","overlay-color":"","overlay-opacity":"","overlay-gradient":""}}},"product_brand":[],"product_cat":[960],"product_tag":[957,1096,978],"class_list":{"0":"post-15569","1":"product","2":"type-product","3":"status-publish","4":"has-post-thumbnail","6":"product_cat-straucher-und-baume","7":"product_tag-blumenbeete","8":"product_tag-hecken","9":"product_tag-rose","10":"product_shipping_class-personliche-abholung","11":"desktop-align-left","12":"tablet-align-left","13":"mobile-align-left","14":"ast-product-gallery-layout-horizontal","15":"ast-product-gallery-with-no-image","16":"ast-product-tabs-layout-horizontal","17":"ast-qv-on-image","19":"first","20":"outofstock","21":"taxable","22":"shipping-taxable","23":"purchasable","24":"product-type-simple"},"aioseo_notices":[],"_links":{"self":[{"href":"https:\/\/flanca.si\/de\/wp-json\/wp\/v2\/product\/15569","targetHints":{"allow":["GET"]}}],"collection":[{"href":"https:\/\/flanca.si\/de\/wp-json\/wp\/v2\/product"}],"about":[{"href":"https:\/\/flanca.si\/de\/wp-json\/wp\/v2\/types\/product"}],"wp:featuredmedia":[{"embeddable":true,"href":"https:\/\/flanca.si\/de\/wp-json\/wp\/v2\/media\/13311"}],"wp:attachment":[{"href":"https:\/\/flanca.si\/de\/wp-json\/wp\/v2\/media?parent=15569"}],"wp:term":[{"taxonomy":"product_brand","embeddable":true,"href":"https:\/\/flanca.si\/de\/wp-json\/wp\/v2\/product_brand?post=15569"},{"taxonomy":"product_cat","embeddable":true,"href":"https:\/\/flanca.si\/de\/wp-json\/wp\/v2\/product_cat?post=15569"},{"taxonomy":"product_tag","embeddable":true,"href":"https:\/\/flanca.si\/de\/wp-json\/wp\/v2\/product_tag?post=15569"}],"curies":[{"name":"wp","href":"https:\/\/api.w.org\/{rel}","templated":true}]}}