{"id":15562,"date":"2022-02-10T08:54:39","date_gmt":"2022-02-10T07:54:39","guid":{"rendered":"https:\/\/flanca.si\/izdelek\/plantella-duenger-biogrena-10-kg\/"},"modified":"2022-02-10T08:54:39","modified_gmt":"2022-02-10T07:54:39","slug":"plantella-duenger-biogrena-10-kg","status":"publish","type":"product","link":"https:\/\/flanca.si\/de\/produkt\/plantella-duenger-biogrena-10-kg\/","title":{"rendered":"Plantella D\u00fcnger Biogrena 10 kg"},"content":{"rendered":"<p>Ein hochwertiger organischer D\u00fcnger pflanzlichen Ursprungs, der sich aufgrund der hohen Anzahl an Mikroorganismen besonders f\u00fcr biologisch ausgelaugte B\u00f6den eignet.<br \/>\nEs enth\u00e4lt 40% organische Substanz, die die biologische Aktivit\u00e4t des Bodens f\u00fcr eine qualitativ hochwertige und stabile Ernte erh\u00f6ht.<\/p>\n<ul>\n<li>Es enth\u00e4lt 22 Milliarden Mikroorganismen pro Gramm.<\/li>\n<li>Haupt-, Mikron\u00e4hrstoffe, Humins\u00e4uren, Fulvos\u00e4uren.<\/li>\n<li>Keine Keime von Krankheiten, Sch\u00e4dlingen und Unkrautsamen.<\/li>\n<\/ul>\n<p>ANWENDUNG<br \/>\nBiogren wird auf allen Arten von B\u00f6den und zur D\u00fcngung aller Arten von Pflanzen eingesetzt. Die Biogrena ist \u00fcber das Land verstreut und flach vergraben. Wir verwenden 20 kg Biogrena pro 100 m2. Bei zweimaliger D\u00fcngung im Jahr, im Fr\u00fchjahr und im Herbst, wird die H\u00e4lfte der D\u00fcngermenge f\u00fcr eine D\u00fcngung verwendet (10 kg im Fr\u00fchjahr und 10 kg im Herbst). BEWERBUNGSZEIT<br \/>\nFebruar, M\u00e4rz, April, Mai, Juni, Juli, August, September, Oktober, November.   <\/p>\n","protected":false},"excerpt":{"rendered":"<ul>\n<li>Organischer D\u00fcnger<\/li>\n<li>v\u00f6llig nat\u00fcrlichen Ursprungs<\/li>\n<li>enth\u00e4lt eine hohe Anzahl an Mikroorganismen<\/li>\n<li>erh\u00f6ht die biologische Aktivit\u00e4t des Bodens<\/li>\n<li>beschleunigt die Humusbildung<\/li>\n<li>enth\u00e4lt die wichtigsten Mikron\u00e4hrstoffe<\/li>\n<\/ul>\n","protected":false},"featured_media":13322,"template":"","meta":{"site-sidebar-layout":"default","site-content-layout":"default","ast-site-content-layout":"default","site-content-style":"default","site-sidebar-style":"default","ast-global-header-display":"","ast-banner-title-visibility":"","ast-main-header-display":"","ast-hfb-above-header-display":"","ast-hfb-below-header-display":"","ast-hfb-mobile-header-display":"","site-post-title":"","ast-breadcrumbs-content":"","ast-featured-img":"","footer-sml-layout":"","ast-disable-related-posts":"","theme-transparent-header-meta":"","adv-header-id-meta":"","stick-header-meta":"","header-above-stick-meta":"","header-main-stick-meta":"","header-below-stick-meta":"","astra-migrate-meta-layouts":"default","ast-page-background-enabled":"default","ast-page-background-meta":{"desktop":{"background-color":"","background-image":"","background-repeat":"repeat","background-position":"center center","background-size":"auto","background-attachment":"scroll","background-type":"","background-media":"","overlay-type":"","overlay-color":"","overlay-opacity":"","overlay-gradient":""},"tablet":{"background-color":"","background-image":"","background-repeat":"repeat","background-position":"center center","background-size":"auto","background-attachment":"scroll","background-type":"","background-media":"","overlay-type":"","overlay-color":"","overlay-opacity":"","overlay-gradient":""},"mobile":{"background-color":"","background-image":"","background-repeat":"repeat","background-position":"center center","background-size":"auto","background-attachment":"scroll","background-type":"","background-media":"","overlay-type":"","overlay-color":"","overlay-opacity":"","overlay-gradient":""}},"ast-content-background-meta":{"desktop":{"background-color":"var(--ast-global-color-5)","background-image":"","background-repeat":"repeat","background-position":"center center","background-size":"auto","background-attachment":"scroll","background-type":"","background-media":"","overlay-type":"","overlay-color":"","overlay-opacity":"","overlay-gradient":""},"tablet":{"background-color":"var(--ast-global-color-5)","background-image":"","background-repeat":"repeat","background-position":"center center","background-size":"auto","background-attachment":"scroll","background-type":"","background-media":"","overlay-type":"","overlay-color":"","overlay-opacity":"","overlay-gradient":""},"mobile":{"background-color":"var(--ast-global-color-5)","background-image":"","background-repeat":"repeat","background-position":"center center","background-size":"auto","background-attachment":"scroll","background-type":"","background-media":"","overlay-type":"","overlay-color":"","overlay-opacity":"","overlay-gradient":""}}},"product_brand":[],"product_cat":[904],"product_tag":[1539,901,1538],"class_list":{"0":"post-15562","1":"product","2":"type-product","3":"status-publish","4":"has-post-thumbnail","6":"product_cat-dungemittel","7":"product_tag-biologische-aktivitat","8":"product_tag-dunger","9":"product_tag-organisch","10":"product_shipping_class-personliche-abholung","11":"desktop-align-left","12":"tablet-align-left","13":"mobile-align-left","14":"ast-product-gallery-layout-horizontal","15":"ast-product-gallery-with-no-image","16":"ast-product-tabs-layout-horizontal","17":"ast-qv-on-image","19":"first","20":"outofstock","21":"taxable","22":"shipping-taxable","23":"purchasable","24":"product-type-simple"},"aioseo_notices":[],"_links":{"self":[{"href":"https:\/\/flanca.si\/de\/wp-json\/wp\/v2\/product\/15562","targetHints":{"allow":["GET"]}}],"collection":[{"href":"https:\/\/flanca.si\/de\/wp-json\/wp\/v2\/product"}],"about":[{"href":"https:\/\/flanca.si\/de\/wp-json\/wp\/v2\/types\/product"}],"wp:featuredmedia":[{"embeddable":true,"href":"https:\/\/flanca.si\/de\/wp-json\/wp\/v2\/media\/13322"}],"wp:attachment":[{"href":"https:\/\/flanca.si\/de\/wp-json\/wp\/v2\/media?parent=15562"}],"wp:term":[{"taxonomy":"product_brand","embeddable":true,"href":"https:\/\/flanca.si\/de\/wp-json\/wp\/v2\/product_brand?post=15562"},{"taxonomy":"product_cat","embeddable":true,"href":"https:\/\/flanca.si\/de\/wp-json\/wp\/v2\/product_cat?post=15562"},{"taxonomy":"product_tag","embeddable":true,"href":"https:\/\/flanca.si\/de\/wp-json\/wp\/v2\/product_tag?post=15562"}],"curies":[{"name":"wp","href":"https:\/\/api.w.org\/{rel}","templated":true}]}}