{"id":15559,"date":"2022-02-09T15:14:22","date_gmt":"2022-02-09T14:14:22","guid":{"rendered":"https:\/\/flanca.si\/izdelek\/laurel-ani-pbr-hoehe-50-60-cm\/"},"modified":"2022-02-09T15:14:22","modified_gmt":"2022-02-09T14:14:22","slug":"laurel-ani-pbr-hoehe-50-60-cm","status":"publish","type":"product","link":"https:\/\/flanca.si\/de\/produkt\/laurel-ani-pbr-hoehe-50-60-cm\/","title":{"rendered":"Laurel &#8218;Ani&#8216; PBR H\u00f6he: 50-60 cm"},"content":{"rendered":"<p>Mittelgro\u00dfer immergr\u00fcner Strauch, der sich durch breite Verzweigungen auszeichnet. Sie wird bis zu 2m hoch. Durch ihren kompakten Wuchs eignet sie sich auch f\u00fcr niedrigere Pflanzungen. Die Bl\u00e4tter sind dunkelgr\u00fcn, kleiner und kugelf\u00f6rmig. Die jungen Triebe sind bronzefarben bis rot. Im Mai entwickelt die Pflanze \u00e4hrenf\u00f6rmige wei\u00dfe Bl\u00fcten und im August reifen kleine, runde Fr\u00fcchte, die nicht zum Verzehr geeignet sind. Die Sorte vertr\u00e4gt niedrige Temperaturen, Trockenheit und Hitze im Sommer sowie Salz im Boden. Sie w\u00e4chst auf allen Arten von B\u00f6den an einem sonnigen, halbschattigen oder schattigen Standort. Die H\u00f6he des oberirdischen Teils des S\u00e4mlings: 50 &#8211; 60 cm  <\/p>\n","protected":false},"excerpt":{"rendered":"<p>&nbsp;<\/p>\n<ul>\n<li>Prunus Laurocerasus &#8218;Ani&#8216; PBR<\/li>\n<li>mittelgro\u00dfe, kompakte Variante<\/li>\n<li>geeignet f\u00fcr Hecken<\/li>\n<li>Immergr\u00fcner Strauch<\/li>\n<li>Junge Bl\u00e4tter sind rot gef\u00e4rbt<\/li>\n<li>Pflanze resistent gegen K\u00e4lte, Trockenheit, Hitze<\/li>\n<li>H\u00f6he des S\u00e4mlings: 50 -60 cm<\/li>\n<\/ul>\n<h4><strong>Verpackt 1 S\u00e4mling auf einmal!<\/strong><\/h4>\n","protected":false},"featured_media":13316,"template":"","meta":{"site-sidebar-layout":"default","site-content-layout":"default","ast-site-content-layout":"default","site-content-style":"default","site-sidebar-style":"default","ast-global-header-display":"","ast-banner-title-visibility":"","ast-main-header-display":"","ast-hfb-above-header-display":"","ast-hfb-below-header-display":"","ast-hfb-mobile-header-display":"","site-post-title":"","ast-breadcrumbs-content":"","ast-featured-img":"","footer-sml-layout":"","ast-disable-related-posts":"","theme-transparent-header-meta":"default","adv-header-id-meta":"","stick-header-meta":"default","header-above-stick-meta":"","header-main-stick-meta":"","header-below-stick-meta":"","astra-migrate-meta-layouts":"default","ast-page-background-enabled":"default","ast-page-background-meta":{"desktop":{"background-color":"","background-image":"","background-repeat":"repeat","background-position":"center center","background-size":"auto","background-attachment":"scroll","background-type":"","background-media":"","overlay-type":"","overlay-color":"","overlay-opacity":"","overlay-gradient":""},"tablet":{"background-color":"","background-image":"","background-repeat":"repeat","background-position":"center center","background-size":"auto","background-attachment":"scroll","background-type":"","background-media":"","overlay-type":"","overlay-color":"","overlay-opacity":"","overlay-gradient":""},"mobile":{"background-color":"","background-image":"","background-repeat":"repeat","background-position":"center center","background-size":"auto","background-attachment":"scroll","background-type":"","background-media":"","overlay-type":"","overlay-color":"","overlay-opacity":"","overlay-gradient":""}},"ast-content-background-meta":{"desktop":{"background-color":"var(--ast-global-color-5)","background-image":"","background-repeat":"repeat","background-position":"center center","background-size":"auto","background-attachment":"scroll","background-type":"","background-media":"","overlay-type":"","overlay-color":"","overlay-opacity":"","overlay-gradient":""},"tablet":{"background-color":"var(--ast-global-color-5)","background-image":"","background-repeat":"repeat","background-position":"center center","background-size":"auto","background-attachment":"scroll","background-type":"","background-media":"","overlay-type":"","overlay-color":"","overlay-opacity":"","overlay-gradient":""},"mobile":{"background-color":"var(--ast-global-color-5)","background-image":"","background-repeat":"repeat","background-position":"center center","background-size":"auto","background-attachment":"scroll","background-type":"","background-media":"","overlay-type":"","overlay-color":"","overlay-opacity":"","overlay-gradient":""}}},"product_brand":[],"product_cat":[973],"product_tag":[951,874,972,950],"class_list":{"0":"post-15559","1":"product","2":"type-product","3":"status-publish","4":"has-post-thumbnail","6":"product_cat-lorbeeren-oder-prunus","7":"product_tag-hecke","8":"product_tag-immergrune-staude","9":"product_tag-lorbeer","10":"product_tag-strauch","11":"desktop-align-left","12":"tablet-align-left","13":"mobile-align-left","14":"ast-product-gallery-layout-horizontal","15":"ast-product-gallery-with-no-image","16":"ast-product-tabs-layout-horizontal","17":"ast-qv-on-image","19":"first","20":"outofstock","21":"taxable","22":"shipping-taxable","23":"purchasable","24":"product-type-simple"},"aioseo_notices":[],"_links":{"self":[{"href":"https:\/\/flanca.si\/de\/wp-json\/wp\/v2\/product\/15559","targetHints":{"allow":["GET"]}}],"collection":[{"href":"https:\/\/flanca.si\/de\/wp-json\/wp\/v2\/product"}],"about":[{"href":"https:\/\/flanca.si\/de\/wp-json\/wp\/v2\/types\/product"}],"wp:featuredmedia":[{"embeddable":true,"href":"https:\/\/flanca.si\/de\/wp-json\/wp\/v2\/media\/13316"}],"wp:attachment":[{"href":"https:\/\/flanca.si\/de\/wp-json\/wp\/v2\/media?parent=15559"}],"wp:term":[{"taxonomy":"product_brand","embeddable":true,"href":"https:\/\/flanca.si\/de\/wp-json\/wp\/v2\/product_brand?post=15559"},{"taxonomy":"product_cat","embeddable":true,"href":"https:\/\/flanca.si\/de\/wp-json\/wp\/v2\/product_cat?post=15559"},{"taxonomy":"product_tag","embeddable":true,"href":"https:\/\/flanca.si\/de\/wp-json\/wp\/v2\/product_tag?post=15559"}],"curies":[{"name":"wp","href":"https:\/\/api.w.org\/{rel}","templated":true}]}}