{"id":15558,"date":"2022-02-10T12:18:06","date_gmt":"2022-02-10T11:18:06","guid":{"rendered":"https:\/\/flanca.si\/izdelek\/humko-fernlicht-3-deckschicht-50-l\/"},"modified":"2022-02-10T12:18:06","modified_gmt":"2022-02-10T11:18:06","slug":"humko-fernlicht-3-deckschicht-50-l","status":"publish","type":"product","link":"https:\/\/flanca.si\/de\/produkt\/humko-fernlicht-3-deckschicht-50-l\/","title":{"rendered":"HUMKO Fernlicht 3, Deckschicht, 50 l"},"content":{"rendered":"<p>Professioneller Hochbalkenboden. Der Fernbalken 3 ist eine Mischung aus hochwertigen organischen und mineralischen Komponenten f\u00fcr den Gem\u00fcseanbau. Gartenbauerde f\u00fcr die obere Wuchsschicht besteht aus Gr\u00fcnkompost, Regenwurmhumus, Ton, Bimsstein, Zeolith, Holzfasern und Steinwolle. Erm\u00f6glicht eine schnelle und gleichm\u00e4\u00dfige Entwicklung der Wurzeln von S\u00e4mlingen. Ein h\u00f6herer Anteil an Ton und Zeolith verleiht dem Substrat eine gr\u00f6\u00dfere Wasserkapazit\u00e4t. Ein hoher Anteil an Kompost und Humus von Regenw\u00fcrmern erm\u00f6glicht eine hohe mikrobielle Aktivit\u00e4t und eine gute Entwicklung des Wurzelsystems. Die oberste Schicht wird auf Handfl\u00e4chenh\u00f6he platziert. Verpackt in je 50 l. <\/p>\n","protected":false},"excerpt":{"rendered":"<ul>\n<li>Professioneller Hochbalkenboden<\/li>\n<li>f\u00fcr die obere Wachstumsschicht<\/li>\n<li>Schnelle und gleichm\u00e4\u00dfige Wurzelentwicklung<\/li>\n<li>erm\u00f6glicht eine hohe mikrobiologische Aktivit\u00e4t<\/li>\n<li>Gr\u00f6\u00dfere Wasserkapazit\u00e4t<\/li>\n<li>verpackt in S\u00e4cken \u00e0 50 L<\/li>\n<\/ul>\n","protected":false},"featured_media":13324,"template":"","meta":{"site-sidebar-layout":"default","site-content-layout":"default","ast-site-content-layout":"default","site-content-style":"default","site-sidebar-style":"default","ast-global-header-display":"","ast-banner-title-visibility":"","ast-main-header-display":"","ast-hfb-above-header-display":"","ast-hfb-below-header-display":"","ast-hfb-mobile-header-display":"","site-post-title":"","ast-breadcrumbs-content":"","ast-featured-img":"","footer-sml-layout":"","ast-disable-related-posts":"","theme-transparent-header-meta":"","adv-header-id-meta":"","stick-header-meta":"","header-above-stick-meta":"","header-main-stick-meta":"","header-below-stick-meta":"","astra-migrate-meta-layouts":"default","ast-page-background-enabled":"default","ast-page-background-meta":{"desktop":{"background-color":"","background-image":"","background-repeat":"repeat","background-position":"center center","background-size":"auto","background-attachment":"scroll","background-type":"","background-media":"","overlay-type":"","overlay-color":"","overlay-opacity":"","overlay-gradient":""},"tablet":{"background-color":"","background-image":"","background-repeat":"repeat","background-position":"center center","background-size":"auto","background-attachment":"scroll","background-type":"","background-media":"","overlay-type":"","overlay-color":"","overlay-opacity":"","overlay-gradient":""},"mobile":{"background-color":"","background-image":"","background-repeat":"repeat","background-position":"center center","background-size":"auto","background-attachment":"scroll","background-type":"","background-media":"","overlay-type":"","overlay-color":"","overlay-opacity":"","overlay-gradient":""}},"ast-content-background-meta":{"desktop":{"background-color":"var(--ast-global-color-5)","background-image":"","background-repeat":"repeat","background-position":"center center","background-size":"auto","background-attachment":"scroll","background-type":"","background-media":"","overlay-type":"","overlay-color":"","overlay-opacity":"","overlay-gradient":""},"tablet":{"background-color":"var(--ast-global-color-5)","background-image":"","background-repeat":"repeat","background-position":"center center","background-size":"auto","background-attachment":"scroll","background-type":"","background-media":"","overlay-type":"","overlay-color":"","overlay-opacity":"","overlay-gradient":""},"mobile":{"background-color":"var(--ast-global-color-5)","background-image":"","background-repeat":"repeat","background-position":"center center","background-size":"auto","background-attachment":"scroll","background-type":"","background-media":"","overlay-type":"","overlay-color":"","overlay-opacity":"","overlay-gradient":""}}},"product_brand":[],"product_cat":[1112],"product_tag":[1533,869,1238],"class_list":{"0":"post-15558","1":"product","2":"type-product","3":"status-publish","4":"has-post-thumbnail","6":"product_cat-substrate","7":"product_tag-erde","8":"product_tag-fernlicht","9":"product_tag-gemuse","10":"product_shipping_class-personliche-abholung","11":"desktop-align-left","12":"tablet-align-left","13":"mobile-align-left","14":"ast-product-gallery-layout-horizontal","15":"ast-product-gallery-with-no-image","16":"ast-product-tabs-layout-horizontal","17":"ast-qv-on-image","19":"first","20":"outofstock","21":"taxable","22":"shipping-taxable","23":"purchasable","24":"product-type-simple"},"aioseo_notices":[],"_links":{"self":[{"href":"https:\/\/flanca.si\/de\/wp-json\/wp\/v2\/product\/15558","targetHints":{"allow":["GET"]}}],"collection":[{"href":"https:\/\/flanca.si\/de\/wp-json\/wp\/v2\/product"}],"about":[{"href":"https:\/\/flanca.si\/de\/wp-json\/wp\/v2\/types\/product"}],"wp:featuredmedia":[{"embeddable":true,"href":"https:\/\/flanca.si\/de\/wp-json\/wp\/v2\/media\/13324"}],"wp:attachment":[{"href":"https:\/\/flanca.si\/de\/wp-json\/wp\/v2\/media?parent=15558"}],"wp:term":[{"taxonomy":"product_brand","embeddable":true,"href":"https:\/\/flanca.si\/de\/wp-json\/wp\/v2\/product_brand?post=15558"},{"taxonomy":"product_cat","embeddable":true,"href":"https:\/\/flanca.si\/de\/wp-json\/wp\/v2\/product_cat?post=15558"},{"taxonomy":"product_tag","embeddable":true,"href":"https:\/\/flanca.si\/de\/wp-json\/wp\/v2\/product_tag?post=15558"}],"curies":[{"name":"wp","href":"https:\/\/api.w.org\/{rel}","templated":true}]}}