{"id":15551,"date":"2021-02-03T07:51:42","date_gmt":"2021-02-03T06:51:42","guid":{"rendered":"https:\/\/flanca.si\/izdelek\/amerikanische-erdbeere-weiss\/"},"modified":"2021-02-03T07:51:42","modified_gmt":"2021-02-03T06:51:42","slug":"amerikanische-erdbeere-weiss","status":"publish","type":"product","link":"https:\/\/flanca.si\/de\/produkt\/amerikanische-erdbeere-weiss\/","title":{"rendered":"Amerikanische Erdbeere Wei\u00df"},"content":{"rendered":"<p>Die amerikanische Erdbeersorte &#8220; Primadonna White &#8220; bildet wei\u00dfe Bl\u00fcten. In Kombination mit anderen Sorten und Arten von Stauden bildet die Pflanze ein sch\u00f6nes Farbspektrum. Pflanzen dieser amerikanischen Erdbeersorte haben ein geringeres Wachstum. Wie die anderen Sorten bl\u00fcht auch diese von Juli bis September. Die Pflanze ist mellifer, so dass wir viele Bienen und Hummeln auf ihr finden werden. Die amerikanische Erdbeere gedeiht auf lehmiger, gut durchl\u00e4ssiger Gartenerde. Er eignet sich f\u00fcr sonnige Standorte, die reich mit organischer Substanz ged\u00fcngt sind.  <\/p>\n<p>  Im Fr\u00fchjahr wird die amerikanische Erdbeere bis auf den Boden geschnitten. Es kann auf Blumenbeeten, vor dem Hintergrund von Steing\u00e4rten und Blumenbeeten gepflanzt werden. Die Bl\u00fcten ihrer gro\u00dfen und ausdauernden Bl\u00fcten k\u00f6nnen auch als Schnittblumen in Arrangements verwendet werden. <\/p>\n","protected":false},"excerpt":{"rendered":"<ul>\n<li><em>Echinacea purpurea<\/em><\/li>\n<li>mehrj\u00e4hrig<\/li>\n<li>Starkes Wachstum<\/li>\n<li>reichlich bl\u00fchende Bl\u00fcten in Gelbt\u00f6nen<\/li>\n<li>Honigpflanze<\/li>\n<li>Schnittblumen<\/li>\n<\/ul>\n<h4><strong>Verpackt 1 S\u00e4mling auf einmal!<\/strong><\/h4>\n","protected":false},"featured_media":13123,"template":"","meta":{"site-sidebar-layout":"default","site-content-layout":"default","ast-site-content-layout":"default","site-content-style":"default","site-sidebar-style":"default","ast-global-header-display":"","ast-banner-title-visibility":"","ast-main-header-display":"","ast-hfb-above-header-display":"","ast-hfb-below-header-display":"","ast-hfb-mobile-header-display":"","site-post-title":"","ast-breadcrumbs-content":"","ast-featured-img":"","footer-sml-layout":"","ast-disable-related-posts":"","theme-transparent-header-meta":"default","adv-header-id-meta":"","stick-header-meta":"default","header-above-stick-meta":"","header-main-stick-meta":"","header-below-stick-meta":"","astra-migrate-meta-layouts":"default","ast-page-background-enabled":"default","ast-page-background-meta":{"desktop":{"background-color":"","background-image":"","background-repeat":"repeat","background-position":"center center","background-size":"auto","background-attachment":"scroll","background-type":"","background-media":"","overlay-type":"","overlay-color":"","overlay-opacity":"","overlay-gradient":""},"tablet":{"background-color":"","background-image":"","background-repeat":"repeat","background-position":"center center","background-size":"auto","background-attachment":"scroll","background-type":"","background-media":"","overlay-type":"","overlay-color":"","overlay-opacity":"","overlay-gradient":""},"mobile":{"background-color":"","background-image":"","background-repeat":"repeat","background-position":"center center","background-size":"auto","background-attachment":"scroll","background-type":"","background-media":"","overlay-type":"","overlay-color":"","overlay-opacity":"","overlay-gradient":""}},"ast-content-background-meta":{"desktop":{"background-color":"var(--ast-global-color-5)","background-image":"","background-repeat":"repeat","background-position":"center center","background-size":"auto","background-attachment":"scroll","background-type":"","background-media":"","overlay-type":"","overlay-color":"","overlay-opacity":"","overlay-gradient":""},"tablet":{"background-color":"var(--ast-global-color-5)","background-image":"","background-repeat":"repeat","background-position":"center center","background-size":"auto","background-attachment":"scroll","background-type":"","background-media":"","overlay-type":"","overlay-color":"","overlay-opacity":"","overlay-gradient":""},"mobile":{"background-color":"var(--ast-global-color-5)","background-image":"","background-repeat":"repeat","background-position":"center center","background-size":"auto","background-attachment":"scroll","background-type":"","background-media":"","overlay-type":"","overlay-color":"","overlay-opacity":"","overlay-gradient":""}}},"product_brand":[],"product_cat":[925],"product_tag":[1169,875,924],"class_list":{"0":"post-15551","1":"product","2":"type-product","3":"status-publish","4":"has-post-thumbnail","6":"product_cat-pflanzen-fur-troge-und-beete","7":"product_tag-amerikanische-erdbeere","8":"product_tag-stauden","9":"product_tag-troge-und-blumenbeete","10":"desktop-align-left","11":"tablet-align-left","12":"mobile-align-left","13":"ast-product-gallery-layout-horizontal","14":"ast-product-tabs-layout-horizontal","15":"ast-qv-on-image","17":"first","18":"instock","19":"taxable","20":"shipping-taxable","21":"purchasable","22":"product-type-simple"},"aioseo_notices":[],"_links":{"self":[{"href":"https:\/\/flanca.si\/de\/wp-json\/wp\/v2\/product\/15551","targetHints":{"allow":["GET"]}}],"collection":[{"href":"https:\/\/flanca.si\/de\/wp-json\/wp\/v2\/product"}],"about":[{"href":"https:\/\/flanca.si\/de\/wp-json\/wp\/v2\/types\/product"}],"wp:featuredmedia":[{"embeddable":true,"href":"https:\/\/flanca.si\/de\/wp-json\/wp\/v2\/media\/13123"}],"wp:attachment":[{"href":"https:\/\/flanca.si\/de\/wp-json\/wp\/v2\/media?parent=15551"}],"wp:term":[{"taxonomy":"product_brand","embeddable":true,"href":"https:\/\/flanca.si\/de\/wp-json\/wp\/v2\/product_brand?post=15551"},{"taxonomy":"product_cat","embeddable":true,"href":"https:\/\/flanca.si\/de\/wp-json\/wp\/v2\/product_cat?post=15551"},{"taxonomy":"product_tag","embeddable":true,"href":"https:\/\/flanca.si\/de\/wp-json\/wp\/v2\/product_tag?post=15551"}],"curies":[{"name":"wp","href":"https:\/\/api.w.org\/{rel}","templated":true}]}}