{"id":15550,"date":"2021-02-03T08:48:48","date_gmt":"2021-02-03T07:48:48","guid":{"rendered":"https:\/\/flanca.si\/izdelek\/blutruenstiger-dunkler-reiter\/"},"modified":"2021-02-03T08:48:48","modified_gmt":"2021-02-03T07:48:48","slug":"blutruenstiger-dunkler-reiter","status":"publish","type":"product","link":"https:\/\/flanca.si\/de\/produkt\/blutruenstiger-dunkler-reiter\/","title":{"rendered":"Blutr\u00fcnstiger Dunkler Reiter"},"content":{"rendered":"<p>Mehrj\u00e4hrige Pflanze mit kompaktem Wuchs. Leuchtend lila-blaue Bl\u00fcten erscheinen bereits im zeitigen Fr\u00fchjahr. Das Beschneiden der Pflanze nach der Bl\u00fcte stimuliert mehr Bl\u00fcten im Herbst und hilft, eine sch\u00f6ne Form zu erhalten. Sie hat gefiederte, gefiederte Bl\u00e4tter von dunkler Farbe, die einen sch\u00f6nen Kontrast zu den Bl\u00fcten bilden. Sie w\u00e4chst gut an sonnigen bis halbschattigen Standorten mit etwas saurerem Boden. Es eignet sich f\u00fcr die Pflanzung in Steing\u00e4rten.  <\/p>\n","protected":false},"excerpt":{"rendered":"<ul>\n<li><em>Geranium pratense \/ Dark Reiter<\/em><\/li>\n<li>Kompakter Wuchs Staude<\/li>\n<li>Kontrast zwischen Bl\u00fcten und Bl\u00e4ttern<\/li>\n<li>Steing\u00e4rten, Balken<\/li>\n<li>sonnige Lagen<\/li>\n<\/ul>\n<h4><strong>Packungen mit 1 S\u00e4mling!<\/strong><\/h4>\n","protected":false},"featured_media":13130,"template":"","meta":{"site-sidebar-layout":"default","site-content-layout":"default","ast-site-content-layout":"default","site-content-style":"default","site-sidebar-style":"default","ast-global-header-display":"","ast-banner-title-visibility":"","ast-main-header-display":"","ast-hfb-above-header-display":"","ast-hfb-below-header-display":"","ast-hfb-mobile-header-display":"","site-post-title":"","ast-breadcrumbs-content":"","ast-featured-img":"","footer-sml-layout":"","ast-disable-related-posts":"","theme-transparent-header-meta":"default","adv-header-id-meta":"","stick-header-meta":"default","header-above-stick-meta":"","header-main-stick-meta":"","header-below-stick-meta":"","astra-migrate-meta-layouts":"default","ast-page-background-enabled":"default","ast-page-background-meta":{"desktop":{"background-color":"","background-image":"","background-repeat":"repeat","background-position":"center center","background-size":"auto","background-attachment":"scroll","background-type":"","background-media":"","overlay-type":"","overlay-color":"","overlay-opacity":"","overlay-gradient":""},"tablet":{"background-color":"","background-image":"","background-repeat":"repeat","background-position":"center center","background-size":"auto","background-attachment":"scroll","background-type":"","background-media":"","overlay-type":"","overlay-color":"","overlay-opacity":"","overlay-gradient":""},"mobile":{"background-color":"","background-image":"","background-repeat":"repeat","background-position":"center center","background-size":"auto","background-attachment":"scroll","background-type":"","background-media":"","overlay-type":"","overlay-color":"","overlay-opacity":"","overlay-gradient":""}},"ast-content-background-meta":{"desktop":{"background-color":"var(--ast-global-color-5)","background-image":"","background-repeat":"repeat","background-position":"center center","background-size":"auto","background-attachment":"scroll","background-type":"","background-media":"","overlay-type":"","overlay-color":"","overlay-opacity":"","overlay-gradient":""},"tablet":{"background-color":"var(--ast-global-color-5)","background-image":"","background-repeat":"repeat","background-position":"center center","background-size":"auto","background-attachment":"scroll","background-type":"","background-media":"","overlay-type":"","overlay-color":"","overlay-opacity":"","overlay-gradient":""},"mobile":{"background-color":"var(--ast-global-color-5)","background-image":"","background-repeat":"repeat","background-position":"center center","background-size":"auto","background-attachment":"scroll","background-type":"","background-media":"","overlay-type":"","overlay-color":"","overlay-opacity":"","overlay-gradient":""}}},"product_brand":[],"product_cat":[925],"product_tag":[1019,963],"class_list":{"0":"post-15550","1":"product","2":"type-product","3":"status-publish","4":"has-post-thumbnail","6":"product_cat-pflanzen-fur-troge-und-beete","7":"product_tag-steingarten","8":"product_tag-zierpflanze","9":"desktop-align-left","10":"tablet-align-left","11":"mobile-align-left","12":"ast-product-gallery-layout-horizontal","13":"ast-product-gallery-with-no-image","14":"ast-product-tabs-layout-horizontal","15":"ast-qv-on-image","17":"first","18":"outofstock","19":"taxable","20":"shipping-taxable","21":"purchasable","22":"product-type-simple"},"aioseo_notices":[],"_links":{"self":[{"href":"https:\/\/flanca.si\/de\/wp-json\/wp\/v2\/product\/15550","targetHints":{"allow":["GET"]}}],"collection":[{"href":"https:\/\/flanca.si\/de\/wp-json\/wp\/v2\/product"}],"about":[{"href":"https:\/\/flanca.si\/de\/wp-json\/wp\/v2\/types\/product"}],"wp:featuredmedia":[{"embeddable":true,"href":"https:\/\/flanca.si\/de\/wp-json\/wp\/v2\/media\/13130"}],"wp:attachment":[{"href":"https:\/\/flanca.si\/de\/wp-json\/wp\/v2\/media?parent=15550"}],"wp:term":[{"taxonomy":"product_brand","embeddable":true,"href":"https:\/\/flanca.si\/de\/wp-json\/wp\/v2\/product_brand?post=15550"},{"taxonomy":"product_cat","embeddable":true,"href":"https:\/\/flanca.si\/de\/wp-json\/wp\/v2\/product_cat?post=15550"},{"taxonomy":"product_tag","embeddable":true,"href":"https:\/\/flanca.si\/de\/wp-json\/wp\/v2\/product_tag?post=15550"}],"curies":[{"name":"wp","href":"https:\/\/api.w.org\/{rel}","templated":true}]}}