{"id":15548,"date":"2021-02-03T10:10:31","date_gmt":"2021-02-03T09:10:31","guid":{"rendered":"https:\/\/flanca.si\/izdelek\/hojhera-gelb\/"},"modified":"2021-02-03T10:10:31","modified_gmt":"2021-02-03T09:10:31","slug":"hojhera-gelb","status":"publish","type":"product","link":"https:\/\/flanca.si\/de\/produkt\/hojhera-gelb\/","title":{"rendered":"Hojhera gelb"},"content":{"rendered":"<p>Hojhera ist eine wundersch\u00f6ne mehrj\u00e4hrige Pflanze in einer Vielzahl von Blattfarben, alles von Weinrot, Lila, Gr\u00fcn, Gelb, Orange und verschiedenen Silbert\u00f6nen. Die Pflanze ist nicht anspruchsvoll zu wachsen. Sie w\u00e4chst am besten im Halbschatten, kann aber auch in voller Sonne stehen. Im Sommer bl\u00fcht sie an l\u00e4ngeren Stielen, meist in feuerroten, rosa oder wei\u00dfen Bl\u00fcten, die Schmetterlinge anziehen. Es ist ideal f\u00fcr gemischte Pflanzungen in Tr\u00f6gen, dekorativen Beh\u00e4ltern, als Solit\u00e4r in Steing\u00e4rten, Blumenbeeten, Gr\u00e4bern usw. Die Sorte &#8218;Blondie in Lime&#8216; hat eine zitronengr\u00fcne Blattfarbe. Sie hat einen ausgesprochen kompakten und gesunden Wuchs. Die Pflanze ist nicht anspruchsvoll im Anbau und gedeiht an sonnigen und halbschattigen Standorten.    <\/p>\n","protected":false},"excerpt":{"rendered":"<ul>\n<li><em>Heuchera hybrida<\/em><\/li>\n<li>mehrj\u00e4hrig<\/li>\n<li>Zitronengr\u00fcne Blattfarbe<\/li>\n<li>zieht Bienen und Schmetterlinge an<\/li>\n<li>Unpr\u00e4tenti\u00f6se Pflanze<\/li>\n<li>Kompaktes Wachstum<\/li>\n<\/ul>\n<h4><strong>Verpackt 1 S\u00e4mling auf einmal!<\/strong><\/h4>\n","protected":false},"featured_media":13138,"template":"","meta":{"site-sidebar-layout":"default","site-content-layout":"default","ast-site-content-layout":"default","site-content-style":"default","site-sidebar-style":"default","ast-global-header-display":"","ast-banner-title-visibility":"","ast-main-header-display":"","ast-hfb-above-header-display":"","ast-hfb-below-header-display":"","ast-hfb-mobile-header-display":"","site-post-title":"","ast-breadcrumbs-content":"","ast-featured-img":"","footer-sml-layout":"","ast-disable-related-posts":"","theme-transparent-header-meta":"default","adv-header-id-meta":"","stick-header-meta":"default","header-above-stick-meta":"","header-main-stick-meta":"","header-below-stick-meta":"","astra-migrate-meta-layouts":"default","ast-page-background-enabled":"default","ast-page-background-meta":{"desktop":{"background-color":"","background-image":"","background-repeat":"repeat","background-position":"center center","background-size":"auto","background-attachment":"scroll","background-type":"","background-media":"","overlay-type":"","overlay-color":"","overlay-opacity":"","overlay-gradient":""},"tablet":{"background-color":"","background-image":"","background-repeat":"repeat","background-position":"center center","background-size":"auto","background-attachment":"scroll","background-type":"","background-media":"","overlay-type":"","overlay-color":"","overlay-opacity":"","overlay-gradient":""},"mobile":{"background-color":"","background-image":"","background-repeat":"repeat","background-position":"center center","background-size":"auto","background-attachment":"scroll","background-type":"","background-media":"","overlay-type":"","overlay-color":"","overlay-opacity":"","overlay-gradient":""}},"ast-content-background-meta":{"desktop":{"background-color":"var(--ast-global-color-5)","background-image":"","background-repeat":"repeat","background-position":"center center","background-size":"auto","background-attachment":"scroll","background-type":"","background-media":"","overlay-type":"","overlay-color":"","overlay-opacity":"","overlay-gradient":""},"tablet":{"background-color":"var(--ast-global-color-5)","background-image":"","background-repeat":"repeat","background-position":"center center","background-size":"auto","background-attachment":"scroll","background-type":"","background-media":"","overlay-type":"","overlay-color":"","overlay-opacity":"","overlay-gradient":""},"mobile":{"background-color":"var(--ast-global-color-5)","background-image":"","background-repeat":"repeat","background-position":"center center","background-size":"auto","background-attachment":"scroll","background-type":"","background-media":"","overlay-type":"","overlay-color":"","overlay-opacity":"","overlay-gradient":""}}},"product_brand":[],"product_cat":[925],"product_tag":[1074,1219],"class_list":{"0":"post-15548","1":"product","2":"type-product","3":"status-publish","4":"has-post-thumbnail","6":"product_cat-pflanzen-fur-troge-und-beete","7":"product_tag-dekorative-balken","8":"product_tag-dekorativer-wert","9":"desktop-align-left","10":"tablet-align-left","11":"mobile-align-left","12":"ast-product-gallery-layout-horizontal","13":"ast-product-gallery-with-no-image","14":"ast-product-tabs-layout-horizontal","15":"ast-qv-on-image","17":"first","18":"outofstock","19":"taxable","20":"shipping-taxable","21":"purchasable","22":"product-type-simple"},"aioseo_notices":[],"_links":{"self":[{"href":"https:\/\/flanca.si\/de\/wp-json\/wp\/v2\/product\/15548","targetHints":{"allow":["GET"]}}],"collection":[{"href":"https:\/\/flanca.si\/de\/wp-json\/wp\/v2\/product"}],"about":[{"href":"https:\/\/flanca.si\/de\/wp-json\/wp\/v2\/types\/product"}],"wp:featuredmedia":[{"embeddable":true,"href":"https:\/\/flanca.si\/de\/wp-json\/wp\/v2\/media\/13138"}],"wp:attachment":[{"href":"https:\/\/flanca.si\/de\/wp-json\/wp\/v2\/media?parent=15548"}],"wp:term":[{"taxonomy":"product_brand","embeddable":true,"href":"https:\/\/flanca.si\/de\/wp-json\/wp\/v2\/product_brand?post=15548"},{"taxonomy":"product_cat","embeddable":true,"href":"https:\/\/flanca.si\/de\/wp-json\/wp\/v2\/product_cat?post=15548"},{"taxonomy":"product_tag","embeddable":true,"href":"https:\/\/flanca.si\/de\/wp-json\/wp\/v2\/product_tag?post=15548"}],"curies":[{"name":"wp","href":"https:\/\/api.w.org\/{rel}","templated":true}]}}