{"id":15547,"date":"2021-02-03T09:25:55","date_gmt":"2021-02-03T08:25:55","guid":{"rendered":"https:\/\/flanca.si\/izdelek\/rote-yucca-hesperaloe-parviflora\/"},"modified":"2021-02-03T09:25:55","modified_gmt":"2021-02-03T08:25:55","slug":"rote-yucca-hesperaloe-parviflora","status":"publish","type":"product","link":"https:\/\/flanca.si\/de\/produkt\/rote-yucca-hesperaloe-parviflora\/","title":{"rendered":"Rote Yucca Hesperaloe parviflora"},"content":{"rendered":"<p>Eine immergr\u00fcne mehrj\u00e4hrige Pflanze, die an extrem sonnigen Standorten gepflanzt wird. Die Sorte ist auch f\u00fcr unser Klima interessant, da sie auch niedrigere Wintertemperaturen gut vertr\u00e4gt. Sie bildet eine Rosette aus solchen lanzettlichen Bl\u00e4ttern von blaugr\u00fcner Farbe. Unter Stressbedingungen wie starker Trockenheit oder extrem niedrigen Temperaturen f\u00e4rbt sich das Laub violett oder r\u00f6tlich-bronzefarben. Aus einer Blattrosette sprie\u00dfen Bl\u00fctenstiele. Sie erreichen auch eine H\u00f6he von 1,5 m. Auf ihnen bilden sich glockenf\u00f6rmige korallenrote Bl\u00fcten. Er eignet sich zum Bepflanzen von niedrigeren T\u00f6pfen. <\/p>\n","protected":false},"excerpt":{"rendered":"<ul>\n<li>Hesperaloe parviflora (Yucca, Aloe)<\/li>\n<li>immergr\u00fcne Staude<\/li>\n<li>Unpr\u00e4tenti\u00f6se Pflanze<\/li>\n<li>Sonnige Pl\u00e4tze<\/li>\n<li>attraktive Blumen<\/li>\n<\/ul>\n<h4><strong>Verpackt 1 Pflanze auf einmal!<\/strong><\/h4>\n","protected":false},"featured_media":13132,"template":"","meta":{"site-sidebar-layout":"default","site-content-layout":"default","ast-site-content-layout":"default","site-content-style":"default","site-sidebar-style":"default","ast-global-header-display":"","ast-banner-title-visibility":"","ast-main-header-display":"","ast-hfb-above-header-display":"","ast-hfb-below-header-display":"","ast-hfb-mobile-header-display":"","site-post-title":"","ast-breadcrumbs-content":"","ast-featured-img":"","footer-sml-layout":"","ast-disable-related-posts":"","theme-transparent-header-meta":"default","adv-header-id-meta":"","stick-header-meta":"default","header-above-stick-meta":"","header-main-stick-meta":"","header-below-stick-meta":"","astra-migrate-meta-layouts":"default","ast-page-background-enabled":"default","ast-page-background-meta":{"desktop":{"background-color":"","background-image":"","background-repeat":"repeat","background-position":"center center","background-size":"auto","background-attachment":"scroll","background-type":"","background-media":"","overlay-type":"","overlay-color":"","overlay-opacity":"","overlay-gradient":""},"tablet":{"background-color":"","background-image":"","background-repeat":"repeat","background-position":"center center","background-size":"auto","background-attachment":"scroll","background-type":"","background-media":"","overlay-type":"","overlay-color":"","overlay-opacity":"","overlay-gradient":""},"mobile":{"background-color":"","background-image":"","background-repeat":"repeat","background-position":"center center","background-size":"auto","background-attachment":"scroll","background-type":"","background-media":"","overlay-type":"","overlay-color":"","overlay-opacity":"","overlay-gradient":""}},"ast-content-background-meta":{"desktop":{"background-color":"var(--ast-global-color-5)","background-image":"","background-repeat":"repeat","background-position":"center center","background-size":"auto","background-attachment":"scroll","background-type":"","background-media":"","overlay-type":"","overlay-color":"","overlay-opacity":"","overlay-gradient":""},"tablet":{"background-color":"var(--ast-global-color-5)","background-image":"","background-repeat":"repeat","background-position":"center center","background-size":"auto","background-attachment":"scroll","background-type":"","background-media":"","overlay-type":"","overlay-color":"","overlay-opacity":"","overlay-gradient":""},"mobile":{"background-color":"var(--ast-global-color-5)","background-image":"","background-repeat":"repeat","background-position":"center center","background-size":"auto","background-attachment":"scroll","background-type":"","background-media":"","overlay-type":"","overlay-color":"","overlay-opacity":"","overlay-gradient":""}}},"product_brand":[],"product_cat":[925],"product_tag":[1019,963],"class_list":{"0":"post-15547","1":"product","2":"type-product","3":"status-publish","4":"has-post-thumbnail","6":"product_cat-pflanzen-fur-troge-und-beete","7":"product_tag-steingarten","8":"product_tag-zierpflanze","9":"desktop-align-left","10":"tablet-align-left","11":"mobile-align-left","12":"ast-product-gallery-layout-horizontal","13":"ast-product-gallery-with-no-image","14":"ast-product-tabs-layout-horizontal","15":"ast-qv-on-image","17":"first","18":"outofstock","19":"taxable","20":"shipping-taxable","21":"purchasable","22":"product-type-simple"},"aioseo_notices":[],"_links":{"self":[{"href":"https:\/\/flanca.si\/de\/wp-json\/wp\/v2\/product\/15547","targetHints":{"allow":["GET"]}}],"collection":[{"href":"https:\/\/flanca.si\/de\/wp-json\/wp\/v2\/product"}],"about":[{"href":"https:\/\/flanca.si\/de\/wp-json\/wp\/v2\/types\/product"}],"wp:featuredmedia":[{"embeddable":true,"href":"https:\/\/flanca.si\/de\/wp-json\/wp\/v2\/media\/13132"}],"wp:attachment":[{"href":"https:\/\/flanca.si\/de\/wp-json\/wp\/v2\/media?parent=15547"}],"wp:term":[{"taxonomy":"product_brand","embeddable":true,"href":"https:\/\/flanca.si\/de\/wp-json\/wp\/v2\/product_brand?post=15547"},{"taxonomy":"product_cat","embeddable":true,"href":"https:\/\/flanca.si\/de\/wp-json\/wp\/v2\/product_cat?post=15547"},{"taxonomy":"product_tag","embeddable":true,"href":"https:\/\/flanca.si\/de\/wp-json\/wp\/v2\/product_tag?post=15547"}],"curies":[{"name":"wp","href":"https:\/\/api.w.org\/{rel}","templated":true}]}}