{"id":15542,"date":"2021-02-03T11:01:34","date_gmt":"2021-02-03T10:01:34","guid":{"rendered":"https:\/\/flanca.si\/izdelek\/heiliger-gralssumpf\/"},"modified":"2021-02-03T11:01:34","modified_gmt":"2021-02-03T10:01:34","slug":"heiliger-gralssumpf","status":"publish","type":"product","link":"https:\/\/flanca.si\/de\/produkt\/heiliger-gralssumpf\/","title":{"rendered":"Heiliger Gralssumpf"},"content":{"rendered":"<p>Sumpfmalve oder Sumpfhibiskus ist eine mehrj\u00e4hrige Pflanze, die unter guten Wachstumsbedingungen eine H\u00f6he von bis zu 1 m erreicht. Sie bl\u00fcht im Fr\u00fchsommer. Die Bl\u00fcten haben eine weinrote Farbe und k\u00f6nnen einen Durchmesser von bis zu 20 cm erreichen. Die Sumpfmalve geh\u00f6rt zu den krautigen Stauden, da sie im Winter ihren oberirdischen Teil abstirbt und im Fr\u00fchjahr wieder anf\u00e4ngt, sich abzusto\u00dfen. Es ist eine interessante und attraktive Staude, die in Gartenbeeten oder in gr\u00f6\u00dferen T\u00f6pfen gepflanzt werden kann. Sie w\u00e4chst besser in sonnigen Anbaugebieten.  <\/p>\n","protected":false},"excerpt":{"rendered":"<ul>\n<li><em>Hibiscus moscheutos Heiliger Gral  <\/em><\/li>\n<li>Sumpf-Hibiskus<\/li>\n<li>krautige Staude<\/li>\n<li>Unpr\u00e4tenti\u00f6se Staude<\/li>\n<li>gro\u00dfe weinrote Bl\u00e4tter<\/li>\n<\/ul>\n<h4><strong>Verpackt 1 S\u00e4mling auf einmal!<\/strong><\/h4>\n<p>&nbsp;<\/p>\n","protected":false},"featured_media":13349,"template":"","meta":{"site-sidebar-layout":"default","site-content-layout":"default","ast-site-content-layout":"default","site-content-style":"default","site-sidebar-style":"default","ast-global-header-display":"","ast-banner-title-visibility":"","ast-main-header-display":"","ast-hfb-above-header-display":"","ast-hfb-below-header-display":"","ast-hfb-mobile-header-display":"","site-post-title":"","ast-breadcrumbs-content":"","ast-featured-img":"","footer-sml-layout":"","ast-disable-related-posts":"","theme-transparent-header-meta":"default","adv-header-id-meta":"","stick-header-meta":"default","header-above-stick-meta":"","header-main-stick-meta":"","header-below-stick-meta":"","astra-migrate-meta-layouts":"default","ast-page-background-enabled":"default","ast-page-background-meta":{"desktop":{"background-color":"","background-image":"","background-repeat":"repeat","background-position":"center center","background-size":"auto","background-attachment":"scroll","background-type":"","background-media":"","overlay-type":"","overlay-color":"","overlay-opacity":"","overlay-gradient":""},"tablet":{"background-color":"","background-image":"","background-repeat":"repeat","background-position":"center center","background-size":"auto","background-attachment":"scroll","background-type":"","background-media":"","overlay-type":"","overlay-color":"","overlay-opacity":"","overlay-gradient":""},"mobile":{"background-color":"","background-image":"","background-repeat":"repeat","background-position":"center center","background-size":"auto","background-attachment":"scroll","background-type":"","background-media":"","overlay-type":"","overlay-color":"","overlay-opacity":"","overlay-gradient":""}},"ast-content-background-meta":{"desktop":{"background-color":"var(--ast-global-color-5)","background-image":"","background-repeat":"repeat","background-position":"center center","background-size":"auto","background-attachment":"scroll","background-type":"","background-media":"","overlay-type":"","overlay-color":"","overlay-opacity":"","overlay-gradient":""},"tablet":{"background-color":"var(--ast-global-color-5)","background-image":"","background-repeat":"repeat","background-position":"center center","background-size":"auto","background-attachment":"scroll","background-type":"","background-media":"","overlay-type":"","overlay-color":"","overlay-opacity":"","overlay-gradient":""},"mobile":{"background-color":"var(--ast-global-color-5)","background-image":"","background-repeat":"repeat","background-position":"center center","background-size":"auto","background-attachment":"scroll","background-type":"","background-media":"","overlay-type":"","overlay-color":"","overlay-opacity":"","overlay-gradient":""}}},"product_brand":[],"product_cat":[925],"product_tag":[1529,924],"class_list":{"0":"post-15542","1":"product","2":"type-product","3":"status-publish","4":"has-post-thumbnail","6":"product_cat-pflanzen-fur-troge-und-beete","7":"product_tag-hibiskus-de","8":"product_tag-troge-und-blumenbeete","9":"desktop-align-left","10":"tablet-align-left","11":"mobile-align-left","12":"ast-product-gallery-layout-horizontal","13":"ast-product-tabs-layout-horizontal","14":"ast-qv-on-image","16":"first","17":"outofstock","18":"taxable","19":"shipping-taxable","20":"purchasable","21":"product-type-simple"},"aioseo_notices":[],"_links":{"self":[{"href":"https:\/\/flanca.si\/de\/wp-json\/wp\/v2\/product\/15542","targetHints":{"allow":["GET"]}}],"collection":[{"href":"https:\/\/flanca.si\/de\/wp-json\/wp\/v2\/product"}],"about":[{"href":"https:\/\/flanca.si\/de\/wp-json\/wp\/v2\/types\/product"}],"wp:featuredmedia":[{"embeddable":true,"href":"https:\/\/flanca.si\/de\/wp-json\/wp\/v2\/media\/13349"}],"wp:attachment":[{"href":"https:\/\/flanca.si\/de\/wp-json\/wp\/v2\/media?parent=15542"}],"wp:term":[{"taxonomy":"product_brand","embeddable":true,"href":"https:\/\/flanca.si\/de\/wp-json\/wp\/v2\/product_brand?post=15542"},{"taxonomy":"product_cat","embeddable":true,"href":"https:\/\/flanca.si\/de\/wp-json\/wp\/v2\/product_cat?post=15542"},{"taxonomy":"product_tag","embeddable":true,"href":"https:\/\/flanca.si\/de\/wp-json\/wp\/v2\/product_tag?post=15542"}],"curies":[{"name":"wp","href":"https:\/\/api.w.org\/{rel}","templated":true}]}}