{"id":15541,"date":"2021-02-03T09:50:41","date_gmt":"2021-02-03T08:50:41","guid":{"rendered":"https:\/\/flanca.si\/izdelek\/die-mitternachtsrose\/"},"modified":"2021-02-03T09:50:41","modified_gmt":"2021-02-03T08:50:41","slug":"die-mitternachtsrose","status":"publish","type":"product","link":"https:\/\/flanca.si\/de\/produkt\/die-mitternachtsrose\/","title":{"rendered":"Die Mitternachtsrose"},"content":{"rendered":"<p>Hojhera ist eine wundersch\u00f6ne mehrj\u00e4hrige Pflanze in einer Vielzahl von Blattfarben, alles von Weinrot, Lila, Gr\u00fcn, Gelb, Orange und verschiedenen Silbert\u00f6nen. Die Pflanze ist nicht anspruchsvoll zu wachsen. Sie w\u00e4chst am besten im Halbschatten, kann aber auch in voller Sonne stehen. Im Sommer bl\u00fcht sie an l\u00e4ngeren Stielen, meist in feuerroten, rosa oder wei\u00dfen Bl\u00fcten, die Schmetterlinge anziehen. Sie ist ideal f\u00fcr Mischpflanzungen in Tr\u00f6gen, dekorativen Beh\u00e4ltern, als Solit\u00e4r in Steing\u00e4rten, Blumenbeeten, Gr\u00e4bern usw. Midnight Rose ist eine Hojhere-Sorte mit besonders attraktivem Laub von schwarzbrauner Farbe mit rosa Flecken. Die Bl\u00fcten erscheinen in einer cremefarbenen Farbe. Es hat einen extrem kompakten halbkugelf\u00f6rmigen Wuchs. Er eignet sich f\u00fcr sonnige und schattige Standorte.    <\/p>\n","protected":false},"excerpt":{"rendered":"<ul>\n<li><em>Heuchera hybrida<\/em><\/li>\n<li>mehrj\u00e4hrig<\/li>\n<li>Attraktives, dekoratives Laub<\/li>\n<li>Kompaktes Wachstum<\/li>\n<li>Unpr\u00e4tenti\u00f6se Pflanze<\/li>\n<\/ul>\n<h4><strong>Verpackt 1 S\u00e4mling auf einmal!<\/strong><\/h4>\n","protected":false},"featured_media":13136,"template":"","meta":{"site-sidebar-layout":"default","site-content-layout":"default","ast-site-content-layout":"default","site-content-style":"default","site-sidebar-style":"default","ast-global-header-display":"","ast-banner-title-visibility":"","ast-main-header-display":"","ast-hfb-above-header-display":"","ast-hfb-below-header-display":"","ast-hfb-mobile-header-display":"","site-post-title":"","ast-breadcrumbs-content":"","ast-featured-img":"","footer-sml-layout":"","ast-disable-related-posts":"","theme-transparent-header-meta":"default","adv-header-id-meta":"","stick-header-meta":"default","header-above-stick-meta":"","header-main-stick-meta":"","header-below-stick-meta":"","astra-migrate-meta-layouts":"default","ast-page-background-enabled":"default","ast-page-background-meta":{"desktop":{"background-color":"","background-image":"","background-repeat":"repeat","background-position":"center center","background-size":"auto","background-attachment":"scroll","background-type":"","background-media":"","overlay-type":"","overlay-color":"","overlay-opacity":"","overlay-gradient":""},"tablet":{"background-color":"","background-image":"","background-repeat":"repeat","background-position":"center center","background-size":"auto","background-attachment":"scroll","background-type":"","background-media":"","overlay-type":"","overlay-color":"","overlay-opacity":"","overlay-gradient":""},"mobile":{"background-color":"","background-image":"","background-repeat":"repeat","background-position":"center center","background-size":"auto","background-attachment":"scroll","background-type":"","background-media":"","overlay-type":"","overlay-color":"","overlay-opacity":"","overlay-gradient":""}},"ast-content-background-meta":{"desktop":{"background-color":"var(--ast-global-color-5)","background-image":"","background-repeat":"repeat","background-position":"center center","background-size":"auto","background-attachment":"scroll","background-type":"","background-media":"","overlay-type":"","overlay-color":"","overlay-opacity":"","overlay-gradient":""},"tablet":{"background-color":"var(--ast-global-color-5)","background-image":"","background-repeat":"repeat","background-position":"center center","background-size":"auto","background-attachment":"scroll","background-type":"","background-media":"","overlay-type":"","overlay-color":"","overlay-opacity":"","overlay-gradient":""},"mobile":{"background-color":"var(--ast-global-color-5)","background-image":"","background-repeat":"repeat","background-position":"center center","background-size":"auto","background-attachment":"scroll","background-type":"","background-media":"","overlay-type":"","overlay-color":"","overlay-opacity":"","overlay-gradient":""}}},"product_brand":[],"product_cat":[925],"product_tag":[1219,875,963],"class_list":{"0":"post-15541","1":"product","2":"type-product","3":"status-publish","4":"has-post-thumbnail","6":"product_cat-pflanzen-fur-troge-und-beete","7":"product_tag-dekorativer-wert","8":"product_tag-stauden","9":"product_tag-zierpflanze","10":"desktop-align-left","11":"tablet-align-left","12":"mobile-align-left","13":"ast-product-gallery-layout-horizontal","14":"ast-product-tabs-layout-horizontal","15":"ast-qv-on-image","17":"first","18":"outofstock","19":"taxable","20":"shipping-taxable","21":"purchasable","22":"product-type-simple"},"aioseo_notices":[],"_links":{"self":[{"href":"https:\/\/flanca.si\/de\/wp-json\/wp\/v2\/product\/15541","targetHints":{"allow":["GET"]}}],"collection":[{"href":"https:\/\/flanca.si\/de\/wp-json\/wp\/v2\/product"}],"about":[{"href":"https:\/\/flanca.si\/de\/wp-json\/wp\/v2\/types\/product"}],"wp:featuredmedia":[{"embeddable":true,"href":"https:\/\/flanca.si\/de\/wp-json\/wp\/v2\/media\/13136"}],"wp:attachment":[{"href":"https:\/\/flanca.si\/de\/wp-json\/wp\/v2\/media?parent=15541"}],"wp:term":[{"taxonomy":"product_brand","embeddable":true,"href":"https:\/\/flanca.si\/de\/wp-json\/wp\/v2\/product_brand?post=15541"},{"taxonomy":"product_cat","embeddable":true,"href":"https:\/\/flanca.si\/de\/wp-json\/wp\/v2\/product_cat?post=15541"},{"taxonomy":"product_tag","embeddable":true,"href":"https:\/\/flanca.si\/de\/wp-json\/wp\/v2\/product_tag?post=15541"}],"curies":[{"name":"wp","href":"https:\/\/api.w.org\/{rel}","templated":true}]}}