{"id":15535,"date":"2020-05-22T12:24:22","date_gmt":"2020-05-22T10:24:22","guid":{"rendered":"https:\/\/flanca.si\/izdelek\/penstemon-h-roter-stamm\/"},"modified":"2020-05-22T12:24:22","modified_gmt":"2020-05-22T10:24:22","slug":"penstemon-h-roter-stamm","status":"publish","type":"product","link":"https:\/\/flanca.si\/de\/produkt\/penstemon-h-roter-stamm\/","title":{"rendered":"Penstemon H. Roter Stamm"},"content":{"rendered":"<p>Penstemon &#8222;Husker Red Strain&#8220; ist eine mittelgro\u00dfe, aufrechte, teilweise sommerabwerfende mehrj\u00e4hrige Pflanze. Die St\u00e4ngel sind dunkelgr\u00fcn mit einem dunkelroten Schimmer. Bl\u00e4tter schmal lanzettlich, gl\u00e4nzend, dunkelgr\u00fcn. Sie bl\u00fcht in aufrechten \u00c4hren mit mundf\u00f6rmigen, r\u00f6hrenf\u00f6rmigen Bl\u00fcten in wei\u00df. Die Bl\u00fcten erscheinen von Juli bis August. Er lockt viele Schmetterlinge, Bienen und andere n\u00fctzliche Insekten an. Sie w\u00e4chst in durchschnittlichen, trockenen bis m\u00e4\u00dfig feuchten, gut durchl\u00e4ssigen B\u00f6den in voller Sonne. Er wird nicht auf feuchte, schlecht durchl\u00e4ssige B\u00f6den gepflanzt. Volle Sonne &#8222;versch\u00f6nert&#8220; die Farbe ihrer Bl\u00e4tter zus\u00e4tzlich. Es wird zum Pflanzen von bl\u00fchenden Blumenbeeten verwendet. Die Bl\u00fcten eignen sich auch hervorragend f\u00fcr Schnittblumen.     <\/p>\n","protected":false},"excerpt":{"rendered":"<ul>\n<li><em>Penstemon digitalis<\/em><\/li>\n<li>Hohe Staude<\/li>\n<li>Blumenbeete, Steing\u00e4rten, Weger\u00e4nder,&#8230;<\/li>\n<li>auch als Schnittblumen n\u00fctzlich<\/li>\n<li>bl\u00fcht mitten im Sommer<\/li>\n<\/ul>\n<h4><strong>Verpackt 1 S\u00e4mling auf einmal!<\/strong><\/h4>\n","protected":false},"featured_media":12845,"template":"","meta":{"site-sidebar-layout":"default","site-content-layout":"default","ast-site-content-layout":"default","site-content-style":"default","site-sidebar-style":"default","ast-global-header-display":"","ast-banner-title-visibility":"","ast-main-header-display":"","ast-hfb-above-header-display":"","ast-hfb-below-header-display":"","ast-hfb-mobile-header-display":"","site-post-title":"","ast-breadcrumbs-content":"","ast-featured-img":"","footer-sml-layout":"","ast-disable-related-posts":"","theme-transparent-header-meta":"default","adv-header-id-meta":"","stick-header-meta":"default","header-above-stick-meta":"","header-main-stick-meta":"","header-below-stick-meta":"","astra-migrate-meta-layouts":"default","ast-page-background-enabled":"default","ast-page-background-meta":{"desktop":{"background-color":"","background-image":"","background-repeat":"repeat","background-position":"center center","background-size":"auto","background-attachment":"scroll","background-type":"","background-media":"","overlay-type":"","overlay-color":"","overlay-opacity":"","overlay-gradient":""},"tablet":{"background-color":"","background-image":"","background-repeat":"repeat","background-position":"center center","background-size":"auto","background-attachment":"scroll","background-type":"","background-media":"","overlay-type":"","overlay-color":"","overlay-opacity":"","overlay-gradient":""},"mobile":{"background-color":"","background-image":"","background-repeat":"repeat","background-position":"center center","background-size":"auto","background-attachment":"scroll","background-type":"","background-media":"","overlay-type":"","overlay-color":"","overlay-opacity":"","overlay-gradient":""}},"ast-content-background-meta":{"desktop":{"background-color":"var(--ast-global-color-5)","background-image":"","background-repeat":"repeat","background-position":"center center","background-size":"auto","background-attachment":"scroll","background-type":"","background-media":"","overlay-type":"","overlay-color":"","overlay-opacity":"","overlay-gradient":""},"tablet":{"background-color":"var(--ast-global-color-5)","background-image":"","background-repeat":"repeat","background-position":"center center","background-size":"auto","background-attachment":"scroll","background-type":"","background-media":"","overlay-type":"","overlay-color":"","overlay-opacity":"","overlay-gradient":""},"mobile":{"background-color":"var(--ast-global-color-5)","background-image":"","background-repeat":"repeat","background-position":"center center","background-size":"auto","background-attachment":"scroll","background-type":"","background-media":"","overlay-type":"","overlay-color":"","overlay-opacity":"","overlay-gradient":""}}},"product_brand":[],"product_cat":[1056],"product_tag":[957,1162],"class_list":{"0":"post-15535","1":"product","2":"type-product","3":"status-publish","4":"has-post-thumbnail","6":"product_cat-pflanzen-fur-schnittblumen","7":"product_tag-blumenbeete","8":"product_tag-schnittblumen","9":"desktop-align-left","10":"tablet-align-left","11":"mobile-align-left","12":"ast-product-gallery-layout-horizontal","13":"ast-product-tabs-layout-horizontal","14":"ast-qv-on-image","16":"first","17":"outofstock","18":"taxable","19":"shipping-taxable","20":"purchasable","21":"product-type-simple"},"aioseo_notices":[],"_links":{"self":[{"href":"https:\/\/flanca.si\/de\/wp-json\/wp\/v2\/product\/15535","targetHints":{"allow":["GET"]}}],"collection":[{"href":"https:\/\/flanca.si\/de\/wp-json\/wp\/v2\/product"}],"about":[{"href":"https:\/\/flanca.si\/de\/wp-json\/wp\/v2\/types\/product"}],"wp:featuredmedia":[{"embeddable":true,"href":"https:\/\/flanca.si\/de\/wp-json\/wp\/v2\/media\/12845"}],"wp:attachment":[{"href":"https:\/\/flanca.si\/de\/wp-json\/wp\/v2\/media?parent=15535"}],"wp:term":[{"taxonomy":"product_brand","embeddable":true,"href":"https:\/\/flanca.si\/de\/wp-json\/wp\/v2\/product_brand?post=15535"},{"taxonomy":"product_cat","embeddable":true,"href":"https:\/\/flanca.si\/de\/wp-json\/wp\/v2\/product_cat?post=15535"},{"taxonomy":"product_tag","embeddable":true,"href":"https:\/\/flanca.si\/de\/wp-json\/wp\/v2\/product_tag?post=15535"}],"curies":[{"name":"wp","href":"https:\/\/api.w.org\/{rel}","templated":true}]}}