{"id":15533,"date":"2020-05-22T13:29:35","date_gmt":"2020-05-22T11:29:35","guid":{"rendered":"https:\/\/flanca.si\/izdelek\/lychnis-haageana-geschmolzene-lava\/"},"modified":"2020-05-22T13:29:35","modified_gmt":"2020-05-22T11:29:35","slug":"lychnis-haageana-geschmolzene-lava","status":"publish","type":"product","link":"https:\/\/flanca.si\/de\/produkt\/lychnis-haageana-geschmolzene-lava\/","title":{"rendered":"Lychnis haageana &#8218;Geschmolzene Lava&#8216;"},"content":{"rendered":"<p>Eine kompakte Staude, die eine niedrige, buschige Traube aus bronzefarbenen Bl\u00e4ttern bildet, die mit zahlreichen scharlachroten Bl\u00fcten \u00fcbers\u00e4t sind. Die Staude sticht mit ihren Bl\u00fcten im Garten besonders hervor. Sie bl\u00fcht vom Fr\u00fchsommer bis zum Fr\u00fchherbst. Blumen ziehen viele Insekten an. Aufgrund ihres kompakten Wuchses kann sie in einen sonnigen Steingarten aufgenommen werden, sie kann eine sch\u00f6ne Erg\u00e4nzung zu Blumenpflanzungen in Beh\u00e4ltern oder Tr\u00f6gen sein. In der H\u00f6he w\u00e4chst sie etwa 25-30 cm. Sie wird an sonnigen Standorten und auf gut durchl\u00e4ssigen B\u00f6den gepflanzt. Vor allem im Winter braucht sie einen gut durchl\u00e4ssigen Boden.   <\/p>\n","protected":false},"excerpt":{"rendered":"<ul>\n<li>mehrj\u00e4hrig<\/li>\n<li>rot bl\u00fchend<\/li>\n<li>Wuchsh\u00f6he 25-30 cm<\/li>\n<li>bl\u00fcht von Juni bis September<\/li>\n<\/ul>\n<h4><strong>Verpackt 1 S\u00e4mling auf einmal!<\/strong><\/h4>\n","protected":false},"featured_media":12847,"template":"","meta":{"site-sidebar-layout":"default","site-content-layout":"default","ast-site-content-layout":"default","site-content-style":"default","site-sidebar-style":"default","ast-global-header-display":"","ast-banner-title-visibility":"","ast-main-header-display":"","ast-hfb-above-header-display":"","ast-hfb-below-header-display":"","ast-hfb-mobile-header-display":"","site-post-title":"","ast-breadcrumbs-content":"","ast-featured-img":"","footer-sml-layout":"","ast-disable-related-posts":"","theme-transparent-header-meta":"default","adv-header-id-meta":"","stick-header-meta":"default","header-above-stick-meta":"","header-main-stick-meta":"","header-below-stick-meta":"","astra-migrate-meta-layouts":"default","ast-page-background-enabled":"default","ast-page-background-meta":{"desktop":{"background-color":"","background-image":"","background-repeat":"repeat","background-position":"center center","background-size":"auto","background-attachment":"scroll","background-type":"","background-media":"","overlay-type":"","overlay-color":"","overlay-opacity":"","overlay-gradient":""},"tablet":{"background-color":"","background-image":"","background-repeat":"repeat","background-position":"center center","background-size":"auto","background-attachment":"scroll","background-type":"","background-media":"","overlay-type":"","overlay-color":"","overlay-opacity":"","overlay-gradient":""},"mobile":{"background-color":"","background-image":"","background-repeat":"repeat","background-position":"center center","background-size":"auto","background-attachment":"scroll","background-type":"","background-media":"","overlay-type":"","overlay-color":"","overlay-opacity":"","overlay-gradient":""}},"ast-content-background-meta":{"desktop":{"background-color":"var(--ast-global-color-5)","background-image":"","background-repeat":"repeat","background-position":"center center","background-size":"auto","background-attachment":"scroll","background-type":"","background-media":"","overlay-type":"","overlay-color":"","overlay-opacity":"","overlay-gradient":""},"tablet":{"background-color":"var(--ast-global-color-5)","background-image":"","background-repeat":"repeat","background-position":"center center","background-size":"auto","background-attachment":"scroll","background-type":"","background-media":"","overlay-type":"","overlay-color":"","overlay-opacity":"","overlay-gradient":""},"mobile":{"background-color":"var(--ast-global-color-5)","background-image":"","background-repeat":"repeat","background-position":"center center","background-size":"auto","background-attachment":"scroll","background-type":"","background-media":"","overlay-type":"","overlay-color":"","overlay-opacity":"","overlay-gradient":""}}},"product_brand":[],"product_cat":[925],"product_tag":[957,1019],"class_list":{"0":"post-15533","1":"product","2":"type-product","3":"status-publish","4":"has-post-thumbnail","6":"product_cat-pflanzen-fur-troge-und-beete","7":"product_tag-blumenbeete","8":"product_tag-steingarten","9":"desktop-align-left","10":"tablet-align-left","11":"mobile-align-left","12":"ast-product-gallery-layout-horizontal","13":"ast-product-tabs-layout-horizontal","14":"ast-qv-on-image","16":"first","17":"outofstock","18":"taxable","19":"shipping-taxable","20":"purchasable","21":"product-type-simple"},"aioseo_notices":[],"_links":{"self":[{"href":"https:\/\/flanca.si\/de\/wp-json\/wp\/v2\/product\/15533","targetHints":{"allow":["GET"]}}],"collection":[{"href":"https:\/\/flanca.si\/de\/wp-json\/wp\/v2\/product"}],"about":[{"href":"https:\/\/flanca.si\/de\/wp-json\/wp\/v2\/types\/product"}],"wp:featuredmedia":[{"embeddable":true,"href":"https:\/\/flanca.si\/de\/wp-json\/wp\/v2\/media\/12847"}],"wp:attachment":[{"href":"https:\/\/flanca.si\/de\/wp-json\/wp\/v2\/media?parent=15533"}],"wp:term":[{"taxonomy":"product_brand","embeddable":true,"href":"https:\/\/flanca.si\/de\/wp-json\/wp\/v2\/product_brand?post=15533"},{"taxonomy":"product_cat","embeddable":true,"href":"https:\/\/flanca.si\/de\/wp-json\/wp\/v2\/product_cat?post=15533"},{"taxonomy":"product_tag","embeddable":true,"href":"https:\/\/flanca.si\/de\/wp-json\/wp\/v2\/product_tag?post=15533"}],"curies":[{"name":"wp","href":"https:\/\/api.w.org\/{rel}","templated":true}]}}