{"id":15524,"date":"2020-06-10T13:52:27","date_gmt":"2020-06-10T11:52:27","guid":{"rendered":"https:\/\/flanca.si\/izdelek\/ferramol-koeder-zur-schneckenbekaempfung\/"},"modified":"2020-06-10T13:52:27","modified_gmt":"2020-06-10T11:52:27","slug":"ferramol-koeder-zur-schneckenbekaempfung","status":"publish","type":"product","link":"https:\/\/flanca.si\/de\/produkt\/ferramol-koeder-zur-schneckenbekaempfung\/","title":{"rendered":"Ferramol &#8211; K\u00f6der zur Schneckenbek\u00e4mpfung"},"content":{"rendered":"<p>K\u00f6der zur Schneckenbek\u00e4mpfung in Form von winzigen K\u00f6rnchen, das zum Schutz von Gem\u00fcse und Zierpflanzen verwendet wird. Ferramol wirkt auf der Basis einer Eisenverbindung, die auch in der Natur vorkommt. Es wirkt gegen Schnecken auf Gem\u00fcse, Erdbeeren und Zierpflanzen und hat keine sichere Wartezeit (Wartezeit). Ferramolgranulat sollte gleichm\u00e4\u00dfig \u00fcber die Oberfl\u00e4che gestreut werden. Blaue Ferramolk\u00f6rner sind f\u00fcr alle &#8222;nackten&#8220; Schnecken sehr attraktiv und locken sie schnell aus ihren Verstecken. Nach dem Fressen des Granulats verlieren die Schnecken das Bed\u00fcrfnis zu fressen und kehren in ihre Verstecke zur\u00fcck, wo sie sterben. Die empfohlene Anwendung ist abends, wenn die Schnecken aus ihren Verstecken kriechen. Das Mittel ist extrem widerstandsf\u00e4hig gegen Regen. Es ist nicht giftig f\u00fcr Hunde und Katzen und schadet Regenw\u00fcrmern, Bienen und anderen N\u00fctzlingen nicht. <\/p>\n","protected":false},"excerpt":{"rendered":"<ul>\n<li>K\u00f6der zur Schneckenbek\u00e4mpfung<\/li>\n<li>Es funktioniert auf der Basis einer Eisenverbindung<\/li>\n<li>ungef\u00e4hrlich f\u00fcr andere Tiere<\/li>\n<li>extrem widerstandsf\u00e4hig gegen Regen<\/li>\n<li>keine Sicherheitswartezeit &#8211; R\u00fccknahmefristen<\/li>\n<\/ul>\n<h4><strong>Verpackt in 500g (1 St\u00fcck)!<\/strong><\/h4>\n","protected":false},"featured_media":12856,"template":"","meta":{"site-sidebar-layout":"default","site-content-layout":"default","ast-site-content-layout":"default","site-content-style":"default","site-sidebar-style":"default","ast-global-header-display":"","ast-banner-title-visibility":"","ast-main-header-display":"","ast-hfb-above-header-display":"","ast-hfb-below-header-display":"","ast-hfb-mobile-header-display":"","site-post-title":"","ast-breadcrumbs-content":"","ast-featured-img":"","footer-sml-layout":"","ast-disable-related-posts":"","theme-transparent-header-meta":"default","adv-header-id-meta":"","stick-header-meta":"default","header-above-stick-meta":"","header-main-stick-meta":"","header-below-stick-meta":"","astra-migrate-meta-layouts":"default","ast-page-background-enabled":"default","ast-page-background-meta":{"desktop":{"background-color":"","background-image":"","background-repeat":"repeat","background-position":"center center","background-size":"auto","background-attachment":"scroll","background-type":"","background-media":"","overlay-type":"","overlay-color":"","overlay-opacity":"","overlay-gradient":""},"tablet":{"background-color":"","background-image":"","background-repeat":"repeat","background-position":"center center","background-size":"auto","background-attachment":"scroll","background-type":"","background-media":"","overlay-type":"","overlay-color":"","overlay-opacity":"","overlay-gradient":""},"mobile":{"background-color":"","background-image":"","background-repeat":"repeat","background-position":"center center","background-size":"auto","background-attachment":"scroll","background-type":"","background-media":"","overlay-type":"","overlay-color":"","overlay-opacity":"","overlay-gradient":""}},"ast-content-background-meta":{"desktop":{"background-color":"var(--ast-global-color-5)","background-image":"","background-repeat":"repeat","background-position":"center center","background-size":"auto","background-attachment":"scroll","background-type":"","background-media":"","overlay-type":"","overlay-color":"","overlay-opacity":"","overlay-gradient":""},"tablet":{"background-color":"var(--ast-global-color-5)","background-image":"","background-repeat":"repeat","background-position":"center center","background-size":"auto","background-attachment":"scroll","background-type":"","background-media":"","overlay-type":"","overlay-color":"","overlay-opacity":"","overlay-gradient":""},"mobile":{"background-color":"var(--ast-global-color-5)","background-image":"","background-repeat":"repeat","background-position":"center center","background-size":"auto","background-attachment":"scroll","background-type":"","background-media":"","overlay-type":"","overlay-color":"","overlay-opacity":"","overlay-gradient":""}}},"product_brand":[],"product_cat":[1491],"product_tag":[1521,1520,1497,1523,1522],"class_list":{"0":"post-15524","1":"product","2":"type-product","3":"status-publish","4":"has-post-thumbnail","6":"product_cat-naturlicher-pflanzenschutz","7":"product_tag-ferramol-de","8":"product_tag-limsaure","9":"product_tag-naturlicher-schutz-von-garten","10":"product_tag-schnecken","11":"product_tag-stoppen-sie-schnecken","12":"desktop-align-left","13":"tablet-align-left","14":"mobile-align-left","15":"ast-product-gallery-layout-horizontal","16":"ast-product-gallery-with-no-image","17":"ast-product-tabs-layout-horizontal","18":"ast-qv-on-image","20":"first","21":"outofstock","22":"taxable","23":"shipping-taxable","24":"purchasable","25":"product-type-simple"},"aioseo_notices":[],"_links":{"self":[{"href":"https:\/\/flanca.si\/de\/wp-json\/wp\/v2\/product\/15524","targetHints":{"allow":["GET"]}}],"collection":[{"href":"https:\/\/flanca.si\/de\/wp-json\/wp\/v2\/product"}],"about":[{"href":"https:\/\/flanca.si\/de\/wp-json\/wp\/v2\/types\/product"}],"wp:featuredmedia":[{"embeddable":true,"href":"https:\/\/flanca.si\/de\/wp-json\/wp\/v2\/media\/12856"}],"wp:attachment":[{"href":"https:\/\/flanca.si\/de\/wp-json\/wp\/v2\/media?parent=15524"}],"wp:term":[{"taxonomy":"product_brand","embeddable":true,"href":"https:\/\/flanca.si\/de\/wp-json\/wp\/v2\/product_brand?post=15524"},{"taxonomy":"product_cat","embeddable":true,"href":"https:\/\/flanca.si\/de\/wp-json\/wp\/v2\/product_cat?post=15524"},{"taxonomy":"product_tag","embeddable":true,"href":"https:\/\/flanca.si\/de\/wp-json\/wp\/v2\/product_tag?post=15524"}],"curies":[{"name":"wp","href":"https:\/\/api.w.org\/{rel}","templated":true}]}}