{"id":15522,"date":"2020-06-10T15:01:36","date_gmt":"2020-06-10T13:01:36","guid":{"rendered":"https:\/\/flanca.si\/izdelek\/neudorff-duenger-fuer-tomaten-und-gemuese-1-l\/"},"modified":"2020-06-10T15:01:36","modified_gmt":"2020-06-10T13:01:36","slug":"neudorff-duenger-fuer-tomaten-und-gemuese-1-l","status":"publish","type":"product","link":"https:\/\/flanca.si\/de\/produkt\/neudorff-duenger-fuer-tomaten-und-gemuese-1-l\/","title":{"rendered":"Neudorff, D\u00fcnger f\u00fcr Tomaten und Gem\u00fcse, 1 l"},"content":{"rendered":"<p>Organischer Fl\u00fcssigd\u00fcnger wird aus organischen Rohstoffen pflanzlichen Ursprungs hergestellt. Die Zusammensetzung des D\u00fcngers sorgt f\u00fcr ein qualitativ hochwertiges Wachstum und eine hochwertige Entwicklung der Tomaten. Fl\u00fcssige Mehrn\u00e4hrstoffd\u00fcnger hingegen enthalten 3 % Stickstoff, 1 % Phosphor in Form von wasserl\u00f6slichem P2O5, 5 % Kalium in Form von wasserl\u00f6slichem K2O. Zus\u00e4tzlich enth\u00e4lt der D\u00fcnger 1,5 % des Sekund\u00e4rn\u00e4hrstoffs Natrium und 1 % des Sekund\u00e4rn\u00e4hrstoffs Schwefel, ebenfalls wasserl\u00f6slich. Der D\u00fcnger enth\u00e4lt 45% organische Substanz. 1 Liter Wasser wird mit 10 ml D\u00fcnger gemischt. Der Inhalt der Packung reicht f\u00fcr 100 l D\u00fcngefl\u00fcssigkeit. Es wird empfohlen, einmal pro Woche zu d\u00fcngen. Der D\u00fcnger kann von April bis September ausgebracht werden. <\/p>\n","protected":false},"excerpt":{"rendered":"<ul>\n<li>Fl\u00fcssiger zusammengesetzter organischer D\u00fcnger<\/li>\n<li>Rohstoffe pflanzlichen Ursprungs<\/li>\n<li>Makro- und Mikron\u00e4hrstoffe<\/li>\n<li>10 ml D\u00fcnger pro 1 l Wasser<\/li>\n<li>Verwendung w\u00e4hrend der gesamten Vegetationsperiode<\/li>\n<\/ul>\n<h4><strong>Verpackt in je 1 Liter!<\/strong><\/h4>\n","protected":false},"featured_media":12858,"template":"","meta":{"site-sidebar-layout":"default","site-content-layout":"default","ast-site-content-layout":"default","site-content-style":"default","site-sidebar-style":"default","ast-global-header-display":"","ast-banner-title-visibility":"","ast-main-header-display":"","ast-hfb-above-header-display":"","ast-hfb-below-header-display":"","ast-hfb-mobile-header-display":"","site-post-title":"","ast-breadcrumbs-content":"","ast-featured-img":"","footer-sml-layout":"","ast-disable-related-posts":"","theme-transparent-header-meta":"default","adv-header-id-meta":"","stick-header-meta":"default","header-above-stick-meta":"","header-main-stick-meta":"","header-below-stick-meta":"","astra-migrate-meta-layouts":"default","ast-page-background-enabled":"default","ast-page-background-meta":{"desktop":{"background-color":"","background-image":"","background-repeat":"repeat","background-position":"center center","background-size":"auto","background-attachment":"scroll","background-type":"","background-media":"","overlay-type":"","overlay-color":"","overlay-opacity":"","overlay-gradient":""},"tablet":{"background-color":"","background-image":"","background-repeat":"repeat","background-position":"center center","background-size":"auto","background-attachment":"scroll","background-type":"","background-media":"","overlay-type":"","overlay-color":"","overlay-opacity":"","overlay-gradient":""},"mobile":{"background-color":"","background-image":"","background-repeat":"repeat","background-position":"center center","background-size":"auto","background-attachment":"scroll","background-type":"","background-media":"","overlay-type":"","overlay-color":"","overlay-opacity":"","overlay-gradient":""}},"ast-content-background-meta":{"desktop":{"background-color":"var(--ast-global-color-5)","background-image":"","background-repeat":"repeat","background-position":"center center","background-size":"auto","background-attachment":"scroll","background-type":"","background-media":"","overlay-type":"","overlay-color":"","overlay-opacity":"","overlay-gradient":""},"tablet":{"background-color":"var(--ast-global-color-5)","background-image":"","background-repeat":"repeat","background-position":"center center","background-size":"auto","background-attachment":"scroll","background-type":"","background-media":"","overlay-type":"","overlay-color":"","overlay-opacity":"","overlay-gradient":""},"mobile":{"background-color":"var(--ast-global-color-5)","background-image":"","background-repeat":"repeat","background-position":"center center","background-size":"auto","background-attachment":"scroll","background-type":"","background-media":"","overlay-type":"","overlay-color":"","overlay-opacity":"","overlay-gradient":""}}},"product_brand":[],"product_cat":[904],"product_tag":[901,1238,1518,1519,1018],"class_list":{"0":"post-15522","1":"product","2":"type-product","3":"status-publish","4":"has-post-thumbnail","6":"product_cat-dungemittel","7":"product_tag-dunger","8":"product_tag-gemuse","9":"product_tag-naturlich","10":"product_tag-okologischer-dunger","11":"product_tag-tomaten","12":"desktop-align-left","13":"tablet-align-left","14":"mobile-align-left","15":"ast-product-gallery-layout-horizontal","16":"ast-product-gallery-with-no-image","17":"ast-product-tabs-layout-horizontal","18":"ast-qv-on-image","20":"first","21":"outofstock","22":"taxable","23":"shipping-taxable","24":"purchasable","25":"product-type-simple"},"aioseo_notices":[],"_links":{"self":[{"href":"https:\/\/flanca.si\/de\/wp-json\/wp\/v2\/product\/15522","targetHints":{"allow":["GET"]}}],"collection":[{"href":"https:\/\/flanca.si\/de\/wp-json\/wp\/v2\/product"}],"about":[{"href":"https:\/\/flanca.si\/de\/wp-json\/wp\/v2\/types\/product"}],"wp:featuredmedia":[{"embeddable":true,"href":"https:\/\/flanca.si\/de\/wp-json\/wp\/v2\/media\/12858"}],"wp:attachment":[{"href":"https:\/\/flanca.si\/de\/wp-json\/wp\/v2\/media?parent=15522"}],"wp:term":[{"taxonomy":"product_brand","embeddable":true,"href":"https:\/\/flanca.si\/de\/wp-json\/wp\/v2\/product_brand?post=15522"},{"taxonomy":"product_cat","embeddable":true,"href":"https:\/\/flanca.si\/de\/wp-json\/wp\/v2\/product_cat?post=15522"},{"taxonomy":"product_tag","embeddable":true,"href":"https:\/\/flanca.si\/de\/wp-json\/wp\/v2\/product_tag?post=15522"}],"curies":[{"name":"wp","href":"https:\/\/api.w.org\/{rel}","templated":true}]}}