{"id":15518,"date":"2020-07-10T08:33:43","date_gmt":"2020-07-10T06:33:43","guid":{"rendered":"https:\/\/flanca.si\/izdelek\/neudorff-raptol-spray-500-ml\/"},"modified":"2020-07-10T08:33:43","modified_gmt":"2020-07-10T06:33:43","slug":"neudorff-raptol-spray-500-ml","status":"publish","type":"product","link":"https:\/\/flanca.si\/de\/produkt\/neudorff-raptol-spray-500-ml\/","title":{"rendered":"Neudorff, Raptol Spray 500 ml"},"content":{"rendered":"<p>Raptol Spray ist ein Insektizid und Akarizid mit Kontaktwirkungsweise. Geeignet f\u00fcr den nicht-professionellen Einsatz zur Bek\u00e4mpfung von Schadinsekten und Milben an G\u00e4rten, Zierpflanzen und Obstb\u00e4umen. Es wirkt gegen Blattl\u00e4use, Spinnmilben, Kapern, Wei\u00dfe Fliegen und andere saugende Insekten. Das Mittel kann sowohl im Innen- als auch im Au\u00dfenbereich verwendet werden. In den Dosen, die auf der Verpackung des Mittels vorgeschrieben sind. Das Mittel wird beim Auftreten von Sch\u00e4dlingen so verwendet, dass die Pflanze gut benetzt ist, wenn der Sch\u00e4dling auftritt. Es wird empfohlen, es abends oder in der k\u00fchleren Tagesh\u00e4lfte zu verwenden. <\/p>\n<p>&nbsp;<\/p>\n","protected":false},"excerpt":{"rendered":"<ul>\n<li>Ein nat\u00fcrliches Heilmittel<\/li>\n<li>Betrieb kontaktieren<\/li>\n<li>Insektizid und Akarizid<\/li>\n<li>gegen Blattl\u00e4use, Spinnmilben, Kapern, Wei\u00dfe Fliegen und andere saugende Insekten<\/li>\n<\/ul>\n<h4><strong>Verpackt in 500ml!<\/strong><\/h4>\n","protected":false},"featured_media":12880,"template":"","meta":{"site-sidebar-layout":"default","site-content-layout":"default","ast-site-content-layout":"default","site-content-style":"default","site-sidebar-style":"default","ast-global-header-display":"","ast-banner-title-visibility":"","ast-main-header-display":"","ast-hfb-above-header-display":"","ast-hfb-below-header-display":"","ast-hfb-mobile-header-display":"","site-post-title":"","ast-breadcrumbs-content":"","ast-featured-img":"","footer-sml-layout":"","ast-disable-related-posts":"","theme-transparent-header-meta":"default","adv-header-id-meta":"","stick-header-meta":"default","header-above-stick-meta":"","header-main-stick-meta":"","header-below-stick-meta":"","astra-migrate-meta-layouts":"default","ast-page-background-enabled":"default","ast-page-background-meta":{"desktop":{"background-color":"","background-image":"","background-repeat":"repeat","background-position":"center center","background-size":"auto","background-attachment":"scroll","background-type":"","background-media":"","overlay-type":"","overlay-color":"","overlay-opacity":"","overlay-gradient":""},"tablet":{"background-color":"","background-image":"","background-repeat":"repeat","background-position":"center center","background-size":"auto","background-attachment":"scroll","background-type":"","background-media":"","overlay-type":"","overlay-color":"","overlay-opacity":"","overlay-gradient":""},"mobile":{"background-color":"","background-image":"","background-repeat":"repeat","background-position":"center center","background-size":"auto","background-attachment":"scroll","background-type":"","background-media":"","overlay-type":"","overlay-color":"","overlay-opacity":"","overlay-gradient":""}},"ast-content-background-meta":{"desktop":{"background-color":"var(--ast-global-color-5)","background-image":"","background-repeat":"repeat","background-position":"center center","background-size":"auto","background-attachment":"scroll","background-type":"","background-media":"","overlay-type":"","overlay-color":"","overlay-opacity":"","overlay-gradient":""},"tablet":{"background-color":"var(--ast-global-color-5)","background-image":"","background-repeat":"repeat","background-position":"center center","background-size":"auto","background-attachment":"scroll","background-type":"","background-media":"","overlay-type":"","overlay-color":"","overlay-opacity":"","overlay-gradient":""},"mobile":{"background-color":"var(--ast-global-color-5)","background-image":"","background-repeat":"repeat","background-position":"center center","background-size":"auto","background-attachment":"scroll","background-type":"","background-media":"","overlay-type":"","overlay-color":"","overlay-opacity":"","overlay-gradient":""}}},"product_brand":[],"product_cat":[1491],"product_tag":[1514,1513,1512,1291,1515],"class_list":{"0":"post-15518","1":"product","2":"type-product","3":"status-publish","4":"has-post-thumbnail","6":"product_cat-naturlicher-pflanzenschutz","7":"product_tag-akarizid","8":"product_tag-insektizid","9":"product_tag-lause","10":"product_tag-naturlicher-schutz","11":"product_tag-saugende-insekten","12":"desktop-align-left","13":"tablet-align-left","14":"mobile-align-left","15":"ast-product-gallery-layout-horizontal","16":"ast-product-gallery-with-no-image","17":"ast-product-tabs-layout-horizontal","18":"ast-qv-on-image","20":"first","21":"outofstock","22":"taxable","23":"shipping-taxable","24":"purchasable","25":"product-type-simple"},"aioseo_notices":[],"_links":{"self":[{"href":"https:\/\/flanca.si\/de\/wp-json\/wp\/v2\/product\/15518","targetHints":{"allow":["GET"]}}],"collection":[{"href":"https:\/\/flanca.si\/de\/wp-json\/wp\/v2\/product"}],"about":[{"href":"https:\/\/flanca.si\/de\/wp-json\/wp\/v2\/types\/product"}],"wp:featuredmedia":[{"embeddable":true,"href":"https:\/\/flanca.si\/de\/wp-json\/wp\/v2\/media\/12880"}],"wp:attachment":[{"href":"https:\/\/flanca.si\/de\/wp-json\/wp\/v2\/media?parent=15518"}],"wp:term":[{"taxonomy":"product_brand","embeddable":true,"href":"https:\/\/flanca.si\/de\/wp-json\/wp\/v2\/product_brand?post=15518"},{"taxonomy":"product_cat","embeddable":true,"href":"https:\/\/flanca.si\/de\/wp-json\/wp\/v2\/product_cat?post=15518"},{"taxonomy":"product_tag","embeddable":true,"href":"https:\/\/flanca.si\/de\/wp-json\/wp\/v2\/product_tag?post=15518"}],"curies":[{"name":"wp","href":"https:\/\/api.w.org\/{rel}","templated":true}]}}